{"id":5258,"date":"2017-10-31T16:18:27","date_gmt":"2017-10-31T15:18:27","guid":{"rendered":"https:\/\/www.syneval.fr\/?page_id=5258"},"modified":"2023-11-24T01:21:11","modified_gmt":"2023-11-24T00:21:11","slug":"comment-contester-le-vote","status":"publish","type":"page","link":"https:\/\/preprod.syneval.com\/preprod\/comment-contester-le-vote\/","title":{"rendered":"Comment contester le vote ?"},"content":{"rendered":"\t\t<div data-elementor-type=\"wp-page\" data-elementor-id=\"5258\" class=\"elementor elementor-5258\">\n\t\t\t\t\t\t\t\t\t<section class=\"elementor-section elementor-top-section elementor-element elementor-element-744eac25 elementor-section-boxed elementor-section-height-default elementor-section-height-default\" data-id=\"744eac25\" data-element_type=\"section\">\n\t\t\t\t\t\t<div class=\"elementor-container elementor-column-gap-default\">\n\t\t\t\t\t<div class=\"elementor-column elementor-col-100 elementor-top-column elementor-element elementor-element-41d99280\" data-id=\"41d99280\" data-element_type=\"column\">\n\t\t\t<div class=\"elementor-widget-wrap elementor-element-populated\">\n\t\t\t\t\t\t\t\t<div class=\"elementor-element elementor-element-13019965 elementor-widget elementor-widget-text-editor\" data-id=\"13019965\" data-element_type=\"widget\" data-widget_type=\"text-editor.default\">\n\t\t\t\t<div class=\"elementor-widget-container\">\n\t\t\t<style>\/*! elementor - v3.18.0 - 20-12-2023 *\/\n.elementor-widget-text-editor.elementor-drop-cap-view-stacked .elementor-drop-cap{background-color:#69727d;color:#fff}.elementor-widget-text-editor.elementor-drop-cap-view-framed .elementor-drop-cap{color:#69727d;border:3px solid;background-color:transparent}.elementor-widget-text-editor:not(.elementor-drop-cap-view-default) .elementor-drop-cap{margin-top:8px}.elementor-widget-text-editor:not(.elementor-drop-cap-view-default) .elementor-drop-cap-letter{width:1em;height:1em}.elementor-widget-text-editor .elementor-drop-cap{float:left;text-align:center;line-height:1;font-size:50px}.elementor-widget-text-editor .elementor-drop-cap-letter{display:inline-block}<\/style>\t\t\t\t<p>Pour <a href=\"https:\/\/www.syneval.fr\/comment-changer-de-syndic\/\" target=\"_blank\" rel=\"noopener\"><b>changer de syndic<\/b><\/a>, il est n\u00e9cessaire de passer par un vote en AG. Le droit de contester les d\u00e9cisions prises en AG est r\u00e9serv\u00e9 aux copropri\u00e9taires s\u2019\u00e9tant oppos\u00e9s \u00e0 la majorit\u00e9 lors du vote d\u2019une r\u00e9solution et aux copropri\u00e9taires absents et non repr\u00e9sent\u00e9s. Un copropri\u00e9taire non convoqu\u00e9 dans les r\u00e8gles est \u00e9galement en droit de contester.<\/p><p>Ces contestations peuvent porter sur une r\u00e9solution unique mais \u00e9galement sur l\u2019int\u00e9gralit\u00e9 de l\u2019assembl\u00e9e g\u00e9n\u00e9rale. <b>Voici les motifs de contestation les plus communs :<\/b><\/p><ul><li>Mandat du syndic arriv\u00e9 \u00e0 \u00e9ch\u00e9ance avant l\u2019AG<\/li><li>R\u00e9solution non inscrite \u00e0 l\u2019ordre du jour<\/li><li>Irr\u00e9gularit\u00e9s dans les convocations<\/li><li>Erreurs sur les r\u00e8gles de majorit\u00e9.<\/li><\/ul><p>Le copropri\u00e9taire contestataire doit alors saisir le tribunal de grande instance dans les 2 mois suivants la r\u00e9ception du proc\u00e8s-verbal.<\/p>\t\t\t\t\t\t<\/div>\n\t\t\t\t<\/div>\n\t\t\t\t\t<\/div>\n\t\t<\/div>\n\t\t\t\t\t\t\t<\/div>\n\t\t<\/section>\n\t\t\t\t<section class=\"elementor-section elementor-top-section elementor-element elementor-element-a3ee143 elementor-section-boxed elementor-section-height-default elementor-section-height-default\" data-id=\"a3ee143\" data-element_type=\"section\">\n\t\t\t\t\t\t<div class=\"elementor-container elementor-column-gap-default\">\n\t\t\t\t\t<div class=\"elementor-column elementor-col-100 elementor-top-column elementor-element elementor-element-5da38b6f\" data-id=\"5da38b6f\" data-element_type=\"column\">\n\t\t\t<div class=\"elementor-widget-wrap elementor-element-populated\">\n\t\t\t\t\t\t\t\t<div class=\"elementor-element elementor-element-440248f0 elementor-widget elementor-widget-heading\" data-id=\"440248f0\" data-element_type=\"widget\" data-widget_type=\"heading.default\">\n\t\t\t\t<div class=\"elementor-widget-container\">\n\t\t\t<style>\/*! elementor - v3.18.0 - 20-12-2023 *\/\n.elementor-heading-title{padding:0;margin:0;line-height:1}.elementor-widget-heading .elementor-heading-title[class*=elementor-size-]>a{color:inherit;font-size:inherit;line-height:inherit}.elementor-widget-heading .elementor-heading-title.elementor-size-small{font-size:15px}.elementor-widget-heading .elementor-heading-title.elementor-size-medium{font-size:19px}.elementor-widget-heading .elementor-heading-title.elementor-size-large{font-size:29px}.elementor-widget-heading .elementor-heading-title.elementor-size-xl{font-size:39px}.elementor-widget-heading .elementor-heading-title.elementor-size-xxl{font-size:59px}<\/style><h2 class=\"elementor-heading-title elementor-size-default\">Ce qu'il faut retenir<\/h2>\t\t<\/div>\n\t\t\t\t<\/div>\n\t\t\t\t<div class=\"elementor-element elementor-element-12a20049 elementor-widget elementor-widget-text-editor\" data-id=\"12a20049\" data-element_type=\"widget\" data-widget_type=\"text-editor.default\">\n\t\t\t\t<div class=\"elementor-widget-container\">\n\t\t\t\t\t\t\t<ul><li>Le syndic sortant doit \u00e9tablir un bordereau r\u00e9capitulatif des archives transmises au syndic successeur.<\/li><li>Le conseil syndical doit v\u00e9rifier que l\u2019int\u00e9gralit\u00e9 des archives a \u00e9t\u00e9 transmise.<\/li><li>Une contestation d\u2019AG doit \u00eatre formul\u00e9e dans les 2 mois suivants la r\u00e9ception du proc\u00e8s-verbal.<\/li><\/ul><p>Pour comprendre comment <b><a href=\"https:\/\/www.syneval.fr\/comment-changer-de-syndic\" target=\"_blank\" rel=\"noopener\">changer de syndic<\/a><\/b>, vous pouvez aussi consulter les pages suivantes\u00a0:<\/p><ul><li><a href=\"https:\/\/www.syneval.fr\/comment-se-deroule-la-passation-de-mandat\" target=\"_blank\" rel=\"noopener\">Comment se d\u00e9roule la passation de mandat ?<\/a><\/li><li><a href=\"https:\/\/www.syneval.fr\/que-faire-si-des-archives-sont-manquantes\" target=\"_blank\" rel=\"noopener\">Que faire si des archives sont manquantes ?<\/a><\/li><\/ul>\t\t\t\t\t\t<\/div>\n\t\t\t\t<\/div>\n\t\t\t\t\t<\/div>\n\t\t<\/div>\n\t\t\t\t\t\t\t<\/div>\n\t\t<\/section>\n\t\t\t\t\t\t\t<\/div>\n\t\t","protected":false},"excerpt":{"rendered":"<p>Pour changer de syndic, il est n\u00e9cessaire de passer par un vote en AG. Le droit de contester les d\u00e9cisions prises en AG est r\u00e9serv\u00e9 aux copropri\u00e9taires s\u2019\u00e9tant oppos\u00e9s \u00e0 la majorit\u00e9 lors du vote d\u2019une r\u00e9solution et aux copropri\u00e9taires absents et non repr\u00e9sent\u00e9s. Un copropri\u00e9taire non convoqu\u00e9 dans les r\u00e8gles est \u00e9galement en droit &hellip; <\/p>\n<p class=\"link-more\"><a href=\"https:\/\/preprod.syneval.com\/preprod\/comment-contester-le-vote\/\" class=\"more-link\">Lire la suite de<span class=\"screen-reader-text\">\u00ab\u00a0Comment contester le vote ?\u00a0\u00bb<\/span><\/a><\/p>\n","protected":false},"author":2,"featured_media":0,"parent":0,"menu_order":0,"comment_status":"closed","ping_status":"closed","template":"","meta":{"footnotes":""},"class_list":["post-5258","page","type-page","status-publish","hentry"],"_links":{"self":[{"href":"https:\/\/preprod.syneval.com\/preprod\/wp-json\/wp\/v2\/pages\/5258","targetHints":{"allow":["GET"]}}],"collection":[{"href":"https:\/\/preprod.syneval.com\/preprod\/wp-json\/wp\/v2\/pages"}],"about":[{"href":"https:\/\/preprod.syneval.com\/preprod\/wp-json\/wp\/v2\/types\/page"}],"author":[{"embeddable":true,"href":"https:\/\/preprod.syneval.com\/preprod\/wp-json\/wp\/v2\/users\/2"}],"replies":[{"embeddable":true,"href":"https:\/\/preprod.syneval.com\/preprod\/wp-json\/wp\/v2\/comments?post=5258"}],"version-history":[{"count":11,"href":"https:\/\/preprod.syneval.com\/preprod\/wp-json\/wp\/v2\/pages\/5258\/revisions"}],"predecessor-version":[{"id":14359,"href":"https:\/\/preprod.syneval.com\/preprod\/wp-json\/wp\/v2\/pages\/5258\/revisions\/14359"}],"wp:attachment":[{"href":"https:\/\/preprod.syneval.com\/preprod\/wp-json\/wp\/v2\/media?parent=5258"}],"curies":[{"name":"wp","href":"https:\/\/api.w.org\/{rel}","templated":true}]}}