{"id":5253,"date":"2017-10-31T18:30:43","date_gmt":"2017-10-31T17:30:43","guid":{"rendered":"https:\/\/www.syneval.fr\/?page_id=5253"},"modified":"2023-11-24T01:33:56","modified_gmt":"2023-11-24T00:33:56","slug":"que-faire-si-des-archives-sont-manquantes","status":"publish","type":"page","link":"https:\/\/preprod.syneval.com\/preprod\/que-faire-si-des-archives-sont-manquantes\/","title":{"rendered":"Que faire si des archives sont manquantes ?"},"content":{"rendered":"\t\t<div data-elementor-type=\"wp-page\" data-elementor-id=\"5253\" class=\"elementor elementor-5253\">\n\t\t\t\t\t\t\t\t\t<section class=\"elementor-section elementor-top-section elementor-element elementor-element-215b5c16 elementor-section-boxed elementor-section-height-default elementor-section-height-default\" data-id=\"215b5c16\" data-element_type=\"section\">\n\t\t\t\t\t\t<div class=\"elementor-container elementor-column-gap-default\">\n\t\t\t\t\t<div class=\"elementor-column elementor-col-100 elementor-top-column elementor-element elementor-element-3e083523\" data-id=\"3e083523\" data-element_type=\"column\">\n\t\t\t<div class=\"elementor-widget-wrap elementor-element-populated\">\n\t\t\t\t\t\t\t\t<div class=\"elementor-element elementor-element-6fbd639d elementor-widget elementor-widget-text-editor\" data-id=\"6fbd639d\" data-element_type=\"widget\" data-widget_type=\"text-editor.default\">\n\t\t\t\t<div class=\"elementor-widget-container\">\n\t\t\t<style>\/*! elementor - v3.18.0 - 20-12-2023 *\/\n.elementor-widget-text-editor.elementor-drop-cap-view-stacked .elementor-drop-cap{background-color:#69727d;color:#fff}.elementor-widget-text-editor.elementor-drop-cap-view-framed .elementor-drop-cap{color:#69727d;border:3px solid;background-color:transparent}.elementor-widget-text-editor:not(.elementor-drop-cap-view-default) .elementor-drop-cap{margin-top:8px}.elementor-widget-text-editor:not(.elementor-drop-cap-view-default) .elementor-drop-cap-letter{width:1em;height:1em}.elementor-widget-text-editor .elementor-drop-cap{float:left;text-align:center;line-height:1;font-size:50px}.elementor-widget-text-editor .elementor-drop-cap-letter{display:inline-block}<\/style>\t\t\t\t<p>Pour<b> <a href=\"https:\/\/www.syneval.fr\/comment-changer-de-syndic\/\" target=\"_blank\" rel=\"noopener\">changer de syndic<\/a><\/b> dans de bonnes conditions, le syndic sortant a l\u2019obligation de r\u00e9aliser un bordereau r\u00e9capitulatif des archives transmises \u00e0 son successeur. Ce bordereau doit \u00eatre transmis au conseil syndical par le syndic nouvellement \u00e9lu. Ce dernier ne connaissant pas encore la copropri\u00e9t\u00e9, il ne peut pas juger de l\u2019exhaustivit\u00e9 de cette liste, il est donc important que le conseil syndical s\u2019assure que l\u2019int\u00e9gralit\u00e9 des archives a bien \u00e9t\u00e9 transmise.<\/p><p>Si une partie des archives est manquante, le syndic ou le pr\u00e9sident du conseil syndical peut contraindre l\u2019ancien syndic \u00e0 les communiquer par l\u2019envoi d\u2019une lettre RAR. Sans r\u00e9ponse de ce dernier, le syndic nouvellement \u00e9lu ou le pr\u00e9sident du conseil syndical peut alors engager une proc\u00e9dure comme en mati\u00e8re de r\u00e9f\u00e9r\u00e9, a n d\u2019ordonner la remise des archives et \u00e9ventuellement des fonds de la copropri\u00e9t\u00e9 sous astreinte, nonobstant toute demande de dommages et int\u00e9r\u00eats.<\/p><p>Pour comprendre comment <b><a href=\"https:\/\/www.syneval.fr\/comment-changer-de-syndic\" target=\"_blank\" rel=\"noopener\">changer de syndic<\/a><\/b>, vous pouvez aussi consulter les pages suivantes\u00a0:<\/p><ul><li><a href=\"https:\/\/www.syneval.fr\/comment-se-deroule-la-passation-de-mandat\" target=\"_blank\" rel=\"noopener\">Comment se d\u00e9roule la passation de mandat ?<\/a><\/li><li><a href=\"https:\/\/www.syneval.fr\/que-faire-si-des-archives-sont-manquantes\" target=\"_blank\" rel=\"noopener\">Que faire si des archives sont manquantes ?<\/a><\/li><li><a href=\"https:\/\/www.syneval.fr\/comment-contester-le-vote\" target=\"_blank\" rel=\"noopener\">Comment contester le vote ?<\/a><\/li><\/ul>\t\t\t\t\t\t<\/div>\n\t\t\t\t<\/div>\n\t\t\t\t\t<\/div>\n\t\t<\/div>\n\t\t\t\t\t\t\t<\/div>\n\t\t<\/section>\n\t\t\t\t\t\t\t<\/div>\n\t\t","protected":false},"excerpt":{"rendered":"<p>Pour changer de syndic dans de bonnes conditions, le syndic sortant a l\u2019obligation de r\u00e9aliser un bordereau r\u00e9capitulatif des archives transmises \u00e0 son successeur. Ce bordereau doit \u00eatre transmis au conseil syndical par le syndic nouvellement \u00e9lu. Ce dernier ne connaissant pas encore la copropri\u00e9t\u00e9, il ne peut pas juger de l\u2019exhaustivit\u00e9 de cette liste, &hellip; <\/p>\n<p class=\"link-more\"><a href=\"https:\/\/preprod.syneval.com\/preprod\/que-faire-si-des-archives-sont-manquantes\/\" class=\"more-link\">Lire la suite de<span class=\"screen-reader-text\">\u00ab\u00a0Que faire si des archives sont manquantes ?\u00a0\u00bb<\/span><\/a><\/p>\n","protected":false},"author":2,"featured_media":0,"parent":0,"menu_order":0,"comment_status":"closed","ping_status":"closed","template":"","meta":{"footnotes":""},"class_list":["post-5253","page","type-page","status-publish","hentry"],"_links":{"self":[{"href":"https:\/\/preprod.syneval.com\/preprod\/wp-json\/wp\/v2\/pages\/5253","targetHints":{"allow":["GET"]}}],"collection":[{"href":"https:\/\/preprod.syneval.com\/preprod\/wp-json\/wp\/v2\/pages"}],"about":[{"href":"https:\/\/preprod.syneval.com\/preprod\/wp-json\/wp\/v2\/types\/page"}],"author":[{"embeddable":true,"href":"https:\/\/preprod.syneval.com\/preprod\/wp-json\/wp\/v2\/users\/2"}],"replies":[{"embeddable":true,"href":"https:\/\/preprod.syneval.com\/preprod\/wp-json\/wp\/v2\/comments?post=5253"}],"version-history":[{"count":10,"href":"https:\/\/preprod.syneval.com\/preprod\/wp-json\/wp\/v2\/pages\/5253\/revisions"}],"predecessor-version":[{"id":14416,"href":"https:\/\/preprod.syneval.com\/preprod\/wp-json\/wp\/v2\/pages\/5253\/revisions\/14416"}],"wp:attachment":[{"href":"https:\/\/preprod.syneval.com\/preprod\/wp-json\/wp\/v2\/media?parent=5253"}],"curies":[{"name":"wp","href":"https:\/\/api.w.org\/{rel}","templated":true}]}}