{"id":5248,"date":"2017-10-31T17:38:52","date_gmt":"2017-10-31T16:38:52","guid":{"rendered":"https:\/\/www.syneval.fr\/?page_id=5248"},"modified":"2023-11-24T01:24:24","modified_gmt":"2023-11-24T00:24:24","slug":"comment-se-deroule-la-passation-de-mandat","status":"publish","type":"page","link":"https:\/\/preprod.syneval.com\/preprod\/comment-se-deroule-la-passation-de-mandat\/","title":{"rendered":"Comment se d\u00e9roule la passation de mandat ?"},"content":{"rendered":"\t\t<div data-elementor-type=\"wp-page\" data-elementor-id=\"5248\" class=\"elementor elementor-5248\">\n\t\t\t\t\t\t\t\t\t<section class=\"elementor-section elementor-top-section elementor-element elementor-element-68f95bf elementor-section-boxed elementor-section-height-default elementor-section-height-default\" data-id=\"68f95bf\" data-element_type=\"section\">\n\t\t\t\t\t\t<div class=\"elementor-container elementor-column-gap-default\">\n\t\t\t\t\t<div class=\"elementor-column elementor-col-100 elementor-top-column elementor-element elementor-element-14010c8d\" data-id=\"14010c8d\" data-element_type=\"column\">\n\t\t\t<div class=\"elementor-widget-wrap elementor-element-populated\">\n\t\t\t\t\t\t\t\t<div class=\"elementor-element elementor-element-50f9682e elementor-widget elementor-widget-text-editor\" data-id=\"50f9682e\" data-element_type=\"widget\" data-widget_type=\"text-editor.default\">\n\t\t\t\t<div class=\"elementor-widget-container\">\n\t\t\t<style>\/*! elementor - v3.18.0 - 20-12-2023 *\/\n.elementor-widget-text-editor.elementor-drop-cap-view-stacked .elementor-drop-cap{background-color:#69727d;color:#fff}.elementor-widget-text-editor.elementor-drop-cap-view-framed .elementor-drop-cap{color:#69727d;border:3px solid;background-color:transparent}.elementor-widget-text-editor:not(.elementor-drop-cap-view-default) .elementor-drop-cap{margin-top:8px}.elementor-widget-text-editor:not(.elementor-drop-cap-view-default) .elementor-drop-cap-letter{width:1em;height:1em}.elementor-widget-text-editor .elementor-drop-cap{float:left;text-align:center;line-height:1;font-size:50px}.elementor-widget-text-editor .elementor-drop-cap-letter{display:inline-block}<\/style>\t\t\t\t<p>Pour <b><a href=\"https:\/\/www.syneval.fr\/comment-changer-de-syndic\/\" target=\"_blank\" rel=\"noopener\">changer de syndic<\/a><\/b>, l\u2019ancien syndic est tenu de remettre \u00e0 son successeur, dans le d\u00e9lai d\u2019un mois \u00e0 compter de la n de son mandat : la situation de tr\u00e9sorerie, la totalit\u00e9 des fonds imm\u00e9diatement disponibles et l\u2019ensemble des documents et archives du syndicat.<br \/>Dans les 2 mois suivants l\u2019expiration de ce d\u00e9lai, l\u2019ancien syndic doit alors verser au nouveau syndic le solde des fonds disponibles apr\u00e8s apurement des comptes (v\u00e9rification d\u00e9finitive) et lui fournir l\u2019\u00e9tat des comptes de chaque copropri\u00e9taire et de l\u2019ensemble de la copropri\u00e9t\u00e9.<\/p>\n<p>\u00a0<\/p>\n<p><!-- wp:paragraph --><\/p>\n<p><!-- \/wp:paragraph --><\/p>\t\t\t\t\t\t<\/div>\n\t\t\t\t<\/div>\n\t\t\t\t\t<\/div>\n\t\t<\/div>\n\t\t\t\t\t\t\t<\/div>\n\t\t<\/section>\n\t\t\t\t<section class=\"elementor-section elementor-top-section elementor-element elementor-element-589100ec elementor-section-full_width elementor-section-stretched elementor-section-height-default elementor-section-height-default\" data-id=\"589100ec\" data-element_type=\"section\" data-settings=\"{&quot;stretch_section&quot;:&quot;section-stretched&quot;,&quot;background_background&quot;:&quot;classic&quot;}\">\n\t\t\t\t\t\t<div class=\"elementor-container elementor-column-gap-default\">\n\t\t\t\t\t<div class=\"elementor-column elementor-col-100 elementor-top-column elementor-element elementor-element-365cc945\" data-id=\"365cc945\" data-element_type=\"column\">\n\t\t\t<div class=\"elementor-widget-wrap elementor-element-populated\">\n\t\t\t\t\t\t\t\t<div class=\"elementor-element elementor-element-60add276 elementor-widget elementor-widget-heading\" data-id=\"60add276\" data-element_type=\"widget\" data-widget_type=\"heading.default\">\n\t\t\t\t<div class=\"elementor-widget-container\">\n\t\t\t<style>\/*! elementor - v3.18.0 - 20-12-2023 *\/\n.elementor-heading-title{padding:0;margin:0;line-height:1}.elementor-widget-heading .elementor-heading-title[class*=elementor-size-]>a{color:inherit;font-size:inherit;line-height:inherit}.elementor-widget-heading .elementor-heading-title.elementor-size-small{font-size:15px}.elementor-widget-heading .elementor-heading-title.elementor-size-medium{font-size:19px}.elementor-widget-heading .elementor-heading-title.elementor-size-large{font-size:29px}.elementor-widget-heading .elementor-heading-title.elementor-size-xl{font-size:39px}.elementor-widget-heading .elementor-heading-title.elementor-size-xxl{font-size:59px}<\/style><h2 class=\"elementor-heading-title elementor-size-default\">Le  + de Syneval<\/h2>\t\t<\/div>\n\t\t\t\t<\/div>\n\t\t\t\t<div class=\"elementor-element elementor-element-2af8c6f2 elementor-widget elementor-widget-text-editor\" data-id=\"2af8c6f2\" data-element_type=\"widget\" data-widget_type=\"text-editor.default\">\n\t\t\t\t<div class=\"elementor-widget-container\">\n\t\t\t\t\t\t\t<p>L\u2019assistance de Syneval se poursuit \u00e0 l\u2019issue de l\u2019assembl\u00e9e g\u00e9n\u00e9rale par l\u2019envoi r\u00e9gulier d\u2019un questionnaire de satisfaction au pr\u00e9sident du conseil syndical a n de s\u2019assurer de la qualit\u00e9 de la gestion mise en place par le syndic retenu.<\/p>\n<p>En cas de manquement du syndic \u00e0 ses obligations, Syneval s\u2019engage \u00e0 r\u00e9aliser un nouvel appel d\u2019offres sans surco\u00fbt pour la copropri\u00e9t\u00e9. Cette garantie est valable 5 ans.<\/p>\n<p>Pour comprendre comment <b><a href=\"https:\/\/www.syneval.fr\/comment-changer-de-syndic\" target=\"_blank\" rel=\"noopener\">changer de syndic,<\/a><\/b> vous pouvez aussi consulter les pages suivantes\u00a0:<\/p>\n<ul>\n<li><a href=\"https:\/\/www.syneval.fr\/que-faire-si-des-archives-sont-manquantes\" target=\"_blank\" rel=\"noopener\">Que faire si des archives sont manquantes ?<\/a><\/li>\n<li><a href=\"https:\/\/www.syneval.fr\/comment-contester-le-vote\" target=\"_blank\" rel=\"noopener\">Comment contester le vote ?<\/a><\/li>\n<\/ul>\t\t\t\t\t\t<\/div>\n\t\t\t\t<\/div>\n\t\t\t\t\t<\/div>\n\t\t<\/div>\n\t\t\t\t\t\t\t<\/div>\n\t\t<\/section>\n\t\t\t\t\t\t\t<\/div>\n\t\t","protected":false},"excerpt":{"rendered":"<p>Pour changer de syndic, l\u2019ancien syndic est tenu de remettre \u00e0 son successeur, dans le d\u00e9lai d\u2019un mois \u00e0 compter de la n de son mandat : la situation de tr\u00e9sorerie, la totalit\u00e9 des fonds imm\u00e9diatement disponibles et l\u2019ensemble des documents et archives du syndicat.Dans les 2 mois suivants l\u2019expiration de ce d\u00e9lai, l\u2019ancien syndic &hellip; <\/p>\n<p class=\"link-more\"><a href=\"https:\/\/preprod.syneval.com\/preprod\/comment-se-deroule-la-passation-de-mandat\/\" class=\"more-link\">Lire la suite de<span class=\"screen-reader-text\">\u00ab\u00a0Comment se d\u00e9roule la passation de mandat ?\u00a0\u00bb<\/span><\/a><\/p>\n","protected":false},"author":2,"featured_media":0,"parent":0,"menu_order":0,"comment_status":"closed","ping_status":"closed","template":"","meta":{"footnotes":""},"class_list":["post-5248","page","type-page","status-publish","hentry"],"_links":{"self":[{"href":"https:\/\/preprod.syneval.com\/preprod\/wp-json\/wp\/v2\/pages\/5248","targetHints":{"allow":["GET"]}}],"collection":[{"href":"https:\/\/preprod.syneval.com\/preprod\/wp-json\/wp\/v2\/pages"}],"about":[{"href":"https:\/\/preprod.syneval.com\/preprod\/wp-json\/wp\/v2\/types\/page"}],"author":[{"embeddable":true,"href":"https:\/\/preprod.syneval.com\/preprod\/wp-json\/wp\/v2\/users\/2"}],"replies":[{"embeddable":true,"href":"https:\/\/preprod.syneval.com\/preprod\/wp-json\/wp\/v2\/comments?post=5248"}],"version-history":[{"count":11,"href":"https:\/\/preprod.syneval.com\/preprod\/wp-json\/wp\/v2\/pages\/5248\/revisions"}],"predecessor-version":[{"id":14368,"href":"https:\/\/preprod.syneval.com\/preprod\/wp-json\/wp\/v2\/pages\/5248\/revisions\/14368"}],"wp:attachment":[{"href":"https:\/\/preprod.syneval.com\/preprod\/wp-json\/wp\/v2\/media?parent=5248"}],"curies":[{"name":"wp","href":"https:\/\/api.w.org\/{rel}","templated":true}]}}