{"id":5243,"date":"2017-11-06T18:39:21","date_gmt":"2017-11-06T17:39:21","guid":{"rendered":"https:\/\/www.syneval.fr\/?page_id=5243"},"modified":"2023-11-23T22:35:54","modified_gmt":"2023-11-23T21:35:54","slug":"qui-redige-le-proces-verbal","status":"publish","type":"page","link":"https:\/\/preprod.syneval.com\/preprod\/qui-redige-le-proces-verbal\/","title":{"rendered":"Qui r\u00e9dige le proc\u00e8s-verbal ?"},"content":{"rendered":"\t\t<div data-elementor-type=\"wp-page\" data-elementor-id=\"5243\" class=\"elementor elementor-5243\">\n\t\t\t\t\t\t\t\t\t<section class=\"elementor-section elementor-top-section elementor-element elementor-element-23b88d25 elementor-section-boxed elementor-section-height-default elementor-section-height-default\" data-id=\"23b88d25\" data-element_type=\"section\">\n\t\t\t\t\t\t<div class=\"elementor-container elementor-column-gap-default\">\n\t\t\t\t\t<div class=\"elementor-column elementor-col-100 elementor-top-column elementor-element elementor-element-37094e2d\" data-id=\"37094e2d\" data-element_type=\"column\">\n\t\t\t<div class=\"elementor-widget-wrap elementor-element-populated\">\n\t\t\t\t\t\t\t\t<div class=\"elementor-element elementor-element-17a20f0a elementor-widget elementor-widget-text-editor\" data-id=\"17a20f0a\" data-element_type=\"widget\" data-widget_type=\"text-editor.default\">\n\t\t\t\t<div class=\"elementor-widget-container\">\n\t\t\t<style>\/*! elementor - v3.18.0 - 20-12-2023 *\/\n.elementor-widget-text-editor.elementor-drop-cap-view-stacked .elementor-drop-cap{background-color:#69727d;color:#fff}.elementor-widget-text-editor.elementor-drop-cap-view-framed .elementor-drop-cap{color:#69727d;border:3px solid;background-color:transparent}.elementor-widget-text-editor:not(.elementor-drop-cap-view-default) .elementor-drop-cap{margin-top:8px}.elementor-widget-text-editor:not(.elementor-drop-cap-view-default) .elementor-drop-cap-letter{width:1em;height:1em}.elementor-widget-text-editor .elementor-drop-cap{float:left;text-align:center;line-height:1;font-size:50px}.elementor-widget-text-editor .elementor-drop-cap-letter{display:inline-block}<\/style>\t\t\t\t<p>Une fois le syndic \u00e9lu, ce dernier poursuit la tenue de l\u2019assembl\u00e9e g\u00e9n\u00e9rale en suivant l\u2019ordre du jour. Au terme de la s\u00e9ance, le proc\u00e8s-verbal doit \u00eatre \u00e9tabli par le secr\u00e9taire et sign\u00e9 par le bureau. Dans le cas o\u00f9 le secr\u00e9taire est un des copropri\u00e9taires, il pourra se faire aider par le nouveau syndic pour la r\u00e9daction du proc\u00e8s-verbal.<br \/>Le PV devra \u00eatre notifi\u00e9 \u00e0 tous les copropri\u00e9taires dans les 2 mois suivant l\u2019AG. Cet envoi devra se faire obligatoirement par lettre RAR aux copropri\u00e9taires absents ou aux opposants \u00e0 au moins une d\u00e9cision.<\/p>\t\t\t\t\t\t<\/div>\n\t\t\t\t<\/div>\n\t\t\t\t\t<\/div>\n\t\t<\/div>\n\t\t\t\t\t\t\t<\/div>\n\t\t<\/section>\n\t\t\t\t<section class=\"elementor-section elementor-top-section elementor-element elementor-element-69720eb3 elementor-section-boxed elementor-section-height-default elementor-section-height-default\" data-id=\"69720eb3\" data-element_type=\"section\">\n\t\t\t\t\t\t<div class=\"elementor-container elementor-column-gap-default\">\n\t\t\t\t\t<div class=\"elementor-column elementor-col-100 elementor-top-column elementor-element elementor-element-2c76e5f2\" data-id=\"2c76e5f2\" data-element_type=\"column\">\n\t\t\t<div class=\"elementor-widget-wrap elementor-element-populated\">\n\t\t\t\t\t\t\t\t<div class=\"elementor-element elementor-element-b5f3272 elementor-widget elementor-widget-heading\" data-id=\"b5f3272\" data-element_type=\"widget\" data-widget_type=\"heading.default\">\n\t\t\t\t<div class=\"elementor-widget-container\">\n\t\t\t<style>\/*! elementor - v3.18.0 - 20-12-2023 *\/\n.elementor-heading-title{padding:0;margin:0;line-height:1}.elementor-widget-heading .elementor-heading-title[class*=elementor-size-]>a{color:inherit;font-size:inherit;line-height:inherit}.elementor-widget-heading .elementor-heading-title.elementor-size-small{font-size:15px}.elementor-widget-heading .elementor-heading-title.elementor-size-medium{font-size:19px}.elementor-widget-heading .elementor-heading-title.elementor-size-large{font-size:29px}.elementor-widget-heading .elementor-heading-title.elementor-size-xl{font-size:39px}.elementor-widget-heading .elementor-heading-title.elementor-size-xxl{font-size:59px}<\/style><h2 class=\"elementor-heading-title elementor-size-default\">Ce qu'il faut retenir<\/h2>\t\t<\/div>\n\t\t\t\t<\/div>\n\t\t\t\t<div class=\"elementor-element elementor-element-78d8b0d9 elementor-widget elementor-widget-text-editor\" data-id=\"78d8b0d9\" data-element_type=\"widget\" data-widget_type=\"text-editor.default\">\n\t\t\t\t<div class=\"elementor-widget-container\">\n\t\t\t\t\t\t\t<ul><li>Le syndic doit r\u00e9unir plus de 50% des tanti\u00e8mes en sa faveur.<\/li><li>Le nouveau syndic r\u00e9dige le proc\u00e8s-verbal.<\/li><li>Le proc\u00e8s-verbal doit \u00eatre notifi\u00e9 dans les 2 mois suivant l\u2019AG<\/li><\/ul><p>Pour comprendre comment <b><a href=\"https:\/\/www.syneval.fr\/comment-changer-de-syndic\/\" target=\"_blank\" rel=\"noopener\">changer de syndic<\/a><\/b>, vous pouvez aussi consulter les pages suivantes\u00a0:<\/p><ul><li><a href=\"https:\/\/www.syneval.fr\/doit-on-controler-les-comptes-avant-lassemblee\" target=\"_blank\" rel=\"noopener\">Doit-on contr\u00f4ler les pouvoirs en d\u00e9but d\u2019assembl\u00e9e ?<\/a><\/li><li><a href=\"https:\/\/www.syneval.fr\/quel-est-le-role-du-bureau-lors-de-lassemblee-generale\" target=\"_blank\" rel=\"noopener\">Quel est le r\u00f4le du bureau de l\u2019AG ?<\/a><\/li><li><a href=\"https:\/\/www.syneval.fr\/doit-on-obligatoirement-donner-quitus-au-syndic-syneval-n1-des-courtiers-en-syndic-repond-a-vos-questions-sur-le-changement-de-syndic\" target=\"_blank\" rel=\"noopener\">Doit-on obligatoirement donner quitus au syndic\u00a0?<\/a><\/li><li><a href=\"https:\/\/www.syneval.fr\/le-bureau-doit-il-soutenir-la-demarche\" target=\"_blank\" rel=\"noopener\">Le bureau doit-il soutenir la d\u00e9marche ?<\/a><\/li><li><a href=\"https:\/\/www.syneval.fr\/quelles-sont-les-regles-de-vote-en-assemblee\" target=\"_blank\" rel=\"noopener\">Quelles sont les r\u00e8gles de vote en Assembl\u00e9e ?<\/a><\/li><\/ul><p>\u00a0<\/p>\t\t\t\t\t\t<\/div>\n\t\t\t\t<\/div>\n\t\t\t\t\t<\/div>\n\t\t<\/div>\n\t\t\t\t\t\t\t<\/div>\n\t\t<\/section>\n\t\t\t\t\t\t\t<\/div>\n\t\t","protected":false},"excerpt":{"rendered":"<p>Une fois le syndic \u00e9lu, ce dernier poursuit la tenue de l\u2019assembl\u00e9e g\u00e9n\u00e9rale en suivant l\u2019ordre du jour. Au terme de la s\u00e9ance, le proc\u00e8s-verbal doit \u00eatre \u00e9tabli par le secr\u00e9taire et sign\u00e9 par le bureau. Dans le cas o\u00f9 le secr\u00e9taire est un des copropri\u00e9taires, il pourra se faire aider par le nouveau syndic &hellip; <\/p>\n<p class=\"link-more\"><a href=\"https:\/\/preprod.syneval.com\/preprod\/qui-redige-le-proces-verbal\/\" class=\"more-link\">Lire la suite de<span class=\"screen-reader-text\">\u00ab\u00a0Qui r\u00e9dige le proc\u00e8s-verbal ?\u00a0\u00bb<\/span><\/a><\/p>\n","protected":false},"author":2,"featured_media":0,"parent":0,"menu_order":0,"comment_status":"closed","ping_status":"closed","template":"","meta":{"footnotes":""},"class_list":["post-5243","page","type-page","status-publish","hentry"],"_links":{"self":[{"href":"https:\/\/preprod.syneval.com\/preprod\/wp-json\/wp\/v2\/pages\/5243","targetHints":{"allow":["GET"]}}],"collection":[{"href":"https:\/\/preprod.syneval.com\/preprod\/wp-json\/wp\/v2\/pages"}],"about":[{"href":"https:\/\/preprod.syneval.com\/preprod\/wp-json\/wp\/v2\/types\/page"}],"author":[{"embeddable":true,"href":"https:\/\/preprod.syneval.com\/preprod\/wp-json\/wp\/v2\/users\/2"}],"replies":[{"embeddable":true,"href":"https:\/\/preprod.syneval.com\/preprod\/wp-json\/wp\/v2\/comments?post=5243"}],"version-history":[{"count":8,"href":"https:\/\/preprod.syneval.com\/preprod\/wp-json\/wp\/v2\/pages\/5243\/revisions"}],"predecessor-version":[{"id":14111,"href":"https:\/\/preprod.syneval.com\/preprod\/wp-json\/wp\/v2\/pages\/5243\/revisions\/14111"}],"wp:attachment":[{"href":"https:\/\/preprod.syneval.com\/preprod\/wp-json\/wp\/v2\/media?parent=5243"}],"curies":[{"name":"wp","href":"https:\/\/api.w.org\/{rel}","templated":true}]}}