{"id":5227,"date":"2017-10-31T18:13:43","date_gmt":"2017-10-31T17:13:43","guid":{"rendered":"https:\/\/www.syneval.fr\/?page_id=5227"},"modified":"2023-11-24T01:27:14","modified_gmt":"2023-11-24T00:27:14","slug":"le-bureau-doit-il-soutenir-la-demarche","status":"publish","type":"page","link":"https:\/\/preprod.syneval.com\/preprod\/le-bureau-doit-il-soutenir-la-demarche\/","title":{"rendered":"Le bureau doit-il soutenir la d\u00e9marche\u00a0?"},"content":{"rendered":"\t\t<div data-elementor-type=\"wp-page\" data-elementor-id=\"5227\" class=\"elementor elementor-5227\">\n\t\t\t\t\t\t\t\t\t<section class=\"elementor-section elementor-top-section elementor-element elementor-element-5aa7a4e9 elementor-section-boxed elementor-section-height-default elementor-section-height-default\" data-id=\"5aa7a4e9\" data-element_type=\"section\">\n\t\t\t\t\t\t<div class=\"elementor-container elementor-column-gap-default\">\n\t\t\t\t\t<div class=\"elementor-column elementor-col-100 elementor-top-column elementor-element elementor-element-57be6500\" data-id=\"57be6500\" data-element_type=\"column\">\n\t\t\t<div class=\"elementor-widget-wrap elementor-element-populated\">\n\t\t\t\t\t\t\t\t<div class=\"elementor-element elementor-element-1e4f4ad9 elementor-widget elementor-widget-text-editor\" data-id=\"1e4f4ad9\" data-element_type=\"widget\" data-widget_type=\"text-editor.default\">\n\t\t\t\t<div class=\"elementor-widget-container\">\n\t\t\t<style>\/*! elementor - v3.18.0 - 20-12-2023 *\/\n.elementor-widget-text-editor.elementor-drop-cap-view-stacked .elementor-drop-cap{background-color:#69727d;color:#fff}.elementor-widget-text-editor.elementor-drop-cap-view-framed .elementor-drop-cap{color:#69727d;border:3px solid;background-color:transparent}.elementor-widget-text-editor:not(.elementor-drop-cap-view-default) .elementor-drop-cap{margin-top:8px}.elementor-widget-text-editor:not(.elementor-drop-cap-view-default) .elementor-drop-cap-letter{width:1em;height:1em}.elementor-widget-text-editor .elementor-drop-cap{float:left;text-align:center;line-height:1;font-size:50px}.elementor-widget-text-editor .elementor-drop-cap-letter{display:inline-block}<\/style>\t\t\t\t<p>Le bureau joue un r\u00f4le central dans la tenue de l\u2019AG, il est donc important que ses membres, surtout le pr\u00e9sident de s\u00e9ance, soutiennent la d\u00e9marche. En effet, le pr\u00e9sident peut notamment demander au syndic en place de quitter la salle lors du vote concernant la d\u00e9signation du syndic ou demander au syndic candidat de se pr\u00e9senter devant les copropri\u00e9taires avant le vote.<\/p><p>La feuille de pr\u00e9sence et les pouvoirs enregistr\u00e9s sont plac\u00e9s sous l\u2019autorit\u00e9 du bureau. Cela permet d\u2019\u00e9viter que le syndic d\u00e9mis de ses fonctions ne quitte l\u2019assembl\u00e9e en emportant avec lui les pi\u00e8ces n\u00e9cessaires \u00e0 la bonne poursuite de l\u2019assembl\u00e9e g\u00e9n\u00e9rale.<br \/>Il est \u00e9galement recommand\u00e9 qu\u2019un copropri\u00e9taire assure le secr\u00e9tariat en d\u00e9but de s\u00e9ance lorsque le conseil syndical a un doute sur la coop\u00e9ration pleine et enti\u00e8re du syndic en place. Cela permettra d\u2019assurer la s\u00e9curit\u00e9 de la retranscription des d\u00e9bats.<\/p><p><span style=\"text-decoration: underline;\"><strong>A retenir<\/strong><\/span><\/p><ul><li>Le bureau doit imp\u00e9rativement conserver la feuille de pr\u00e9sence et les pouvoirs enregistr\u00e9s.<\/li><li>La copropri\u00e9t\u00e9 n\u2019a pas l\u2019obligation de donner quitus au syndic.<\/li><li>Le bureau doit soutenir la d\u00e9marche de changement de syndic.<\/li><\/ul>\t\t\t\t\t\t<\/div>\n\t\t\t\t<\/div>\n\t\t\t\t\t<\/div>\n\t\t<\/div>\n\t\t\t\t\t\t\t<\/div>\n\t\t<\/section>\n\t\t\t\t<section class=\"elementor-section elementor-top-section elementor-element elementor-element-ba37bc4 elementor-section-boxed elementor-section-height-default elementor-section-height-default\" data-id=\"ba37bc4\" data-element_type=\"section\" data-settings=\"{&quot;background_background&quot;:&quot;classic&quot;}\">\n\t\t\t\t\t\t<div class=\"elementor-container elementor-column-gap-default\">\n\t\t\t\t\t<div class=\"elementor-column elementor-col-100 elementor-top-column elementor-element elementor-element-e635a31\" data-id=\"e635a31\" data-element_type=\"column\">\n\t\t\t<div class=\"elementor-widget-wrap elementor-element-populated\">\n\t\t\t\t\t\t\t\t<div class=\"elementor-element elementor-element-946e25d elementor-widget elementor-widget-text-editor\" data-id=\"946e25d\" data-element_type=\"widget\" data-widget_type=\"text-editor.default\">\n\t\t\t\t<div class=\"elementor-widget-container\">\n\t\t\t\t\t\t\t<h2><span style=\"text-decoration: underline;\"><span style=\"color: #ffffff; text-decoration: underline;\">Mod\u00e8le de feuille de pr\u00e9sence<\/span><\/span><\/h2><p><span style=\"color: #999999;\"><em>\u00ab\u00a0Objet\u00a0: MODELE DE FEUILLE DE PR\u00c9SENCE<\/em><\/span><\/p><p><span style=\"color: #999999;\"><em>Assembl\u00e9e g\u00e9n\u00e9rale du [&#8230;] \u00e0 [&#8230;] (heure pr\u00e9cise) ayant eu lieu \u00e0 [&#8230;].<\/em><\/span><br \/><span style=\"color: #999999;\"><em>Certifi\u00e9e exacte par le Pr\u00e9sident de s\u00e9ance,<\/em><\/span><br \/><span style=\"color: #999999;\"><em>Syndicat des copropri\u00e9taires<\/em><\/span><br \/><span style=\"color: #999999;\"><em>Adresse<\/em><\/span><br \/><span style=\"color: #999999;\"><em>Code Postal<\/em><\/span><br \/><span style=\"color: #999999;\"><em>Ville<\/em><\/span><\/p><table style=\"height: 118px;\" width=\"1231\"><tbody><tr><td style=\"width: 198.967px;\"><span style=\"color: #999999;\"><em>Lot N\u00b0<\/em><\/span><\/td><td style=\"width: 198.967px;\"><span style=\"color: #999999;\"><em>Tanti\u00e8mes<\/em><\/span><\/td><td style=\"width: 198.967px;\"><span style=\"color: #999999;\"><em>Nom<\/em><\/span><\/td><td style=\"width: 198.967px;\"><span style=\"color: #999999;\"><em>Adresse<\/em><\/span><\/td><td style=\"width: 198.967px;\"><span style=\"color: #999999;\"><em>Emargement du copropri\u00e9taire<\/em><\/span><\/td><td style=\"width: 198.967px;\"><span style=\"color: #999999;\"><em>Emargement du mandataire<\/em><\/span><\/td><\/tr><tr><td style=\"width: 198.967px;\"><span style=\"color: #999999;\"><em>1<\/em><\/span><\/td><td style=\"width: 198.967px;\">\u00a0<\/td><td style=\"width: 198.967px;\">\u00a0<\/td><td style=\"width: 198.967px;\">\u00a0<\/td><td style=\"width: 198.967px;\">\u00a0<\/td><td style=\"width: 198.967px;\">\u00a0<\/td><\/tr><tr><td style=\"width: 198.967px;\"><span style=\"color: #999999;\"><em>2<\/em><\/span><\/td><td style=\"width: 198.967px;\">\u00a0<\/td><td style=\"width: 198.967px;\">\u00a0<\/td><td style=\"width: 198.967px;\">\u00a0<\/td><td style=\"width: 198.967px;\">\u00a0<\/td><td style=\"width: 198.967px;\">\u00a0<\/td><\/tr><tr><td style=\"width: 198.967px;\"><span style=\"color: #999999;\"><em>&#8230;<\/em><\/span><\/td><td style=\"width: 198.967px;\">\u00a0<\/td><td style=\"width: 198.967px;\">\u00a0<\/td><td style=\"width: 198.967px;\">\u00a0<\/td><td style=\"width: 198.967px;\">\u00a0<\/td><td style=\"width: 198.967px;\">\u00a0<\/td><\/tr><\/tbody><\/table><p><span style=\"color: #999999;\"><em>Nom Pr\u00e9nom<\/em><\/span><\/p><p><span style=\"color: #999999;\"><em>Signature\u00a0\u00bb<\/em><\/span><\/p>\t\t\t\t\t\t<\/div>\n\t\t\t\t<\/div>\n\t\t\t\t\t<\/div>\n\t\t<\/div>\n\t\t\t\t\t\t\t<\/div>\n\t\t<\/section>\n\t\t\t\t<section class=\"elementor-section elementor-top-section elementor-element elementor-element-c2bb8e3 elementor-section-boxed elementor-section-height-default elementor-section-height-default\" data-id=\"c2bb8e3\" data-element_type=\"section\">\n\t\t\t\t\t\t<div class=\"elementor-container elementor-column-gap-default\">\n\t\t\t\t\t<div class=\"elementor-column elementor-col-100 elementor-top-column elementor-element elementor-element-22146bb\" data-id=\"22146bb\" data-element_type=\"column\">\n\t\t\t<div class=\"elementor-widget-wrap elementor-element-populated\">\n\t\t\t\t\t\t\t\t<div class=\"elementor-element elementor-element-37e7fd8 elementor-widget elementor-widget-text-editor\" data-id=\"37e7fd8\" data-element_type=\"widget\" data-widget_type=\"text-editor.default\">\n\t\t\t\t<div class=\"elementor-widget-container\">\n\t\t\t\t\t\t\t<p><span style=\"color: #000000;\">Pour comprendre <\/span>comment <a href=\"https:\/\/www.syneval.fr\/comment-changer-de-syndic\/\" target=\"_blank\" rel=\"noopener\"><b>changer de syndic<\/b><\/a>, vous pouvez aussi consulter les pages suivantes\u00a0:<\/p><ul><li><a href=\"https:\/\/www.syneval.fr\/doit-on-controler-les-comptes-avant-lassemblee\" target=\"_blank\" rel=\"noopener\">Doit-on contr\u00f4ler les pouvoirs en d\u00e9but d\u2019assembl\u00e9e ?<\/a><\/li><li><a href=\"https:\/\/www.syneval.fr\/quel-est-le-role-du-bureau-lors-de-lassemblee-generale\" target=\"_blank\" rel=\"noopener\">Quel est le r\u00f4le du bureau de l\u2019AG ?<\/a><\/li><li><a href=\"https:\/\/www.syneval.fr\/doit-on-obligatoirement-donner-quitus-au-syndic-syneval-n1-des-courtiers-en-syndic-repond-a-vos-questions-sur-le-changement-de-syndic\" target=\"_blank\" rel=\"noopener\">Doit-on obligatoirement donner Quitus au syndic ?<\/a><\/li><li><a href=\"https:\/\/www.syneval.fr\/quelles-sont-les-regles-de-vote-en-assemblee\" target=\"_blank\" rel=\"noopener\">Quelles sont les r\u00e8gles de vote en assembl\u00e9e ?<\/a><\/li><li><a href=\"https:\/\/www.syneval.fr\/qui-redige-le-proces-verbal\" target=\"_blank\" rel=\"noopener\">Qui r\u00e9dige le proc\u00e8s-verbal ?<\/a><\/li><\/ul>\t\t\t\t\t\t<\/div>\n\t\t\t\t<\/div>\n\t\t\t\t\t<\/div>\n\t\t<\/div>\n\t\t\t\t\t\t\t<\/div>\n\t\t<\/section>\n\t\t\t\t\t\t\t<\/div>\n\t\t","protected":false},"excerpt":{"rendered":"<p>Le bureau joue un r\u00f4le central dans la tenue de l\u2019AG, il est donc important que ses membres, surtout le pr\u00e9sident de s\u00e9ance, soutiennent la d\u00e9marche. En effet, le pr\u00e9sident peut notamment demander au syndic en place de quitter la salle lors du vote concernant la d\u00e9signation du syndic ou demander au syndic candidat de &hellip; <\/p>\n<p class=\"link-more\"><a href=\"https:\/\/preprod.syneval.com\/preprod\/le-bureau-doit-il-soutenir-la-demarche\/\" class=\"more-link\">Lire la suite de<span class=\"screen-reader-text\">\u00ab\u00a0Le bureau doit-il soutenir la d\u00e9marche\u00a0?\u00a0\u00bb<\/span><\/a><\/p>\n","protected":false},"author":2,"featured_media":0,"parent":0,"menu_order":0,"comment_status":"closed","ping_status":"closed","template":"","meta":{"footnotes":""},"class_list":["post-5227","page","type-page","status-publish","hentry"],"_links":{"self":[{"href":"https:\/\/preprod.syneval.com\/preprod\/wp-json\/wp\/v2\/pages\/5227","targetHints":{"allow":["GET"]}}],"collection":[{"href":"https:\/\/preprod.syneval.com\/preprod\/wp-json\/wp\/v2\/pages"}],"about":[{"href":"https:\/\/preprod.syneval.com\/preprod\/wp-json\/wp\/v2\/types\/page"}],"author":[{"embeddable":true,"href":"https:\/\/preprod.syneval.com\/preprod\/wp-json\/wp\/v2\/users\/2"}],"replies":[{"embeddable":true,"href":"https:\/\/preprod.syneval.com\/preprod\/wp-json\/wp\/v2\/comments?post=5227"}],"version-history":[{"count":16,"href":"https:\/\/preprod.syneval.com\/preprod\/wp-json\/wp\/v2\/pages\/5227\/revisions"}],"predecessor-version":[{"id":14389,"href":"https:\/\/preprod.syneval.com\/preprod\/wp-json\/wp\/v2\/pages\/5227\/revisions\/14389"}],"wp:attachment":[{"href":"https:\/\/preprod.syneval.com\/preprod\/wp-json\/wp\/v2\/media?parent=5227"}],"curies":[{"name":"wp","href":"https:\/\/api.w.org\/{rel}","templated":true}]}}