{"id":5216,"date":"2017-10-31T18:39:02","date_gmt":"2017-10-31T17:39:02","guid":{"rendered":"https:\/\/www.syneval.fr\/?page_id=5216"},"modified":"2023-11-23T20:52:48","modified_gmt":"2023-11-23T19:52:48","slug":"quel-est-le-role-du-bureau-lors-de-lassemblee-generale","status":"publish","type":"page","link":"https:\/\/preprod.syneval.com\/preprod\/quel-est-le-role-du-bureau-lors-de-lassemblee-generale\/","title":{"rendered":"Quel est le r\u00f4le du bureau lors de l\u2019Assembl\u00e9e G\u00e9n\u00e9rale ?"},"content":{"rendered":"\t\t<div data-elementor-type=\"wp-page\" data-elementor-id=\"5216\" class=\"elementor elementor-5216\">\n\t\t\t\t\t\t\t\t\t<section class=\"elementor-section elementor-top-section elementor-element elementor-element-22a7ea36 elementor-section-boxed elementor-section-height-default elementor-section-height-default\" data-id=\"22a7ea36\" data-element_type=\"section\">\n\t\t\t\t\t\t<div class=\"elementor-container elementor-column-gap-default\">\n\t\t\t\t\t<div class=\"elementor-column elementor-col-100 elementor-top-column elementor-element elementor-element-146526bd\" data-id=\"146526bd\" data-element_type=\"column\">\n\t\t\t<div class=\"elementor-widget-wrap elementor-element-populated\">\n\t\t\t\t\t\t\t\t<div class=\"elementor-element elementor-element-4dd4e354 elementor-widget elementor-widget-text-editor\" data-id=\"4dd4e354\" data-element_type=\"widget\" data-widget_type=\"text-editor.default\">\n\t\t\t\t<div class=\"elementor-widget-container\">\n\t\t\t<style>\/*! elementor - v3.18.0 - 20-12-2023 *\/\n.elementor-widget-text-editor.elementor-drop-cap-view-stacked .elementor-drop-cap{background-color:#69727d;color:#fff}.elementor-widget-text-editor.elementor-drop-cap-view-framed .elementor-drop-cap{color:#69727d;border:3px solid;background-color:transparent}.elementor-widget-text-editor:not(.elementor-drop-cap-view-default) .elementor-drop-cap{margin-top:8px}.elementor-widget-text-editor:not(.elementor-drop-cap-view-default) .elementor-drop-cap-letter{width:1em;height:1em}.elementor-widget-text-editor .elementor-drop-cap{float:left;text-align:center;line-height:1;font-size:50px}.elementor-widget-text-editor .elementor-drop-cap-letter{display:inline-block}<\/style>\t\t\t\t<p>Le bureau est constitu\u00e9 d\u2019un pr\u00e9sident de s\u00e9ance, d\u2019un secr\u00e9taire et \u00e9ventuellement d\u2019un ou plusieurs scrutateurs. Un copropri\u00e9taire ne peut occuper plusieurs postes au sein du bureau lors d\u2019une m\u00eame AG.<\/p><h2>Les r\u00f4les lors d\u2019une Assembl\u00e9e G\u00e9n\u00e9rale<\/h2><p>Le r\u00f4le de pr\u00e9sident de s\u00e9ance doit \u00eatre tenu par un copropri\u00e9taire, il ne peut en aucun cas \u00eatre tenu par le syndic. Il pr\u00e9side la s\u00e9ance et choisit notamment l\u2019ordre dans lequel les r\u00e9solutions seront vot\u00e9es m\u00eame si cet ordre ne correspond pas \u00e0 celui propos\u00e9 par le syndic en exercice. En n, le pr\u00e9sident signe le proc\u00e8s-verbal \u00e0 l\u2019issue de l\u2019assembl\u00e9e g\u00e9n\u00e9rale.<\/p><p>Le secr\u00e9tariat de l\u2019assembl\u00e9e g\u00e9n\u00e9rale est habituellement assur\u00e9 par le syndic. Il a pour r\u00f4le de retranscrire les d\u00e9bats, notamment les r\u00e9sultats des votes des diff\u00e9rentes r\u00e9solutions. Pour chaque r\u00e9solution, le secr\u00e9taire note le nombre de copropri\u00e9taires ainsi que le nombre de tanti\u00e8mes qui ont vot\u00e9s pour, qui se sont abstenus et en n qui ont vot\u00e9s contre. Il indique \u00e9galement si la r\u00e9solution est adopt\u00e9e ou rejet\u00e9e (en fonction de la majorit\u00e9 requise). En cas de changement de syndic, le secr\u00e9tariat peut parfois \u00eatre assur\u00e9 par un copropri\u00e9taire, tout au moins jusqu\u2019\u00e0 l\u2019\u00e9lection du nouveau syndic.<\/p><p>Le scrutateur joue le r\u00f4le d\u2019observateur de l\u2019assembl\u00e9e g\u00e9n\u00e9rale. Il v\u00e9rifie la r\u00e9gularit\u00e9 de la feuille de pr\u00e9sence (voir mod\u00e8le ci-contre) et du d\u00e9compte des voix des pr\u00e9sents, repr\u00e9sent\u00e9s et absents. Il contr\u00f4le \u00e9galement les r\u00e9sultats des votes ainsi que le contenu du proc\u00e8s-verbal.<\/p><p><u><b>A retenir<\/b><\/u><\/p><ul><li>Contr\u00f4ler les pouvoirs au d\u00e9but de l\u2019assembl\u00e9e g\u00e9n\u00e9rale.<\/li><li>Le secr\u00e9tariat de l\u2019AG peut \u00eatre assur\u00e9 par un copropri\u00e9taire.<\/li><li>Le pr\u00e9sident de s\u00e9ance d\u00e9cide de l\u2019ordre de vote des r\u00e9solutions.<\/li><\/ul>\t\t\t\t\t\t<\/div>\n\t\t\t\t<\/div>\n\t\t\t\t\t<\/div>\n\t\t<\/div>\n\t\t\t\t\t\t\t<\/div>\n\t\t<\/section>\n\t\t\t\t<section class=\"elementor-section elementor-top-section elementor-element elementor-element-59ae4434 elementor-section-full_width elementor-section-stretched elementor-section-height-default elementor-section-height-default\" data-id=\"59ae4434\" data-element_type=\"section\" data-settings=\"{&quot;stretch_section&quot;:&quot;section-stretched&quot;,&quot;background_background&quot;:&quot;classic&quot;}\">\n\t\t\t\t\t\t<div class=\"elementor-container elementor-column-gap-default\">\n\t\t\t\t\t<div class=\"elementor-column elementor-col-100 elementor-top-column elementor-element elementor-element-5c3f30b7\" data-id=\"5c3f30b7\" data-element_type=\"column\">\n\t\t\t<div class=\"elementor-widget-wrap elementor-element-populated\">\n\t\t\t\t\t\t\t\t<div class=\"elementor-element elementor-element-1dbf564 elementor-widget elementor-widget-heading\" data-id=\"1dbf564\" data-element_type=\"widget\" data-widget_type=\"heading.default\">\n\t\t\t\t<div class=\"elementor-widget-container\">\n\t\t\t<style>\/*! elementor - v3.18.0 - 20-12-2023 *\/\n.elementor-heading-title{padding:0;margin:0;line-height:1}.elementor-widget-heading .elementor-heading-title[class*=elementor-size-]>a{color:inherit;font-size:inherit;line-height:inherit}.elementor-widget-heading .elementor-heading-title.elementor-size-small{font-size:15px}.elementor-widget-heading .elementor-heading-title.elementor-size-medium{font-size:19px}.elementor-widget-heading .elementor-heading-title.elementor-size-large{font-size:29px}.elementor-widget-heading .elementor-heading-title.elementor-size-xl{font-size:39px}.elementor-widget-heading .elementor-heading-title.elementor-size-xxl{font-size:59px}<\/style><h2 class=\"elementor-heading-title elementor-size-default\">Le  + de Syneval<\/h2>\t\t<\/div>\n\t\t\t\t<\/div>\n\t\t\t\t<div class=\"elementor-element elementor-element-ae095e6 elementor-widget elementor-widget-text-editor\" data-id=\"ae095e6\" data-element_type=\"widget\" data-widget_type=\"text-editor.default\">\n\t\t\t\t<div class=\"elementor-widget-container\">\n\t\t\t\t\t\t\t<p>Si le conseil syndical en ressent le besoin, votre conseiller Syneval pourra assister \u00e0 l\u2019AG afin de veiller \u00e0 son bon d\u00e9roul\u00e9.<\/p><p>Pour comprendre comment <a href=\"https:\/\/www.syneval.fr\/comment-changer-de-syndic\/\" target=\"_blank\" rel=\"noopener\"><b>changer de syndic<\/b><\/a>, vous pouvez aussi consulter les pages suivantes\u00a0:<\/p><ul><li><a href=\"https:\/\/www.syneval.fr\/doit-on-controler-les-comptes-avant-lassemblee\" target=\"_blank\" rel=\"noopener\">Doit-on contr\u00f4ler les pouvoirs en d\u00e9but d\u2019assembl\u00e9e ?<\/a><\/li><li><a href=\"https:\/\/www.syneval.fr\/doit-on-obligatoirement-donner-quitus-au-syndic-syneval-n1-des-courtiers-en-syndic-repond-a-vos-questions-sur-le-changement-de-syndic\" target=\"_blank\" rel=\"noopener\">Doit-on obligatoirement donner quitus au syndic ?<\/a><\/li><li><a href=\"https:\/\/www.syneval.fr\/le-bureau-doit-il-soutenir-la-demarche\" target=\"_blank\" rel=\"noopener\">Le bureau doit-il soutenir la d\u00e9marche ?<\/a><\/li><li><a href=\"https:\/\/www.syneval.fr\/quelles-sont-les-regles-de-vote-en-assemblee\" target=\"_blank\" rel=\"noopener\">Quelles sont les r\u00e8gles de vote en assembl\u00e9e ?<\/a><\/li><li><a href=\"https:\/\/www.syneval.fr\/qui-redige-le-proces-verbal\" target=\"_blank\" rel=\"noopener\">Qui r\u00e9dige le proc\u00e8s-verbal ?<\/a><\/li><\/ul>\t\t\t\t\t\t<\/div>\n\t\t\t\t<\/div>\n\t\t\t\t\t<\/div>\n\t\t<\/div>\n\t\t\t\t\t\t\t<\/div>\n\t\t<\/section>\n\t\t\t\t\t\t\t<\/div>\n\t\t","protected":false},"excerpt":{"rendered":"<p>Le bureau est constitu\u00e9 d\u2019un pr\u00e9sident de s\u00e9ance, d\u2019un secr\u00e9taire et \u00e9ventuellement d\u2019un ou plusieurs scrutateurs. Un copropri\u00e9taire ne peut occuper plusieurs postes au sein du bureau lors d\u2019une m\u00eame AG. Les r\u00f4les lors d\u2019une Assembl\u00e9e G\u00e9n\u00e9rale Le r\u00f4le de pr\u00e9sident de s\u00e9ance doit \u00eatre tenu par un copropri\u00e9taire, il ne peut en aucun cas &hellip; <\/p>\n<p class=\"link-more\"><a href=\"https:\/\/preprod.syneval.com\/preprod\/quel-est-le-role-du-bureau-lors-de-lassemblee-generale\/\" class=\"more-link\">Lire la suite de<span class=\"screen-reader-text\">\u00ab\u00a0Quel est le r\u00f4le du bureau lors de l\u2019Assembl\u00e9e G\u00e9n\u00e9rale ?\u00a0\u00bb<\/span><\/a><\/p>\n","protected":false},"author":2,"featured_media":0,"parent":0,"menu_order":0,"comment_status":"closed","ping_status":"closed","template":"","meta":{"footnotes":""},"class_list":["post-5216","page","type-page","status-publish","hentry"],"_links":{"self":[{"href":"https:\/\/preprod.syneval.com\/preprod\/wp-json\/wp\/v2\/pages\/5216","targetHints":{"allow":["GET"]}}],"collection":[{"href":"https:\/\/preprod.syneval.com\/preprod\/wp-json\/wp\/v2\/pages"}],"about":[{"href":"https:\/\/preprod.syneval.com\/preprod\/wp-json\/wp\/v2\/types\/page"}],"author":[{"embeddable":true,"href":"https:\/\/preprod.syneval.com\/preprod\/wp-json\/wp\/v2\/users\/2"}],"replies":[{"embeddable":true,"href":"https:\/\/preprod.syneval.com\/preprod\/wp-json\/wp\/v2\/comments?post=5216"}],"version-history":[{"count":10,"href":"https:\/\/preprod.syneval.com\/preprod\/wp-json\/wp\/v2\/pages\/5216\/revisions"}],"predecessor-version":[{"id":13960,"href":"https:\/\/preprod.syneval.com\/preprod\/wp-json\/wp\/v2\/pages\/5216\/revisions\/13960"}],"wp:attachment":[{"href":"https:\/\/preprod.syneval.com\/preprod\/wp-json\/wp\/v2\/media?parent=5216"}],"curies":[{"name":"wp","href":"https:\/\/api.w.org\/{rel}","templated":true}]}}