{"id":5196,"date":"2017-11-06T18:34:15","date_gmt":"2017-11-06T17:34:15","guid":{"rendered":"https:\/\/www.syneval.fr\/?page_id=5196"},"modified":"2023-11-24T01:32:36","modified_gmt":"2023-11-24T00:32:36","slug":"qui-informer-au-sein-de-la-copropriete","status":"publish","type":"page","link":"https:\/\/preprod.syneval.com\/preprod\/qui-informer-au-sein-de-la-copropriete\/","title":{"rendered":"Qui informer au sein de la copropri\u00e9t\u00e9\u00a0?"},"content":{"rendered":"\t\t<div data-elementor-type=\"wp-page\" data-elementor-id=\"5196\" class=\"elementor elementor-5196\">\n\t\t\t\t\t\t\t\t\t<section class=\"elementor-section elementor-top-section elementor-element elementor-element-2345cc4e elementor-section-boxed elementor-section-height-default elementor-section-height-default\" data-id=\"2345cc4e\" data-element_type=\"section\">\n\t\t\t\t\t\t<div class=\"elementor-container elementor-column-gap-default\">\n\t\t\t\t\t<div class=\"elementor-column elementor-col-100 elementor-top-column elementor-element elementor-element-110839b2\" data-id=\"110839b2\" data-element_type=\"column\">\n\t\t\t<div class=\"elementor-widget-wrap elementor-element-populated\">\n\t\t\t\t\t\t\t\t<div class=\"elementor-element elementor-element-76b30810 elementor-widget elementor-widget-text-editor\" data-id=\"76b30810\" data-element_type=\"widget\" data-widget_type=\"text-editor.default\">\n\t\t\t\t<div class=\"elementor-widget-container\">\n\t\t\t<style>\/*! elementor - v3.18.0 - 20-12-2023 *\/\n.elementor-widget-text-editor.elementor-drop-cap-view-stacked .elementor-drop-cap{background-color:#69727d;color:#fff}.elementor-widget-text-editor.elementor-drop-cap-view-framed .elementor-drop-cap{color:#69727d;border:3px solid;background-color:transparent}.elementor-widget-text-editor:not(.elementor-drop-cap-view-default) .elementor-drop-cap{margin-top:8px}.elementor-widget-text-editor:not(.elementor-drop-cap-view-default) .elementor-drop-cap-letter{width:1em;height:1em}.elementor-widget-text-editor .elementor-drop-cap{float:left;text-align:center;line-height:1;font-size:50px}.elementor-widget-text-editor .elementor-drop-cap-letter{display:inline-block}<\/style>\t\t\t\t<p>Afin que l\u2019ensemble des copropri\u00e9taires soit inform\u00e9 du projet de mise en concurrence suffisamment en amont, le conseil syndical enverra une lettre d\u2019information \u00e0 l\u2019attention de tous les copropri\u00e9taires expliquant les raisons du <a href=\"https:\/\/www.syneval.fr\/comment-changer-de-syndic\/\" target=\"_blank\" rel=\"noopener\">changement de syndic<\/a>. Ce courrier pr\u00e9sentera notamment les griefs relatifs \u00e0 la gestion du syndic actuel et les b\u00e9n\u00e9fices attendus avec le nouveau syndic. Il est recommand\u00e9 d\u2019envoyer ce courrier entre 10 et 15 jours avant l\u2019assembl\u00e9e g\u00e9n\u00e9rale.<\/p><p>\u00a0<\/p>\t\t\t\t\t\t<\/div>\n\t\t\t\t<\/div>\n\t\t\t\t\t<\/div>\n\t\t<\/div>\n\t\t\t\t\t\t\t<\/div>\n\t\t<\/section>\n\t\t\t\t<section class=\"elementor-section elementor-top-section elementor-element elementor-element-1558fac4 elementor-section-full_width elementor-section-stretched elementor-section-height-default elementor-section-height-default\" data-id=\"1558fac4\" data-element_type=\"section\" data-settings=\"{&quot;stretch_section&quot;:&quot;section-stretched&quot;,&quot;background_background&quot;:&quot;classic&quot;}\">\n\t\t\t\t\t\t<div class=\"elementor-container elementor-column-gap-default\">\n\t\t\t\t\t<div class=\"elementor-column elementor-col-100 elementor-top-column elementor-element elementor-element-46cad832\" data-id=\"46cad832\" data-element_type=\"column\">\n\t\t\t<div class=\"elementor-widget-wrap elementor-element-populated\">\n\t\t\t\t\t\t\t\t<div class=\"elementor-element elementor-element-4cefb00e elementor-widget elementor-widget-heading\" data-id=\"4cefb00e\" data-element_type=\"widget\" data-widget_type=\"heading.default\">\n\t\t\t\t<div class=\"elementor-widget-container\">\n\t\t\t<style>\/*! elementor - v3.18.0 - 20-12-2023 *\/\n.elementor-heading-title{padding:0;margin:0;line-height:1}.elementor-widget-heading .elementor-heading-title[class*=elementor-size-]>a{color:inherit;font-size:inherit;line-height:inherit}.elementor-widget-heading .elementor-heading-title.elementor-size-small{font-size:15px}.elementor-widget-heading .elementor-heading-title.elementor-size-medium{font-size:19px}.elementor-widget-heading .elementor-heading-title.elementor-size-large{font-size:29px}.elementor-widget-heading .elementor-heading-title.elementor-size-xl{font-size:39px}.elementor-widget-heading .elementor-heading-title.elementor-size-xxl{font-size:59px}<\/style><h2 class=\"elementor-heading-title elementor-size-default\">Le  + de Syneval<\/h2>\t\t<\/div>\n\t\t\t\t<\/div>\n\t\t\t\t<div class=\"elementor-element elementor-element-592f2a73 elementor-widget elementor-widget-text-editor\" data-id=\"592f2a73\" data-element_type=\"widget\" data-widget_type=\"text-editor.default\">\n\t\t\t\t<div class=\"elementor-widget-container\">\n\t\t\t\t\t\t\t<p>La prestation Syneval comprend la pr\u00e9paration d\u2019un projet de courrier d\u2019information \u00e0 l\u2019attention des copropri\u00e9taires, pr\u00e9sentant la m\u00e9thodologie d\u2019appel d\u2019offres ainsi que l\u2019organisation du syndic pr\u00e9sent\u00e9 par le CS.<\/p><p>Pour comprendre comment <b><a href=\"https:\/\/www.syneval.fr\/comment-changer-de-syndic\" target=\"_blank\" rel=\"noopener\">changer de syndic<\/a><\/b>, vous pouvez aussi consulter les pages suivantes\u00a0:<\/p><ul><li><a href=\"https:\/\/www.syneval.fr\/comment-notifier-la-candidature-dun-nouveau-syndic\" target=\"_blank\" rel=\"noopener\">Comment notifier la candidature d\u2019un nouveau syndic ?<\/a><\/li><li><a href=\"https:\/\/www.syneval.fr\/quel-lieu-pour-lassemblee-generale\" target=\"_blank\" rel=\"noopener\">Quel lieu pour l\u2019assembl\u00e9e g\u00e9n\u00e9rale ?<\/a><\/li><li><a href=\"https:\/\/www.syneval.fr\/que-faire-si-le-syndic-refuse-de-convoquer-lag\" target=\"_blank\" rel=\"noopener\">Que faire si le syndic refuse de convoquer l\u2019Assembl\u00e9e G\u00e9n\u00e9rale ?<\/a><\/li><li><a href=\"https:\/\/www.syneval.fr\/comment-sassurer-de-la-participation-en-assemblee-generale\" target=\"_blank\" rel=\"noopener\">Comment s\u2019assurer de la participation en assembl\u00e9e g\u00e9n\u00e9rale ?<\/a><\/li><li><a href=\"https:\/\/www.syneval.fr\/doit-on-controler-les-comptes-avant-lassemblee\" target=\"_blank\" rel=\"noopener\">Doit-on contr\u00f4ler les comptes avant l\u2019assembl\u00e9e ?<\/a><\/li><\/ul>\t\t\t\t\t\t<\/div>\n\t\t\t\t<\/div>\n\t\t\t\t\t<\/div>\n\t\t<\/div>\n\t\t\t\t\t\t\t<\/div>\n\t\t<\/section>\n\t\t\t\t\t\t\t<\/div>\n\t\t","protected":false},"excerpt":{"rendered":"<p>Afin que l\u2019ensemble des copropri\u00e9taires soit inform\u00e9 du projet de mise en concurrence suffisamment en amont, le conseil syndical enverra une lettre d\u2019information \u00e0 l\u2019attention de tous les copropri\u00e9taires expliquant les raisons du changement de syndic. Ce courrier pr\u00e9sentera notamment les griefs relatifs \u00e0 la gestion du syndic actuel et les b\u00e9n\u00e9fices attendus avec le &hellip; <\/p>\n<p class=\"link-more\"><a href=\"https:\/\/preprod.syneval.com\/preprod\/qui-informer-au-sein-de-la-copropriete\/\" class=\"more-link\">Lire la suite de<span class=\"screen-reader-text\">\u00ab\u00a0Qui informer au sein de la copropri\u00e9t\u00e9\u00a0?\u00a0\u00bb<\/span><\/a><\/p>\n","protected":false},"author":2,"featured_media":0,"parent":0,"menu_order":0,"comment_status":"closed","ping_status":"closed","template":"","meta":{"footnotes":""},"class_list":["post-5196","page","type-page","status-publish","hentry"],"_links":{"self":[{"href":"https:\/\/preprod.syneval.com\/preprod\/wp-json\/wp\/v2\/pages\/5196","targetHints":{"allow":["GET"]}}],"collection":[{"href":"https:\/\/preprod.syneval.com\/preprod\/wp-json\/wp\/v2\/pages"}],"about":[{"href":"https:\/\/preprod.syneval.com\/preprod\/wp-json\/wp\/v2\/types\/page"}],"author":[{"embeddable":true,"href":"https:\/\/preprod.syneval.com\/preprod\/wp-json\/wp\/v2\/users\/2"}],"replies":[{"embeddable":true,"href":"https:\/\/preprod.syneval.com\/preprod\/wp-json\/wp\/v2\/comments?post=5196"}],"version-history":[{"count":7,"href":"https:\/\/preprod.syneval.com\/preprod\/wp-json\/wp\/v2\/pages\/5196\/revisions"}],"predecessor-version":[{"id":14401,"href":"https:\/\/preprod.syneval.com\/preprod\/wp-json\/wp\/v2\/pages\/5196\/revisions\/14401"}],"wp:attachment":[{"href":"https:\/\/preprod.syneval.com\/preprod\/wp-json\/wp\/v2\/media?parent=5196"}],"curies":[{"name":"wp","href":"https:\/\/api.w.org\/{rel}","templated":true}]}}