{"id":5186,"date":"2017-10-31T18:33:32","date_gmt":"2017-10-31T17:33:32","guid":{"rendered":"https:\/\/www.syneval.fr\/?page_id=5186"},"modified":"2023-11-23T20:59:41","modified_gmt":"2023-11-23T19:59:41","slug":"que-faire-si-le-syndic-refuse-de-convoquer-lag","status":"publish","type":"page","link":"https:\/\/preprod.syneval.com\/preprod\/que-faire-si-le-syndic-refuse-de-convoquer-lag\/","title":{"rendered":"Que faire si le syndic refuse de convoquer l\u2019AG\u00a0?"},"content":{"rendered":"\t\t<div data-elementor-type=\"wp-page\" data-elementor-id=\"5186\" class=\"elementor elementor-5186\">\n\t\t\t\t\t\t\t\t\t<section class=\"elementor-section elementor-top-section elementor-element elementor-element-1489ac1e elementor-section-boxed elementor-section-height-default elementor-section-height-default\" data-id=\"1489ac1e\" data-element_type=\"section\">\n\t\t\t\t\t\t<div class=\"elementor-container elementor-column-gap-default\">\n\t\t\t\t\t<div class=\"elementor-column elementor-col-100 elementor-top-column elementor-element elementor-element-3acf2dbf\" data-id=\"3acf2dbf\" data-element_type=\"column\">\n\t\t\t<div class=\"elementor-widget-wrap elementor-element-populated\">\n\t\t\t\t\t\t\t\t<div class=\"elementor-element elementor-element-563bb9af elementor-widget elementor-widget-text-editor\" data-id=\"563bb9af\" data-element_type=\"widget\" data-widget_type=\"text-editor.default\">\n\t\t\t\t<div class=\"elementor-widget-container\">\n\t\t\t<style>\/*! elementor - v3.18.0 - 20-12-2023 *\/\n.elementor-widget-text-editor.elementor-drop-cap-view-stacked .elementor-drop-cap{background-color:#69727d;color:#fff}.elementor-widget-text-editor.elementor-drop-cap-view-framed .elementor-drop-cap{color:#69727d;border:3px solid;background-color:transparent}.elementor-widget-text-editor:not(.elementor-drop-cap-view-default) .elementor-drop-cap{margin-top:8px}.elementor-widget-text-editor:not(.elementor-drop-cap-view-default) .elementor-drop-cap-letter{width:1em;height:1em}.elementor-widget-text-editor .elementor-drop-cap{float:left;text-align:center;line-height:1;font-size:50px}.elementor-widget-text-editor .elementor-drop-cap-letter{display:inline-block}<\/style>\t\t\t\t<p>Conform\u00e9ment aux dispositions de l\u2019article 8 du d\u00e9cret du 17 mars 1967, le pr\u00e9sident du conseil syndical doit mettre en demeure le syndic de convoquer l\u2019assembl\u00e9e g\u00e9n\u00e9rale (par l\u2019envoi d\u2019une lettre recommand\u00e9e avec accus\u00e9 de r\u00e9ception). Sans r\u00e9ponse sous 8 jours, le pr\u00e9sident est alors en droit de convoquer lui-m\u00eame l\u2019assembl\u00e9e. La convocation \u00e0 cette assembl\u00e9e g\u00e9n\u00e9rale doit \u00eatre notifi\u00e9e \u00e0 tous les copropri\u00e9taires.<\/p><p>En l\u2019absence de pr\u00e9sident du conseil syndical, cette d\u00e9marche peut \u00e9galement \u00eatre effectu\u00e9e par un groupe de copropri\u00e9taires repr\u00e9sentant plus de 25% des tanti\u00e8mes (\u00e9galement appel\u00e9s milli\u00e8mes, le nombre de tanti\u00e8mes repr\u00e9sente la quote-part de chaque copropri\u00e9taire).<\/p>\t\t\t\t\t\t<\/div>\n\t\t\t\t<\/div>\n\t\t\t\t\t<\/div>\n\t\t<\/div>\n\t\t\t\t\t\t\t<\/div>\n\t\t<\/section>\n\t\t\t\t<section class=\"elementor-section elementor-top-section elementor-element elementor-element-1bcaacf0 elementor-section-full_width elementor-section-stretched elementor-section-height-default elementor-section-height-default\" data-id=\"1bcaacf0\" data-element_type=\"section\" data-settings=\"{&quot;stretch_section&quot;:&quot;section-stretched&quot;,&quot;background_background&quot;:&quot;classic&quot;}\">\n\t\t\t\t\t\t<div class=\"elementor-container elementor-column-gap-default\">\n\t\t\t\t\t<div class=\"elementor-column elementor-col-100 elementor-top-column elementor-element elementor-element-6b58ecf3\" data-id=\"6b58ecf3\" data-element_type=\"column\">\n\t\t\t<div class=\"elementor-widget-wrap elementor-element-populated\">\n\t\t\t\t\t\t\t\t<div class=\"elementor-element elementor-element-85eb115 elementor-widget elementor-widget-heading\" data-id=\"85eb115\" data-element_type=\"widget\" data-widget_type=\"heading.default\">\n\t\t\t\t<div class=\"elementor-widget-container\">\n\t\t\t<style>\/*! elementor - v3.18.0 - 20-12-2023 *\/\n.elementor-heading-title{padding:0;margin:0;line-height:1}.elementor-widget-heading .elementor-heading-title[class*=elementor-size-]>a{color:inherit;font-size:inherit;line-height:inherit}.elementor-widget-heading .elementor-heading-title.elementor-size-small{font-size:15px}.elementor-widget-heading .elementor-heading-title.elementor-size-medium{font-size:19px}.elementor-widget-heading .elementor-heading-title.elementor-size-large{font-size:29px}.elementor-widget-heading .elementor-heading-title.elementor-size-xl{font-size:39px}.elementor-widget-heading .elementor-heading-title.elementor-size-xxl{font-size:59px}<\/style><h2 class=\"elementor-heading-title elementor-size-default\">Le  + de Syneval<\/h2>\t\t<\/div>\n\t\t\t\t<\/div>\n\t\t\t\t<div class=\"elementor-element elementor-element-300c413c elementor-widget elementor-widget-text-editor\" data-id=\"300c413c\" data-element_type=\"widget\" data-widget_type=\"text-editor.default\">\n\t\t\t\t<div class=\"elementor-widget-container\">\n\t\t\t\t\t\t\t<p>Votre conseiller Syneval vous assistera dans la r\u00e9daction des diff\u00e9rents courriers n\u00e9cessaires \u00e0 la notification de la r\u00e9solution.\u2028Si le conseil syndical le souhaite et lorsque cela est possible, l\u2019assembl\u00e9e g\u00e9n\u00e9rale peut \u00eatre organis\u00e9e dans les locaux de Syneval.<\/p><p>Pour comprendre comment <a href=\"https:\/\/www.syneval.fr\/comment-changer-de-syndic\/\" target=\"_blank\" rel=\"noopener\"><b>changer de syndic<\/b><\/a>, vous pouvez aussi consulter les pages suivantes\u00a0:<\/p><ul><li><a href=\"https:\/\/www.syneval.fr\/comment-notifier-la-candidature-dun-nouveau-syndic\" target=\"_blank\" rel=\"noopener\">Comment notifier la candidature d\u2019un nouveau syndic ?<\/a><\/li><li><a href=\"https:\/\/www.syneval.fr\/quel-lieu-pour-lassemblee-generale\" target=\"_blank\" rel=\"noopener\">Quel lieu pour l\u2019assembl\u00e9e g\u00e9n\u00e9rale ?<\/a><\/li><li><a href=\"https:\/\/www.syneval.fr\/qui-informer-au-sein-de-la-copropriete\" target=\"_blank\" rel=\"noopener\">Qui informer au sein de la copropri\u00e9t\u00e9 ?<\/a><\/li><li><a href=\"https:\/\/www.syneval.fr\/comment-sassurer-de-la-participation-en-assemblee-generale\" target=\"_blank\" rel=\"noopener\">Comment s\u2019assurer de la participation en assembl\u00e9e g\u00e9n\u00e9rale ?<\/a><\/li><\/ul>\t\t\t\t\t\t<\/div>\n\t\t\t\t<\/div>\n\t\t\t\t\t<\/div>\n\t\t<\/div>\n\t\t\t\t\t\t\t<\/div>\n\t\t<\/section>\n\t\t\t\t\t\t\t<\/div>\n\t\t","protected":false},"excerpt":{"rendered":"<p>Conform\u00e9ment aux dispositions de l\u2019article 8 du d\u00e9cret du 17 mars 1967, le pr\u00e9sident du conseil syndical doit mettre en demeure le syndic de convoquer l\u2019assembl\u00e9e g\u00e9n\u00e9rale (par l\u2019envoi d\u2019une lettre recommand\u00e9e avec accus\u00e9 de r\u00e9ception). Sans r\u00e9ponse sous 8 jours, le pr\u00e9sident est alors en droit de convoquer lui-m\u00eame l\u2019assembl\u00e9e. La convocation \u00e0 cette &hellip; <\/p>\n<p class=\"link-more\"><a href=\"https:\/\/preprod.syneval.com\/preprod\/que-faire-si-le-syndic-refuse-de-convoquer-lag\/\" class=\"more-link\">Lire la suite de<span class=\"screen-reader-text\">\u00ab\u00a0Que faire si le syndic refuse de convoquer l\u2019AG\u00a0?\u00a0\u00bb<\/span><\/a><\/p>\n","protected":false},"author":2,"featured_media":0,"parent":0,"menu_order":0,"comment_status":"closed","ping_status":"closed","template":"","meta":{"footnotes":""},"class_list":["post-5186","page","type-page","status-publish","hentry"],"_links":{"self":[{"href":"https:\/\/preprod.syneval.com\/preprod\/wp-json\/wp\/v2\/pages\/5186","targetHints":{"allow":["GET"]}}],"collection":[{"href":"https:\/\/preprod.syneval.com\/preprod\/wp-json\/wp\/v2\/pages"}],"about":[{"href":"https:\/\/preprod.syneval.com\/preprod\/wp-json\/wp\/v2\/types\/page"}],"author":[{"embeddable":true,"href":"https:\/\/preprod.syneval.com\/preprod\/wp-json\/wp\/v2\/users\/2"}],"replies":[{"embeddable":true,"href":"https:\/\/preprod.syneval.com\/preprod\/wp-json\/wp\/v2\/comments?post=5186"}],"version-history":[{"count":7,"href":"https:\/\/preprod.syneval.com\/preprod\/wp-json\/wp\/v2\/pages\/5186\/revisions"}],"predecessor-version":[{"id":13975,"href":"https:\/\/preprod.syneval.com\/preprod\/wp-json\/wp\/v2\/pages\/5186\/revisions\/13975"}],"wp:attachment":[{"href":"https:\/\/preprod.syneval.com\/preprod\/wp-json\/wp\/v2\/media?parent=5186"}],"curies":[{"name":"wp","href":"https:\/\/api.w.org\/{rel}","templated":true}]}}