{"id":5176,"date":"2017-10-31T18:17:03","date_gmt":"2017-10-31T17:17:03","guid":{"rendered":"https:\/\/www.syneval.fr\/?page_id=5176"},"modified":"2023-11-24T01:29:38","modified_gmt":"2023-11-24T00:29:38","slug":"le-syndic-peut-il-percevoir-des-honoraires-pour-travaux","status":"publish","type":"page","link":"https:\/\/preprod.syneval.com\/preprod\/le-syndic-peut-il-percevoir-des-honoraires-pour-travaux\/","title":{"rendered":"Le syndic peut-il percevoir des honoraires pour travaux\u00a0?"},"content":{"rendered":"\t\t<div data-elementor-type=\"wp-page\" data-elementor-id=\"5176\" class=\"elementor elementor-5176\">\n\t\t\t\t\t\t\t\t\t<section class=\"elementor-section elementor-top-section elementor-element elementor-element-3c23b063 elementor-section-boxed elementor-section-height-default elementor-section-height-default\" data-id=\"3c23b063\" data-element_type=\"section\">\n\t\t\t\t\t\t<div class=\"elementor-container elementor-column-gap-default\">\n\t\t\t\t\t<div class=\"elementor-column elementor-col-100 elementor-top-column elementor-element elementor-element-7e1daa61\" data-id=\"7e1daa61\" data-element_type=\"column\">\n\t\t\t<div class=\"elementor-widget-wrap elementor-element-populated\">\n\t\t\t\t\t\t\t\t<div class=\"elementor-element elementor-element-38756510 elementor-widget elementor-widget-text-editor\" data-id=\"38756510\" data-element_type=\"widget\" data-widget_type=\"text-editor.default\">\n\t\t\t\t<div class=\"elementor-widget-container\">\n\t\t\t<style>\/*! elementor - v3.18.0 - 20-12-2023 *\/\n.elementor-widget-text-editor.elementor-drop-cap-view-stacked .elementor-drop-cap{background-color:#69727d;color:#fff}.elementor-widget-text-editor.elementor-drop-cap-view-framed .elementor-drop-cap{color:#69727d;border:3px solid;background-color:transparent}.elementor-widget-text-editor:not(.elementor-drop-cap-view-default) .elementor-drop-cap{margin-top:8px}.elementor-widget-text-editor:not(.elementor-drop-cap-view-default) .elementor-drop-cap-letter{width:1em;height:1em}.elementor-widget-text-editor .elementor-drop-cap{float:left;text-align:center;line-height:1;font-size:50px}.elementor-widget-text-editor .elementor-drop-cap-letter{display:inline-block}<\/style>\t\t\t\t<p>Syneval apporte des informations pr\u00e9cises et pertinentes si vous souhaitez <a href=\"https:\/\/www.syneval.fr\/comment-changer-de-syndic\/\" target=\"_blank\" rel=\"noopener\">changer de syndic<\/a>. Le syndic peut percevoir une r\u00e9mun\u00e9ration sp\u00e9cifique pour le suivi des travaux hors budget pr\u00e9visionnel. G\u00e9n\u00e9ralement exprim\u00e9s en pourcentage du montant des travaux, ces honoraires doivent faire l\u2019objet d\u2019un vote en assembl\u00e9e g\u00e9n\u00e9rale. La Loi ALUR interdit aux syndics de mentionner des honoraires pour suivi de travaux hors budget dans leurs contrats, m\u00eame \u00e0 titre indicatif.<\/p>\t\t\t\t\t\t<\/div>\n\t\t\t\t<\/div>\n\t\t\t\t\t<\/div>\n\t\t<\/div>\n\t\t\t\t\t\t\t<\/div>\n\t\t<\/section>\n\t\t\t\t<section class=\"elementor-section elementor-top-section elementor-element elementor-element-7b91cddd elementor-section-boxed elementor-section-height-default elementor-section-height-default\" data-id=\"7b91cddd\" data-element_type=\"section\">\n\t\t\t\t\t\t<div class=\"elementor-container elementor-column-gap-default\">\n\t\t\t\t\t<div class=\"elementor-column elementor-col-100 elementor-top-column elementor-element elementor-element-594c7771\" data-id=\"594c7771\" data-element_type=\"column\">\n\t\t\t<div class=\"elementor-widget-wrap elementor-element-populated\">\n\t\t\t\t\t\t\t\t<div class=\"elementor-element elementor-element-7102caff elementor-widget elementor-widget-heading\" data-id=\"7102caff\" data-element_type=\"widget\" data-widget_type=\"heading.default\">\n\t\t\t\t<div class=\"elementor-widget-container\">\n\t\t\t<style>\/*! elementor - v3.18.0 - 20-12-2023 *\/\n.elementor-heading-title{padding:0;margin:0;line-height:1}.elementor-widget-heading .elementor-heading-title[class*=elementor-size-]>a{color:inherit;font-size:inherit;line-height:inherit}.elementor-widget-heading .elementor-heading-title.elementor-size-small{font-size:15px}.elementor-widget-heading .elementor-heading-title.elementor-size-medium{font-size:19px}.elementor-widget-heading .elementor-heading-title.elementor-size-large{font-size:29px}.elementor-widget-heading .elementor-heading-title.elementor-size-xl{font-size:39px}.elementor-widget-heading .elementor-heading-title.elementor-size-xxl{font-size:59px}<\/style><h2 class=\"elementor-heading-title elementor-size-default\">Ce qu'il faut retenir<\/h2>\t\t<\/div>\n\t\t\t\t<\/div>\n\t\t\t\t<div class=\"elementor-element elementor-element-34cec01e elementor-widget elementor-widget-text-editor\" data-id=\"34cec01e\" data-element_type=\"widget\" data-widget_type=\"text-editor.default\">\n\t\t\t\t<div class=\"elementor-widget-container\">\n\t\t\t\t\t\t\t<ul><li>Il est recommand\u00e9 de n\u00e9gocier un contrat d\u2019un an avec le nouveau syndic.<\/li><li>Le syndic ne peut facturer \u00e0 un copropri\u00e9taire que certaines prestations pr\u00e9vues par la loi.<\/li><li>Les honoraires sur travaux sont vot\u00e9s en assembl\u00e9e g\u00e9n\u00e9rale.<\/li><\/ul><p>Pour comprendre comment <a href=\"https:\/\/www.syneval.fr\/comment-changer-de-syndic\" target=\"_blank\" rel=\"noopener\"><b>changer de syndic<\/b><\/a>, vous pouvez aussi consulter les pages suivantes\u00a0:<\/p><ul><li><a href=\"https:\/\/www.syneval.fr\/que-peut-facturer-le-syndic-en-plus-du-forfait-de-base\" target=\"_blank\" rel=\"noopener\">Que peut facturer le syndic en plus du forfait de base ?<\/a><\/li><li><a href=\"https:\/\/www.syneval.fr\/quelle-duree-pour-le-contrat-de-syndic\" target=\"_blank\" rel=\"noopener\">Quelle dur\u00e9e pour le contrat de syndic ?<\/a><\/li><li><a href=\"https:\/\/www.syneval.fr\/des-honoraires-peuvent-ils-etre-factures-a-un-coproprietaire\" target=\"_blank\" rel=\"noopener\">Des honoraires peuvent-ils \u00eatre factur\u00e9s \u00e0 un copropri\u00e9taire\u00a0?<\/a><\/li><\/ul>\t\t\t\t\t\t<\/div>\n\t\t\t\t<\/div>\n\t\t\t\t\t<\/div>\n\t\t<\/div>\n\t\t\t\t\t\t\t<\/div>\n\t\t<\/section>\n\t\t\t\t\t\t\t<\/div>\n\t\t","protected":false},"excerpt":{"rendered":"<p>Syneval apporte des informations pr\u00e9cises et pertinentes si vous souhaitez changer de syndic. Le syndic peut percevoir une r\u00e9mun\u00e9ration sp\u00e9cifique pour le suivi des travaux hors budget pr\u00e9visionnel. G\u00e9n\u00e9ralement exprim\u00e9s en pourcentage du montant des travaux, ces honoraires doivent faire l\u2019objet d\u2019un vote en assembl\u00e9e g\u00e9n\u00e9rale. La Loi ALUR interdit aux syndics de mentionner des &hellip; <\/p>\n<p class=\"link-more\"><a href=\"https:\/\/preprod.syneval.com\/preprod\/le-syndic-peut-il-percevoir-des-honoraires-pour-travaux\/\" class=\"more-link\">Lire la suite de<span class=\"screen-reader-text\">\u00ab\u00a0Le syndic peut-il percevoir des honoraires pour travaux\u00a0?\u00a0\u00bb<\/span><\/a><\/p>\n","protected":false},"author":2,"featured_media":0,"parent":0,"menu_order":0,"comment_status":"closed","ping_status":"closed","template":"","meta":{"footnotes":""},"class_list":["post-5176","page","type-page","status-publish","hentry"],"_links":{"self":[{"href":"https:\/\/preprod.syneval.com\/preprod\/wp-json\/wp\/v2\/pages\/5176","targetHints":{"allow":["GET"]}}],"collection":[{"href":"https:\/\/preprod.syneval.com\/preprod\/wp-json\/wp\/v2\/pages"}],"about":[{"href":"https:\/\/preprod.syneval.com\/preprod\/wp-json\/wp\/v2\/types\/page"}],"author":[{"embeddable":true,"href":"https:\/\/preprod.syneval.com\/preprod\/wp-json\/wp\/v2\/users\/2"}],"replies":[{"embeddable":true,"href":"https:\/\/preprod.syneval.com\/preprod\/wp-json\/wp\/v2\/comments?post=5176"}],"version-history":[{"count":14,"href":"https:\/\/preprod.syneval.com\/preprod\/wp-json\/wp\/v2\/pages\/5176\/revisions"}],"predecessor-version":[{"id":14398,"href":"https:\/\/preprod.syneval.com\/preprod\/wp-json\/wp\/v2\/pages\/5176\/revisions\/14398"}],"wp:attachment":[{"href":"https:\/\/preprod.syneval.com\/preprod\/wp-json\/wp\/v2\/media?parent=5176"}],"curies":[{"name":"wp","href":"https:\/\/api.w.org\/{rel}","templated":true}]}}