{"id":5171,"date":"2017-10-31T17:44:54","date_gmt":"2017-10-31T16:44:54","guid":{"rendered":"https:\/\/www.syneval.fr\/?page_id=5171"},"modified":"2023-11-24T01:24:53","modified_gmt":"2023-11-24T00:24:53","slug":"des-honoraires-peuvent-ils-etre-factures-a-un-coproprietaire","status":"publish","type":"page","link":"https:\/\/preprod.syneval.com\/preprod\/des-honoraires-peuvent-ils-etre-factures-a-un-coproprietaire\/","title":{"rendered":"Des honoraires peuvent-ils \u00eatre factur\u00e9s \u00e0 un copropri\u00e9taire\u00a0?"},"content":{"rendered":"\t\t<div data-elementor-type=\"wp-page\" data-elementor-id=\"5171\" class=\"elementor elementor-5171\">\n\t\t\t\t\t\t\t\t\t<section class=\"elementor-section elementor-top-section elementor-element elementor-element-8cc4679 elementor-section-boxed elementor-section-height-default elementor-section-height-default\" data-id=\"8cc4679\" data-element_type=\"section\">\n\t\t\t\t\t\t<div class=\"elementor-container elementor-column-gap-default\">\n\t\t\t\t\t<div class=\"elementor-column elementor-col-100 elementor-top-column elementor-element elementor-element-43c09b0\" data-id=\"43c09b0\" data-element_type=\"column\">\n\t\t\t<div class=\"elementor-widget-wrap elementor-element-populated\">\n\t\t\t\t\t\t\t\t<div class=\"elementor-element elementor-element-2525e339 elementor-widget elementor-widget-text-editor\" data-id=\"2525e339\" data-element_type=\"widget\" data-widget_type=\"text-editor.default\">\n\t\t\t\t<div class=\"elementor-widget-container\">\n\t\t\t<style>\/*! elementor - v3.18.0 - 20-12-2023 *\/\n.elementor-widget-text-editor.elementor-drop-cap-view-stacked .elementor-drop-cap{background-color:#69727d;color:#fff}.elementor-widget-text-editor.elementor-drop-cap-view-framed .elementor-drop-cap{color:#69727d;border:3px solid;background-color:transparent}.elementor-widget-text-editor:not(.elementor-drop-cap-view-default) .elementor-drop-cap{margin-top:8px}.elementor-widget-text-editor:not(.elementor-drop-cap-view-default) .elementor-drop-cap-letter{width:1em;height:1em}.elementor-widget-text-editor .elementor-drop-cap{float:left;text-align:center;line-height:1;font-size:50px}.elementor-widget-text-editor .elementor-drop-cap-letter{display:inline-block}<\/style>\t\t\t\t<p>L\u2019article 10-1 de la loi du 10 juillet 1965 autorise, en effet, le syndic \u00e0 facturer certaines prestations clairement d\u00e9finies aupr\u00e8s du copropri\u00e9taire concern\u00e9.<\/p>\n<p>Seules les prestations pr\u00e9vues limitativement par cet article de loi peuvent donc \u00eatre factur\u00e9es \u00e0 un copropri\u00e9taire d\u00e9termin\u00e9 (frais de recouvrement d\u2019une cr\u00e9ance justifi\u00e9e, \u00e9tat dat\u00e9 lors d\u2019une mutation et les d\u00e9penses pour travaux d\u2019int\u00e9r\u00eat collectif r\u00e9alis\u00e9s sur les parties privatives).<\/p>\n<p>L\u2019annexe 2 du d\u00e9cret du 26 mars 2015 mentionne la liste pr\u00e9cise des prestations particuli\u00e8res facturables au seul copropri\u00e9taire concern\u00e9 (disponible sur www.syneval.fr).<\/p><p><\/p>\t\t\t\t\t\t<\/div>\n\t\t\t\t<\/div>\n\t\t\t\t\t<\/div>\n\t\t<\/div>\n\t\t\t\t\t\t\t<\/div>\n\t\t<\/section>\n\t\t\t\t<section class=\"elementor-section elementor-top-section elementor-element elementor-element-7d8bb744 elementor-section-full_width elementor-section-stretched elementor-section-height-default elementor-section-height-default\" data-id=\"7d8bb744\" data-element_type=\"section\" data-settings=\"{&quot;stretch_section&quot;:&quot;section-stretched&quot;,&quot;background_background&quot;:&quot;classic&quot;}\">\n\t\t\t\t\t\t<div class=\"elementor-container elementor-column-gap-default\">\n\t\t\t\t\t<div class=\"elementor-column elementor-col-100 elementor-top-column elementor-element elementor-element-4c329569\" data-id=\"4c329569\" data-element_type=\"column\">\n\t\t\t<div class=\"elementor-widget-wrap elementor-element-populated\">\n\t\t\t\t\t\t\t\t<div class=\"elementor-element elementor-element-5bd36c92 elementor-widget elementor-widget-heading\" data-id=\"5bd36c92\" data-element_type=\"widget\" data-widget_type=\"heading.default\">\n\t\t\t\t<div class=\"elementor-widget-container\">\n\t\t\t<style>\/*! elementor - v3.18.0 - 20-12-2023 *\/\n.elementor-heading-title{padding:0;margin:0;line-height:1}.elementor-widget-heading .elementor-heading-title[class*=elementor-size-]>a{color:inherit;font-size:inherit;line-height:inherit}.elementor-widget-heading .elementor-heading-title.elementor-size-small{font-size:15px}.elementor-widget-heading .elementor-heading-title.elementor-size-medium{font-size:19px}.elementor-widget-heading .elementor-heading-title.elementor-size-large{font-size:29px}.elementor-widget-heading .elementor-heading-title.elementor-size-xl{font-size:39px}.elementor-widget-heading .elementor-heading-title.elementor-size-xxl{font-size:59px}<\/style><h2 class=\"elementor-heading-title elementor-size-default\">Le  + de Syneval<\/h2>\t\t<\/div>\n\t\t\t\t<\/div>\n\t\t\t\t<div class=\"elementor-element elementor-element-6f868df5 elementor-widget elementor-widget-text-editor\" data-id=\"6f868df5\" data-element_type=\"widget\" data-widget_type=\"text-editor.default\">\n\t\t\t\t<div class=\"elementor-widget-container\">\n\t\t\t\t\t\t\t<p>Le rapport Syneval int\u00e8gre une estimation pr\u00e9cise des honoraires de syndic en fonction des caract\u00e9ristiques de votre copropri\u00e9t\u00e9, ainsi qu\u2019un comparatif avec le syndic en place. Pour une parfaite information, le rapport Syneval mentionne les honoraires de suivi travaux pratiqu\u00e9s par les diff\u00e9rents syndics.<\/p><p>Pour comprendre comment <a href=\"https:\/\/www.syneval.fr\/comment-changer-de-syndic\/\" target=\"_blank\" rel=\"noopener\"><b>changer de syndic<\/b><\/a>, vous pouvez aussi consulter les pages suivantes\u00a0:<\/p><ul><li><a href=\"https:\/\/www.syneval.fr\/que-peut-facturer-le-syndic-en-plus-du-forfait-de-base\" target=\"_blank\" rel=\"noopener\">Que peut facturer le syndic en plus du forfait de base ?<\/a><\/li><li><a href=\"https:\/\/www.syneval.fr\/quelle-duree-pour-le-contrat-de-syndic\" target=\"_blank\" rel=\"noopener\">Quelle dur\u00e9e pour le contrat de syndic ?<\/a><\/li><li><a href=\"https:\/\/www.syneval.fr\/quelle-duree-pour-le-contrat-de-syndic\" target=\"_blank\" rel=\"noopener\">Quelle dur\u00e9e pour le contrat de syndic ?<\/a><\/li><li><a href=\"https:\/\/www.syneval.fr\/le-syndic-peut-il-percevoir-des-honoraires-pour-travaux\" target=\"_blank\" rel=\"noopener\">Le syndic peut-il percevoir des honoraires sur travaux\u00a0?<\/a><\/li><\/ul>\t\t\t\t\t\t<\/div>\n\t\t\t\t<\/div>\n\t\t\t\t\t<\/div>\n\t\t<\/div>\n\t\t\t\t\t\t\t<\/div>\n\t\t<\/section>\n\t\t\t\t\t\t\t<\/div>\n\t\t","protected":false},"excerpt":{"rendered":"<p>L\u2019article 10-1 de la loi du 10 juillet 1965 autorise, en effet, le syndic \u00e0 facturer certaines prestations clairement d\u00e9finies aupr\u00e8s du copropri\u00e9taire concern\u00e9. Seules les prestations pr\u00e9vues limitativement par cet article de loi peuvent donc \u00eatre factur\u00e9es \u00e0 un copropri\u00e9taire d\u00e9termin\u00e9 (frais de recouvrement d\u2019une cr\u00e9ance justifi\u00e9e, \u00e9tat dat\u00e9 lors d\u2019une mutation et les &hellip; <\/p>\n<p class=\"link-more\"><a href=\"https:\/\/preprod.syneval.com\/preprod\/des-honoraires-peuvent-ils-etre-factures-a-un-coproprietaire\/\" class=\"more-link\">Lire la suite de<span class=\"screen-reader-text\">\u00ab\u00a0Des honoraires peuvent-ils \u00eatre factur\u00e9s \u00e0 un copropri\u00e9taire\u00a0?\u00a0\u00bb<\/span><\/a><\/p>\n","protected":false},"author":2,"featured_media":0,"parent":0,"menu_order":0,"comment_status":"closed","ping_status":"closed","template":"","meta":{"footnotes":""},"class_list":["post-5171","page","type-page","status-publish","hentry"],"_links":{"self":[{"href":"https:\/\/preprod.syneval.com\/preprod\/wp-json\/wp\/v2\/pages\/5171","targetHints":{"allow":["GET"]}}],"collection":[{"href":"https:\/\/preprod.syneval.com\/preprod\/wp-json\/wp\/v2\/pages"}],"about":[{"href":"https:\/\/preprod.syneval.com\/preprod\/wp-json\/wp\/v2\/types\/page"}],"author":[{"embeddable":true,"href":"https:\/\/preprod.syneval.com\/preprod\/wp-json\/wp\/v2\/users\/2"}],"replies":[{"embeddable":true,"href":"https:\/\/preprod.syneval.com\/preprod\/wp-json\/wp\/v2\/comments?post=5171"}],"version-history":[{"count":11,"href":"https:\/\/preprod.syneval.com\/preprod\/wp-json\/wp\/v2\/pages\/5171\/revisions"}],"predecessor-version":[{"id":14374,"href":"https:\/\/preprod.syneval.com\/preprod\/wp-json\/wp\/v2\/pages\/5171\/revisions\/14374"}],"wp:attachment":[{"href":"https:\/\/preprod.syneval.com\/preprod\/wp-json\/wp\/v2\/media?parent=5171"}],"curies":[{"name":"wp","href":"https:\/\/api.w.org\/{rel}","templated":true}]}}