{"id":5137,"date":"2017-10-31T17:37:09","date_gmt":"2017-10-31T16:37:09","guid":{"rendered":"https:\/\/www.syneval.fr\/?page_id=5137"},"modified":"2023-11-24T01:22:29","modified_gmt":"2023-11-24T00:22:29","slug":"comment-presenter-la-copropriete-aux-candidats","status":"publish","type":"page","link":"https:\/\/preprod.syneval.com\/preprod\/comment-presenter-la-copropriete-aux-candidats\/","title":{"rendered":"Comment pr\u00e9senter la copropri\u00e9t\u00e9 aux candidats\u00a0?"},"content":{"rendered":"\t\t<div data-elementor-type=\"wp-page\" data-elementor-id=\"5137\" class=\"elementor elementor-5137\">\n\t\t\t\t\t\t\t\t\t<section class=\"elementor-section elementor-top-section elementor-element elementor-element-171363ae elementor-section-boxed elementor-section-height-default elementor-section-height-default\" data-id=\"171363ae\" data-element_type=\"section\">\n\t\t\t\t\t\t<div class=\"elementor-container elementor-column-gap-default\">\n\t\t\t\t\t<div class=\"elementor-column elementor-col-100 elementor-top-column elementor-element elementor-element-d05f03a\" data-id=\"d05f03a\" data-element_type=\"column\">\n\t\t\t<div class=\"elementor-widget-wrap elementor-element-populated\">\n\t\t\t\t\t\t\t\t<div class=\"elementor-element elementor-element-7ec26d0a elementor-widget elementor-widget-text-editor\" data-id=\"7ec26d0a\" data-element_type=\"widget\" data-widget_type=\"text-editor.default\">\n\t\t\t\t<div class=\"elementor-widget-container\">\n\t\t\t<style>\/*! elementor - v3.18.0 - 20-12-2023 *\/\n.elementor-widget-text-editor.elementor-drop-cap-view-stacked .elementor-drop-cap{background-color:#69727d;color:#fff}.elementor-widget-text-editor.elementor-drop-cap-view-framed .elementor-drop-cap{color:#69727d;border:3px solid;background-color:transparent}.elementor-widget-text-editor:not(.elementor-drop-cap-view-default) .elementor-drop-cap{margin-top:8px}.elementor-widget-text-editor:not(.elementor-drop-cap-view-default) .elementor-drop-cap-letter{width:1em;height:1em}.elementor-widget-text-editor .elementor-drop-cap{float:left;text-align:center;line-height:1;font-size:50px}.elementor-widget-text-editor .elementor-drop-cap-letter{display:inline-block}<\/style>\t\t\t\t<p>Lors d\u2019un <a href=\"https:\/\/www.syneval.fr\/comment-changer-de-syndic\/\" target=\"_blank\" rel=\"noopener\"><strong>changement de syndic<\/strong><\/a>, il faut pr\u00e9senter votre copropri\u00e9t\u00e9 aux candidats. Nous vous conseillons de ne pas masquer les points n\u00e9gatifs (contentieux, impay\u00e9s importants&#8230;) de peur que le syndic refuse de g\u00e9rer votre copropri\u00e9t\u00e9. Il est en effet important d\u2019instaurer une relation de confiance avec le syndic d\u00e8s le premier contact.<\/p>\n<p>Lors des r\u00e9unions de pr\u00e9sentation avec les syndics candidats, essayez de pr\u00e9senter votre copropri\u00e9t\u00e9 de mani\u00e8re pr\u00e9cise et objective. Exposez notamment les points suivants :<br><\/p><ul><li>Les raisons du changement de syndic<\/li><li>La situation comptable et financi\u00e8re<\/li><li>Les \u00e9ventuelles proc\u00e9dures en cours<\/li><li>Les \u00e9ventuels probl\u00e8mes d\u2019impay\u00e9s<\/li><li>Les travaux r\u00e9alis\u00e9s et \u00e0 venir<\/li><\/ul>\n<p>Nous conseillons au conseil syndical de montrer qu\u2019il est pr\u00eat \u00e0 \u00e9tablir une relation de travail efficace avec le syndic. Dans cette optique, les copropri\u00e9taires pourront pr\u00e9senter les comp\u00e9tences et attributions de chacun des membres du conseil syndical.<\/p>\n<p>Enfin, invitez le syndic \u00e0 se rendre dans votre copropri\u00e9t\u00e9 afin qu\u2019il puisse se familiariser avec l\u2019immeuble. La visite de l\u2019immeuble doit couvrir l\u2019ensemble des \u00e9l\u00e9ments collectifs : cage d\u2019escalier, chaufferie, caves, parkings&#8230;<\/p>\n<h2>\u00c0 retenir<\/h2>\n<ul><li>Le changement doit id\u00e9alement \u00eatre men\u00e9 par le conseil syndical.<\/li><li>Le conseil syndical peut \u00eatre assist\u00e9 par un courtier en syndic.<\/li><li>Faire visiter la copropri\u00e9t\u00e9 aux syndics candidats.<\/li><\/ul>\t\t\t\t\t\t<\/div>\n\t\t\t\t<\/div>\n\t\t\t\t\t<\/div>\n\t\t<\/div>\n\t\t\t\t\t\t\t<\/div>\n\t\t<\/section>\n\t\t\t\t<section class=\"elementor-section elementor-top-section elementor-element elementor-element-2193f4ac elementor-section-full_width elementor-section-stretched elementor-section-height-default elementor-section-height-default\" data-id=\"2193f4ac\" data-element_type=\"section\" data-settings=\"{&quot;stretch_section&quot;:&quot;section-stretched&quot;,&quot;background_background&quot;:&quot;classic&quot;}\">\n\t\t\t\t\t\t<div class=\"elementor-container elementor-column-gap-default\">\n\t\t\t\t\t<div class=\"elementor-column elementor-col-100 elementor-top-column elementor-element elementor-element-3a295573\" data-id=\"3a295573\" data-element_type=\"column\">\n\t\t\t<div class=\"elementor-widget-wrap elementor-element-populated\">\n\t\t\t\t\t\t\t\t<div class=\"elementor-element elementor-element-7c23a827 elementor-widget elementor-widget-heading\" data-id=\"7c23a827\" data-element_type=\"widget\" data-widget_type=\"heading.default\">\n\t\t\t\t<div class=\"elementor-widget-container\">\n\t\t\t<style>\/*! elementor - v3.18.0 - 20-12-2023 *\/\n.elementor-heading-title{padding:0;margin:0;line-height:1}.elementor-widget-heading .elementor-heading-title[class*=elementor-size-]>a{color:inherit;font-size:inherit;line-height:inherit}.elementor-widget-heading .elementor-heading-title.elementor-size-small{font-size:15px}.elementor-widget-heading .elementor-heading-title.elementor-size-medium{font-size:19px}.elementor-widget-heading .elementor-heading-title.elementor-size-large{font-size:29px}.elementor-widget-heading .elementor-heading-title.elementor-size-xl{font-size:39px}.elementor-widget-heading .elementor-heading-title.elementor-size-xxl{font-size:59px}<\/style><h2 class=\"elementor-heading-title elementor-size-default\">Le  + de Syneval<\/h2>\t\t<\/div>\n\t\t\t\t<\/div>\n\t\t\t\t<div class=\"elementor-element elementor-element-30c95508 elementor-widget elementor-widget-text-editor\" data-id=\"30c95508\" data-element_type=\"widget\" data-widget_type=\"text-editor.default\">\n\t\t\t\t<div class=\"elementor-widget-container\">\n\t\t\t\t\t\t\t<p>L\u2019entretien avec le conseil syndical, la visite de la copropri\u00e9t\u00e9 ainsi que l\u2019analyse des documents relatifs \u00e0 la copropri\u00e9t\u00e9 permettront \u00e0 votre conseiller de r\u00e9aliser un rapport d\u00e9taill\u00e9 pr\u00e9sentant votre copropri\u00e9t\u00e9. Ce rapport sera notamment communiqu\u00e9 aux syndics candidats.<\/p><p>Pour comprendre comment <b><a href=\"https:\/\/www.syneval.fr\/comment-changer-de-syndic\" target=\"_blank\" rel=\"noopener\">changer de syndic<\/a><\/b>, vous pouvez aussi consulter les pages suivantes\u00a0:<\/p><ul><li><a href=\"https:\/\/www.syneval.fr\/quel-syndic-pour-succeder-au-syndic-actuel\" target=\"_blank\" rel=\"noopener\">Quel syndic pour succ\u00e9der ?<\/a><\/li><li><a href=\"https:\/\/www.syneval.fr\/quelles-questions-poser-aux-syndics-candidats\" target=\"_blank\" rel=\"noopener\">Quelles questions poser aux syndics candidats ?<\/a><\/li><li><a href=\"https:\/\/www.syneval.fr\/combien-de-syndics-presenter-en-assemblee\" target=\"_blank\" rel=\"noopener\">Combien de syndics pr\u00e9senter en assembl\u00e9e ?<\/a><\/li><\/ul>\t\t\t\t\t\t<\/div>\n\t\t\t\t<\/div>\n\t\t\t\t\t<\/div>\n\t\t<\/div>\n\t\t\t\t\t\t\t<\/div>\n\t\t<\/section>\n\t\t\t\t\t\t\t<\/div>\n\t\t","protected":false},"excerpt":{"rendered":"<p>Lors d\u2019un changement de syndic, il faut pr\u00e9senter votre copropri\u00e9t\u00e9 aux candidats. Nous vous conseillons de ne pas masquer les points n\u00e9gatifs (contentieux, impay\u00e9s importants&#8230;) de peur que le syndic refuse de g\u00e9rer votre copropri\u00e9t\u00e9. Il est en effet important d\u2019instaurer une relation de confiance avec le syndic d\u00e8s le premier contact. Lors des r\u00e9unions &hellip; <\/p>\n<p class=\"link-more\"><a href=\"https:\/\/preprod.syneval.com\/preprod\/comment-presenter-la-copropriete-aux-candidats\/\" class=\"more-link\">Lire la suite de<span class=\"screen-reader-text\">\u00ab\u00a0Comment pr\u00e9senter la copropri\u00e9t\u00e9 aux candidats\u00a0?\u00a0\u00bb<\/span><\/a><\/p>\n","protected":false},"author":2,"featured_media":0,"parent":0,"menu_order":0,"comment_status":"closed","ping_status":"closed","template":"","meta":{"footnotes":""},"class_list":["post-5137","page","type-page","status-publish","hentry"],"_links":{"self":[{"href":"https:\/\/preprod.syneval.com\/preprod\/wp-json\/wp\/v2\/pages\/5137","targetHints":{"allow":["GET"]}}],"collection":[{"href":"https:\/\/preprod.syneval.com\/preprod\/wp-json\/wp\/v2\/pages"}],"about":[{"href":"https:\/\/preprod.syneval.com\/preprod\/wp-json\/wp\/v2\/types\/page"}],"author":[{"embeddable":true,"href":"https:\/\/preprod.syneval.com\/preprod\/wp-json\/wp\/v2\/users\/2"}],"replies":[{"embeddable":true,"href":"https:\/\/preprod.syneval.com\/preprod\/wp-json\/wp\/v2\/comments?post=5137"}],"version-history":[{"count":19,"href":"https:\/\/preprod.syneval.com\/preprod\/wp-json\/wp\/v2\/pages\/5137\/revisions"}],"predecessor-version":[{"id":14365,"href":"https:\/\/preprod.syneval.com\/preprod\/wp-json\/wp\/v2\/pages\/5137\/revisions\/14365"}],"wp:attachment":[{"href":"https:\/\/preprod.syneval.com\/preprod\/wp-json\/wp\/v2\/media?parent=5137"}],"curies":[{"name":"wp","href":"https:\/\/api.w.org\/{rel}","templated":true}]}}