{"id":5132,"date":"2017-11-06T17:13:40","date_gmt":"2017-11-06T16:13:40","guid":{"rendered":"https:\/\/www.syneval.fr\/?page_id=5132"},"modified":"2023-11-24T01:54:00","modified_gmt":"2023-11-24T00:54:00","slug":"quel-syndic-pour-succeder-au-syndic-actuel","status":"publish","type":"page","link":"https:\/\/preprod.syneval.com\/preprod\/quel-syndic-pour-succeder-au-syndic-actuel\/","title":{"rendered":"Quel syndic pour succ\u00e9der au syndic actuel ?"},"content":{"rendered":"\t\t<div data-elementor-type=\"wp-page\" data-elementor-id=\"5132\" class=\"elementor elementor-5132\">\n\t\t\t\t\t\t\t\t\t<section class=\"elementor-section elementor-top-section elementor-element elementor-element-95a751a elementor-section-boxed elementor-section-height-default elementor-section-height-default\" data-id=\"95a751a\" data-element_type=\"section\">\n\t\t\t\t\t\t<div class=\"elementor-container elementor-column-gap-default\">\n\t\t\t\t\t<div class=\"elementor-column elementor-col-100 elementor-top-column elementor-element elementor-element-7c6b5f48\" data-id=\"7c6b5f48\" data-element_type=\"column\">\n\t\t\t<div class=\"elementor-widget-wrap elementor-element-populated\">\n\t\t\t\t\t\t\t\t<div class=\"elementor-element elementor-element-79fb4258 elementor-widget elementor-widget-text-editor\" data-id=\"79fb4258\" data-element_type=\"widget\" data-widget_type=\"text-editor.default\">\n\t\t\t\t<div class=\"elementor-widget-container\">\n\t\t\t<style>\/*! elementor - v3.18.0 - 20-12-2023 *\/\n.elementor-widget-text-editor.elementor-drop-cap-view-stacked .elementor-drop-cap{background-color:#69727d;color:#fff}.elementor-widget-text-editor.elementor-drop-cap-view-framed .elementor-drop-cap{color:#69727d;border:3px solid;background-color:transparent}.elementor-widget-text-editor:not(.elementor-drop-cap-view-default) .elementor-drop-cap{margin-top:8px}.elementor-widget-text-editor:not(.elementor-drop-cap-view-default) .elementor-drop-cap-letter{width:1em;height:1em}.elementor-widget-text-editor .elementor-drop-cap{float:left;text-align:center;line-height:1;font-size:50px}.elementor-widget-text-editor .elementor-drop-cap-letter{display:inline-block}<\/style>\t\t\t\t<p><strong><a href=\"https:\/\/www.syneval.fr\/comment-changer-de-syndic\/\" target=\"_blank\" rel=\"noopener\">Changer de syndic<\/a><\/strong> ne s\u2019improvise pas : comme dans bien des domaines, on sait ce que l\u2019on quitte mais rarement ce que l\u2019on obtient en contrepartie. A n de r\u00e9duire les risques de mauvaises surprises, le conseil syndical peut faire le choix d\u2019\u00eatre assist\u00e9 par un professionnel, un courtier en syndic :<\/p><p>Conseil syndical seul<br \/>Mandater un courtier en syndic<\/p><ul><li>Le CS s\u00e9lectionne les syndics \u00e0 solliciter sur la base d\u2019informations recueillies \u201cici et l\u00e0\u201d (g\u00e9n\u00e9ralement par bouche-\u00e0-oreille).<\/li><li>Le CS r\u00e9colte les devis des diff\u00e9rents syndics, compare les honoraires pratiqu\u00e9s en fonction des caract\u00e9ristiques de la copropri\u00e9t\u00e9 et \u00e9change avec ces derniers autour de leurs m\u00e9thodes de gestion et d\u2019organisation.<\/li><li>Cela n\u00e9cessite un investissement en temps important ainsi qu\u2019une certaine expertise (notamment comptable et juridique).<\/li><li>Le courtier en syndic s\u00e9lectionne les syndics correspondants aux crit\u00e8res d\u00e9finis par le conseil syndical.<\/li><li>Il r\u00e9alise une analyse comparative des contrats ainsi que des profils des diff\u00e9rents syndics.<\/li><li>Il conseille et accompagne le conseil syndical tout au long du changement de syndic.<\/li><li>La copropri\u00e9t\u00e9 b\u00e9n\u00e9ficie d\u2019une proposition mieux ma\u00eetris\u00e9e sur le plan financier.<\/li><li>Cette solution est tout \u00e0 l\u2019avantage de la copropri\u00e9t\u00e9 car son co\u00fbt est principalement \u00e0 la charge du syndic retenu.<\/li><\/ul><p>Pour comprendre comment <a href=\"https:\/\/www.syneval.fr\/comment-changer-de-syndic\" target=\"_blank\" rel=\"noopener\"><b>changer de syndic<\/b><\/a>, vous pouvez aussi consulter les pages suivantes\u00a0:<\/p><ul><li><a href=\"https:\/\/www.syneval.fr\/comment-presenter-la-copropriete-aux-candidats\" target=\"_blank\" rel=\"noopener\">Comment pr\u00e9senter la copropri\u00e9t\u00e9 aux candidats ?<\/a><\/li><li><a href=\"https:\/\/www.syneval.fr\/quelles-questions-poser-aux-syndics-candidats\" target=\"_blank\" rel=\"noopener\">Quelles questions poser aux syndics candidats ?<\/a><\/li><li><a href=\"https:\/\/www.syneval.fr\/combien-de-syndics-presenter-en-assemblee\" target=\"_blank\" rel=\"noopener\">Combien de syndics pr\u00e9senter en assembl\u00e9e ?<\/a><\/li><\/ul>\t\t\t\t\t\t<\/div>\n\t\t\t\t<\/div>\n\t\t\t\t\t<\/div>\n\t\t<\/div>\n\t\t\t\t\t\t\t<\/div>\n\t\t<\/section>\n\t\t\t\t\t\t\t<\/div>\n\t\t","protected":false},"excerpt":{"rendered":"<p>Changer de syndic ne s\u2019improvise pas : comme dans bien des domaines, on sait ce que l\u2019on quitte mais rarement ce que l\u2019on obtient en contrepartie. A n de r\u00e9duire les risques de mauvaises surprises, le conseil syndical peut faire le choix d\u2019\u00eatre assist\u00e9 par un professionnel, un courtier en syndic : Conseil syndical seulMandater &hellip; <\/p>\n<p class=\"link-more\"><a href=\"https:\/\/preprod.syneval.com\/preprod\/quel-syndic-pour-succeder-au-syndic-actuel\/\" class=\"more-link\">Lire la suite de<span class=\"screen-reader-text\">\u00ab\u00a0Quel syndic pour succ\u00e9der au syndic actuel ?\u00a0\u00bb<\/span><\/a><\/p>\n","protected":false},"author":2,"featured_media":0,"parent":0,"menu_order":0,"comment_status":"closed","ping_status":"closed","template":"","meta":{"footnotes":""},"class_list":["post-5132","page","type-page","status-publish","hentry"],"_links":{"self":[{"href":"https:\/\/preprod.syneval.com\/preprod\/wp-json\/wp\/v2\/pages\/5132","targetHints":{"allow":["GET"]}}],"collection":[{"href":"https:\/\/preprod.syneval.com\/preprod\/wp-json\/wp\/v2\/pages"}],"about":[{"href":"https:\/\/preprod.syneval.com\/preprod\/wp-json\/wp\/v2\/types\/page"}],"author":[{"embeddable":true,"href":"https:\/\/preprod.syneval.com\/preprod\/wp-json\/wp\/v2\/users\/2"}],"replies":[{"embeddable":true,"href":"https:\/\/preprod.syneval.com\/preprod\/wp-json\/wp\/v2\/comments?post=5132"}],"version-history":[{"count":19,"href":"https:\/\/preprod.syneval.com\/preprod\/wp-json\/wp\/v2\/pages\/5132\/revisions"}],"predecessor-version":[{"id":14450,"href":"https:\/\/preprod.syneval.com\/preprod\/wp-json\/wp\/v2\/pages\/5132\/revisions\/14450"}],"wp:attachment":[{"href":"https:\/\/preprod.syneval.com\/preprod\/wp-json\/wp\/v2\/media?parent=5132"}],"curies":[{"name":"wp","href":"https:\/\/api.w.org\/{rel}","templated":true}]}}