{"id":5073,"date":"2017-10-16T22:51:24","date_gmt":"2017-10-16T20:51:24","guid":{"rendered":"https:\/\/www.syneval.fr\/?page_id=5073"},"modified":"2023-11-24T01:26:01","modified_gmt":"2023-11-24T00:26:01","slug":"cas-changer-de-syndic-syneval","status":"publish","type":"page","link":"https:\/\/preprod.syneval.com\/preprod\/cas-changer-de-syndic-syneval\/","title":{"rendered":"Dans quel cas changer de syndic ?"},"content":{"rendered":"\t\t<div data-elementor-type=\"wp-page\" data-elementor-id=\"5073\" class=\"elementor elementor-5073\">\n\t\t\t\t\t\t\t\t\t<section class=\"elementor-section elementor-top-section elementor-element elementor-element-6645def elementor-section-boxed elementor-section-height-default elementor-section-height-default\" data-id=\"6645def\" data-element_type=\"section\">\n\t\t\t\t\t\t<div class=\"elementor-container elementor-column-gap-default\">\n\t\t\t\t\t<div class=\"elementor-column elementor-col-100 elementor-top-column elementor-element elementor-element-24b86b5\" data-id=\"24b86b5\" data-element_type=\"column\">\n\t\t\t<div class=\"elementor-widget-wrap elementor-element-populated\">\n\t\t\t\t\t\t\t\t<div class=\"elementor-element elementor-element-10aef8a elementor-widget elementor-widget-image\" data-id=\"10aef8a\" data-element_type=\"widget\" data-widget_type=\"image.default\">\n\t\t\t\t<div class=\"elementor-widget-container\">\n\t\t\t<style>\/*! elementor - v3.18.0 - 20-12-2023 *\/\n.elementor-widget-image{text-align:center}.elementor-widget-image a{display:inline-block}.elementor-widget-image a img[src$=\".svg\"]{width:48px}.elementor-widget-image img{vertical-align:middle;display:inline-block}<\/style>\t\t\t\t\t\t\t\t\t\t\t\t<img fetchpriority=\"high\" decoding=\"async\" width=\"950\" height=\"634\" src=\"https:\/\/preprod.syneval.com\/preprod\/wp-content\/uploads\/2023\/07\/sean-pollock-PhYq704ffdA-unsplash-1024x683.jpg\" class=\"attachment-large size-large wp-image-13374\" alt=\"Gratte-ciel haut building\" srcset=\"https:\/\/preprod.syneval.com\/preprod\/wp-content\/uploads\/2023\/07\/sean-pollock-PhYq704ffdA-unsplash-1024x683.jpg 1024w, https:\/\/preprod.syneval.com\/preprod\/wp-content\/uploads\/2023\/07\/sean-pollock-PhYq704ffdA-unsplash-300x200.jpg 300w, https:\/\/preprod.syneval.com\/preprod\/wp-content\/uploads\/2023\/07\/sean-pollock-PhYq704ffdA-unsplash-768x512.jpg 768w, https:\/\/preprod.syneval.com\/preprod\/wp-content\/uploads\/2023\/07\/sean-pollock-PhYq704ffdA-unsplash-1536x1024.jpg 1536w, https:\/\/preprod.syneval.com\/preprod\/wp-content\/uploads\/2023\/07\/sean-pollock-PhYq704ffdA-unsplash.jpg 1920w\" sizes=\"100vw\" \/>\t\t\t\t\t\t\t\t\t\t\t\t\t\t\t<\/div>\n\t\t\t\t<\/div>\n\t\t\t\t\t<\/div>\n\t\t<\/div>\n\t\t\t\t\t\t\t<\/div>\n\t\t<\/section>\n\t\t\t\t<section class=\"elementor-section elementor-top-section elementor-element elementor-element-6b6494fd elementor-section-boxed elementor-section-height-default elementor-section-height-default\" data-id=\"6b6494fd\" data-element_type=\"section\">\n\t\t\t\t\t\t<div class=\"elementor-container elementor-column-gap-default\">\n\t\t\t\t\t<div class=\"elementor-column elementor-col-100 elementor-top-column elementor-element elementor-element-76e0090d\" data-id=\"76e0090d\" data-element_type=\"column\">\n\t\t\t<div class=\"elementor-widget-wrap elementor-element-populated\">\n\t\t\t\t\t\t\t\t<div class=\"elementor-element elementor-element-4738535c elementor-widget elementor-widget-text-editor\" data-id=\"4738535c\" data-element_type=\"widget\" data-widget_type=\"text-editor.default\">\n\t\t\t\t<div class=\"elementor-widget-container\">\n\t\t\t<style>\/*! elementor - v3.18.0 - 20-12-2023 *\/\n.elementor-widget-text-editor.elementor-drop-cap-view-stacked .elementor-drop-cap{background-color:#69727d;color:#fff}.elementor-widget-text-editor.elementor-drop-cap-view-framed .elementor-drop-cap{color:#69727d;border:3px solid;background-color:transparent}.elementor-widget-text-editor:not(.elementor-drop-cap-view-default) .elementor-drop-cap{margin-top:8px}.elementor-widget-text-editor:not(.elementor-drop-cap-view-default) .elementor-drop-cap-letter{width:1em;height:1em}.elementor-widget-text-editor .elementor-drop-cap{float:left;text-align:center;line-height:1;font-size:50px}.elementor-widget-text-editor .elementor-drop-cap-letter{display:inline-block}<\/style>\t\t\t\t<p>Le m\u00e9tier de syndic est une activit\u00e9 de service reposant pour beaucoup sur la capacit\u00e9 du gestionnaire et des copropri\u00e9taires \u00e0 instaurer une relation de travail stable et efficace. Il peut arriver que cette relation se d\u00e9grade et que la communication devienne difficile. Malgr\u00e9 la d\u00e9t\u00e9rioration des relations avec le syndic, les copropri\u00e9taires se doivent de rester factuels quant aux critiques \u00e9mises \u00e0 son encontre.<\/p><p>Dans cette optique, il est important d\u2019associer un maximum de copropri\u00e9taires \u00e0 la d\u00e9marche de <a href=\"https:\/\/www.syneval.fr\/comment-changer-de-syndic\" target=\"_blank\" rel=\"noopener\"><strong><span style=\"color: #000000;\"><span style=\"color: #000000;\">changement de syndic<\/span><\/span><\/strong><\/a>, notamment en r\u00e9coltant leurs critiques et points de satisfaction.<\/p><p>Obligation de mise en concurrence<\/p><p>La Loi ALUR, promulgu\u00e9e en mars 2014, impose au conseil syndical de r\u00e9aliser une mise en concurrence du mandat de syndic. Celle-ci doit \u00eatre r\u00e9alis\u00e9e tous les 3 ans. (Loi Macron, ao\u00fbt 2015).<\/p><h2>Les questions \u00e0 se poser pour changer de syndic<\/h2><p>Posez-vous des questions simples :<\/p><ul><li>Le syndic est-il r\u00e9actif lorsqu\u2019une demande lui parvient, notamment par mail\u00a0?<\/li><li>Tient-il le conseil syndical r\u00e9guli\u00e8rement inform\u00e9 des dossiers en cours ?<\/li><li>Convoque-t-il l\u2019assembl\u00e9e g\u00e9n\u00e9rale dans les 6 mois suivants l\u2019arr\u00eat\u00e9 comptable ?<\/li><li>Applique-t-il les d\u00e9cisions prises en AG ?<\/li><li>Les contrats d\u2019entretien et de maintenance sont-ils r\u00e9guli\u00e8rement ren\u00e9goci\u00e9s ?<\/li><li>Les impay\u00e9s font-ils l\u2019objet d\u2019une proc\u00e9dure de recouvrement efficace ?<\/li><li>Les travaux au sein de la copropri\u00e9t\u00e9 sont-ils correctement suivis ?<\/li><\/ul>\t\t\t\t\t\t<\/div>\n\t\t\t\t<\/div>\n\t\t\t\t\t<\/div>\n\t\t<\/div>\n\t\t\t\t\t\t\t<\/div>\n\t\t<\/section>\n\t\t\t\t<section class=\"elementor-section elementor-top-section elementor-element elementor-element-60fd6aad elementor-section-full_width elementor-section-stretched elementor-section-height-default elementor-section-height-default\" data-id=\"60fd6aad\" data-element_type=\"section\" data-settings=\"{&quot;stretch_section&quot;:&quot;section-stretched&quot;,&quot;background_background&quot;:&quot;classic&quot;}\">\n\t\t\t\t\t\t<div class=\"elementor-container elementor-column-gap-default\">\n\t\t\t\t\t<div class=\"elementor-column elementor-col-100 elementor-top-column elementor-element elementor-element-4520815b\" data-id=\"4520815b\" data-element_type=\"column\">\n\t\t\t<div class=\"elementor-widget-wrap elementor-element-populated\">\n\t\t\t\t\t\t\t\t<div class=\"elementor-element elementor-element-7ebd30f8 elementor-widget elementor-widget-heading\" data-id=\"7ebd30f8\" data-element_type=\"widget\" data-widget_type=\"heading.default\">\n\t\t\t\t<div class=\"elementor-widget-container\">\n\t\t\t<style>\/*! elementor - v3.18.0 - 20-12-2023 *\/\n.elementor-heading-title{padding:0;margin:0;line-height:1}.elementor-widget-heading .elementor-heading-title[class*=elementor-size-]>a{color:inherit;font-size:inherit;line-height:inherit}.elementor-widget-heading .elementor-heading-title.elementor-size-small{font-size:15px}.elementor-widget-heading .elementor-heading-title.elementor-size-medium{font-size:19px}.elementor-widget-heading .elementor-heading-title.elementor-size-large{font-size:29px}.elementor-widget-heading .elementor-heading-title.elementor-size-xl{font-size:39px}.elementor-widget-heading .elementor-heading-title.elementor-size-xxl{font-size:59px}<\/style><h2 class=\"elementor-heading-title elementor-size-default\">Le  + de Syneval<\/h2>\t\t<\/div>\n\t\t\t\t<\/div>\n\t\t\t\t<div class=\"elementor-element elementor-element-31ce8588 elementor-widget elementor-widget-text-editor\" data-id=\"31ce8588\" data-element_type=\"widget\" data-widget_type=\"text-editor.default\">\n\t\t\t\t<div class=\"elementor-widget-container\">\n\t\t\t\t\t\t\t<p>Votre conseiller vous aide \u00e0 d\u00e9finir les crit\u00e8res de s\u00e9lection afin de vous pr\u00e9senter les 3 cabinets correspondant le mieux aux caract\u00e9ristiques de votre immeuble et \u00e0 vos besoins.<\/p>\t\t\t\t\t\t<\/div>\n\t\t\t\t<\/div>\n\t\t\t\t<div class=\"elementor-element elementor-element-f41f679 elementor-widget elementor-widget-text-editor\" data-id=\"f41f679\" data-element_type=\"widget\" data-widget_type=\"text-editor.default\">\n\t\t\t\t<div class=\"elementor-widget-container\">\n\t\t\t\t\t\t\t<p>Pour comprendre comment <b><a href=\"https:\/\/www.syneval.fr\/comment-changer-de-syndic\" target=\"_blank\" rel=\"noopener\">changer de syndic<\/a><\/b>, vous pouvez aussi consulter les pages suivantes\u00a0:<\/p>\t\t\t\t\t\t<\/div>\n\t\t\t\t<\/div>\n\t\t\t\t<div class=\"elementor-element elementor-element-3164a34 elementor-icon-list--layout-traditional elementor-list-item-link-full_width elementor-widget elementor-widget-icon-list\" data-id=\"3164a34\" data-element_type=\"widget\" data-widget_type=\"icon-list.default\">\n\t\t\t\t<div class=\"elementor-widget-container\">\n\t\t\t<link rel=\"stylesheet\" href=\"https:\/\/preprod.syneval.com\/preprod\/wp-content\/plugins\/elementor\/assets\/css\/widget-icon-list.min.css\">\t\t<ul class=\"elementor-icon-list-items\">\n\t\t\t\t\t\t\t<li class=\"elementor-icon-list-item\">\n\t\t\t\t\t\t\t\t\t\t\t<a href=\"https:\/\/www.syneval.fr\/quand-peut-on-changer-de-syndic\/\" target=\"_blank\" rel=\"noopener\">\n\n\t\t\t\t\t\t\t\t\t\t\t\t<span class=\"elementor-icon-list-icon\">\n\t\t\t\t\t\t\t<i aria-hidden=\"true\" class=\"fas fa-check\"><\/i>\t\t\t\t\t\t<\/span>\n\t\t\t\t\t\t\t\t\t\t<span class=\"elementor-icon-list-text\">Quand peut-on changer de syndic ?<\/span>\n\t\t\t\t\t\t\t\t\t\t\t<\/a>\n\t\t\t\t\t\t\t\t\t<\/li>\n\t\t\t\t\t\t<\/ul>\n\t\t\t\t<\/div>\n\t\t\t\t<\/div>\n\t\t\t\t\t<\/div>\n\t\t<\/div>\n\t\t\t\t\t\t\t<\/div>\n\t\t<\/section>\n\t\t\t\t\t\t\t<\/div>\n\t\t","protected":false},"excerpt":{"rendered":"<p>Le m\u00e9tier de syndic est une activit\u00e9 de service reposant pour beaucoup sur la capacit\u00e9 du gestionnaire et des copropri\u00e9taires \u00e0 instaurer une relation de travail stable et efficace. Il peut arriver que cette relation se d\u00e9grade et que la communication devienne difficile. Malgr\u00e9 la d\u00e9t\u00e9rioration des relations avec le syndic, les copropri\u00e9taires se doivent &hellip; <\/p>\n<p class=\"link-more\"><a href=\"https:\/\/preprod.syneval.com\/preprod\/cas-changer-de-syndic-syneval\/\" class=\"more-link\">Lire la suite de<span class=\"screen-reader-text\">\u00ab\u00a0Dans quel cas changer de syndic ?\u00a0\u00bb<\/span><\/a><\/p>\n","protected":false},"author":2,"featured_media":0,"parent":0,"menu_order":0,"comment_status":"closed","ping_status":"closed","template":"","meta":{"footnotes":""},"class_list":["post-5073","page","type-page","status-publish","hentry"],"_links":{"self":[{"href":"https:\/\/preprod.syneval.com\/preprod\/wp-json\/wp\/v2\/pages\/5073","targetHints":{"allow":["GET"]}}],"collection":[{"href":"https:\/\/preprod.syneval.com\/preprod\/wp-json\/wp\/v2\/pages"}],"about":[{"href":"https:\/\/preprod.syneval.com\/preprod\/wp-json\/wp\/v2\/types\/page"}],"author":[{"embeddable":true,"href":"https:\/\/preprod.syneval.com\/preprod\/wp-json\/wp\/v2\/users\/2"}],"replies":[{"embeddable":true,"href":"https:\/\/preprod.syneval.com\/preprod\/wp-json\/wp\/v2\/comments?post=5073"}],"version-history":[{"count":31,"href":"https:\/\/preprod.syneval.com\/preprod\/wp-json\/wp\/v2\/pages\/5073\/revisions"}],"predecessor-version":[{"id":14383,"href":"https:\/\/preprod.syneval.com\/preprod\/wp-json\/wp\/v2\/pages\/5073\/revisions\/14383"}],"wp:attachment":[{"href":"https:\/\/preprod.syneval.com\/preprod\/wp-json\/wp\/v2\/media?parent=5073"}],"curies":[{"name":"wp","href":"https:\/\/api.w.org\/{rel}","templated":true}]}}