{"id":357,"date":"2011-08-30T18:51:30","date_gmt":"2011-08-30T16:51:30","guid":{"rendered":"http:\/\/syneval.projectsbox.fr\/?page_id=357"},"modified":"2024-01-04T10:40:34","modified_gmt":"2024-01-04T09:40:34","slug":"courtier-en-syndic-les-avantages","status":"publish","type":"page","link":"https:\/\/preprod.syneval.com\/preprod\/courtier-en-syndic-de-copropriete\/courtier-en-syndic-les-avantages\/","title":{"rendered":"Les avantages"},"content":{"rendered":"\t\t<div data-elementor-type=\"wp-page\" data-elementor-id=\"357\" class=\"elementor elementor-357\">\n\t\t\t\t\t\t\t\t\t<section class=\"elementor-section elementor-top-section elementor-element elementor-element-eff03f1 elementor-section-boxed elementor-section-height-default elementor-section-height-default\" data-id=\"eff03f1\" data-element_type=\"section\">\n\t\t\t\t\t\t<div class=\"elementor-container elementor-column-gap-default\">\n\t\t\t\t\t<div class=\"elementor-column elementor-col-50 elementor-top-column elementor-element elementor-element-46ea7f3\" data-id=\"46ea7f3\" data-element_type=\"column\" data-settings=\"{&quot;background_background&quot;:&quot;classic&quot;}\">\n\t\t\t<div class=\"elementor-widget-wrap elementor-element-populated\">\n\t\t\t\t\t\t\t\t<div class=\"elementor-element elementor-element-112494e elementor-invisible elementor-widget elementor-widget-image\" data-id=\"112494e\" data-element_type=\"widget\" data-settings=\"{&quot;_animation&quot;:&quot;fadeInUp&quot;}\" data-widget_type=\"image.default\">\n\t\t\t\t<div class=\"elementor-widget-container\">\n\t\t\t<style>\/*! elementor - v3.18.0 - 20-12-2023 *\/\n.elementor-widget-image{text-align:center}.elementor-widget-image a{display:inline-block}.elementor-widget-image a img[src$=\".svg\"]{width:48px}.elementor-widget-image img{vertical-align:middle;display:inline-block}<\/style>\t\t\t\t\t\t\t\t\t\t\t\t<img fetchpriority=\"high\" decoding=\"async\" width=\"768\" height=\"512\" src=\"https:\/\/preprod.syneval.com\/preprod\/wp-content\/uploads\/2023\/07\/sean-pollock-PhYq704ffdA-unsplash-768x512.jpg\" class=\"attachment-medium_large size-medium_large wp-image-13374\" alt=\"Gratte-ciel haut building\" srcset=\"https:\/\/preprod.syneval.com\/preprod\/wp-content\/uploads\/2023\/07\/sean-pollock-PhYq704ffdA-unsplash-768x512.jpg 768w, https:\/\/preprod.syneval.com\/preprod\/wp-content\/uploads\/2023\/07\/sean-pollock-PhYq704ffdA-unsplash-300x200.jpg 300w, https:\/\/preprod.syneval.com\/preprod\/wp-content\/uploads\/2023\/07\/sean-pollock-PhYq704ffdA-unsplash-1024x683.jpg 1024w, https:\/\/preprod.syneval.com\/preprod\/wp-content\/uploads\/2023\/07\/sean-pollock-PhYq704ffdA-unsplash-1536x1024.jpg 1536w, https:\/\/preprod.syneval.com\/preprod\/wp-content\/uploads\/2023\/07\/sean-pollock-PhYq704ffdA-unsplash.jpg 1920w\" sizes=\"100vw\" \/>\t\t\t\t\t\t\t\t\t\t\t\t\t\t\t<\/div>\n\t\t\t\t<\/div>\n\t\t\t\t<div class=\"elementor-element elementor-element-e860159 elementor-absolute elementor-invisible elementor-widget elementor-widget-image\" data-id=\"e860159\" data-element_type=\"widget\" data-settings=\"{&quot;_position&quot;:&quot;absolute&quot;,&quot;_animation&quot;:&quot;fadeInLeft&quot;}\" data-widget_type=\"image.default\">\n\t\t\t\t<div class=\"elementor-widget-container\">\n\t\t\t\t\t\t\t\t\t\t\t\t\t\t\t<img decoding=\"async\" width=\"300\" height=\"300\" src=\"https:\/\/preprod.syneval.com\/preprod\/wp-content\/uploads\/2012\/08\/fotolia_copropriete_34718375_xl-300x300.jpg\" class=\"attachment-medium size-medium wp-image-2179\" alt=\"copropri\u00e9t\u00e9 Paris\" srcset=\"https:\/\/preprod.syneval.com\/preprod\/wp-content\/uploads\/2012\/08\/fotolia_copropriete_34718375_xl-300x300.jpg 300w, https:\/\/preprod.syneval.com\/preprod\/wp-content\/uploads\/2012\/08\/fotolia_copropriete_34718375_xl-1024x1024.jpg 1024w, https:\/\/preprod.syneval.com\/preprod\/wp-content\/uploads\/2012\/08\/fotolia_copropriete_34718375_xl-150x150.jpg 150w, https:\/\/preprod.syneval.com\/preprod\/wp-content\/uploads\/2012\/08\/fotolia_copropriete_34718375_xl-2000x1998.jpg 2000w, https:\/\/preprod.syneval.com\/preprod\/wp-content\/uploads\/2012\/08\/fotolia_copropriete_34718375_xl-scaled-1536x1534.jpg 1536w, https:\/\/preprod.syneval.com\/preprod\/wp-content\/uploads\/2012\/08\/fotolia_copropriete_34718375_xl-scaled-2048x2046.jpg 2048w\" sizes=\"100vw\" \/>\t\t\t\t\t\t\t\t\t\t\t\t\t\t\t<\/div>\n\t\t\t\t<\/div>\n\t\t\t\t<div class=\"elementor-element elementor-element-b5243ad elementor-absolute elementor-invisible elementor-widget elementor-widget-image\" data-id=\"b5243ad\" data-element_type=\"widget\" data-settings=\"{&quot;_position&quot;:&quot;absolute&quot;,&quot;_animation&quot;:&quot;fadeInLeft&quot;}\" data-widget_type=\"image.default\">\n\t\t\t\t<div class=\"elementor-widget-container\">\n\t\t\t\t\t\t\t\t\t\t\t\t\t\t\t<img decoding=\"async\" width=\"768\" height=\"465\" src=\"https:\/\/preprod.syneval.com\/preprod\/wp-content\/uploads\/2023\/06\/architecture-syneval-768x465.jpg\" class=\"attachment-medium_large size-medium_large wp-image-13163\" alt=\"architecture-syneval\" srcset=\"https:\/\/preprod.syneval.com\/preprod\/wp-content\/uploads\/2023\/06\/architecture-syneval-768x465.jpg 768w, https:\/\/preprod.syneval.com\/preprod\/wp-content\/uploads\/2023\/06\/architecture-syneval-300x182.jpg 300w, https:\/\/preprod.syneval.com\/preprod\/wp-content\/uploads\/2023\/06\/architecture-syneval-1024x620.jpg 1024w, https:\/\/preprod.syneval.com\/preprod\/wp-content\/uploads\/2023\/06\/architecture-syneval-1536x929.jpg 1536w, https:\/\/preprod.syneval.com\/preprod\/wp-content\/uploads\/2023\/06\/architecture-syneval-2048x1239.jpg 2048w, https:\/\/preprod.syneval.com\/preprod\/wp-content\/uploads\/2023\/06\/architecture-syneval-2000x1210.jpg 2000w\" sizes=\"100vw\" \/>\t\t\t\t\t\t\t\t\t\t\t\t\t\t\t<\/div>\n\t\t\t\t<\/div>\n\t\t\t\t\t<\/div>\n\t\t<\/div>\n\t\t\t\t<div class=\"elementor-column elementor-col-50 elementor-top-column elementor-element elementor-element-f9aeb7e\" data-id=\"f9aeb7e\" data-element_type=\"column\">\n\t\t\t<div class=\"elementor-widget-wrap elementor-element-populated\">\n\t\t\t\t\t\t\t\t<div class=\"elementor-element elementor-element-7cdfb99a elementor-widget elementor-widget-text-editor\" data-id=\"7cdfb99a\" data-element_type=\"widget\" data-widget_type=\"text-editor.default\">\n\t\t\t\t<div class=\"elementor-widget-container\">\n\t\t\t<style>\/*! elementor - v3.18.0 - 20-12-2023 *\/\n.elementor-widget-text-editor.elementor-drop-cap-view-stacked .elementor-drop-cap{background-color:#69727d;color:#fff}.elementor-widget-text-editor.elementor-drop-cap-view-framed .elementor-drop-cap{color:#69727d;border:3px solid;background-color:transparent}.elementor-widget-text-editor:not(.elementor-drop-cap-view-default) .elementor-drop-cap{margin-top:8px}.elementor-widget-text-editor:not(.elementor-drop-cap-view-default) .elementor-drop-cap-letter{width:1em;height:1em}.elementor-widget-text-editor .elementor-drop-cap{float:left;text-align:center;line-height:1;font-size:50px}.elementor-widget-text-editor .elementor-drop-cap-letter{display:inline-block}<\/style>\t\t\t\t<p><u><b>Mandater Syneval est simple :\u00a0<\/b><\/u><\/p><p>Il vous suffit de le contacter afin de <b>fixer un rdv avec le conseil syndical au sein de la copropri\u00e9t\u00e9,<\/b> ce qui permettra d&rsquo;effectuer une visite de la copropri\u00e9t\u00e9 et de lui communiquer un certain nombre de documents relatifs \u00e0 la copropri\u00e9t\u00e9.\u00a0<\/p><p>A l&rsquo;issue de ces diligences, vous pourrez alors<strong> b\u00e9n\u00e9ficier des conseils d&rsquo;un professionnel tout au long du processus de changement de syndic.<\/strong><\/p>\t\t\t\t\t\t<\/div>\n\t\t\t\t<\/div>\n\t\t\t\t<div class=\"elementor-element elementor-element-2798330 elementor-view-default elementor-invisible elementor-widget elementor-widget-icon\" data-id=\"2798330\" data-element_type=\"widget\" data-settings=\"{&quot;_animation&quot;:&quot;fadeInUp&quot;}\" data-widget_type=\"icon.default\">\n\t\t\t\t<div class=\"elementor-widget-container\">\n\t\t\t\t\t<div class=\"elementor-icon-wrapper\">\n\t\t\t<div class=\"elementor-icon\">\n\t\t\t<i aria-hidden=\"true\" class=\"fas fa-arrow-down\"><\/i>\t\t\t<\/div>\n\t\t<\/div>\n\t\t\t\t<\/div>\n\t\t\t\t<\/div>\n\t\t\t\t<div class=\"elementor-element elementor-element-74755f4 elementor-invisible elementor-widget elementor-widget-text-editor\" data-id=\"74755f4\" data-element_type=\"widget\" data-settings=\"{&quot;_animation&quot;:&quot;fadeInUp&quot;}\" data-widget_type=\"text-editor.default\">\n\t\t\t\t<div class=\"elementor-widget-container\">\n\t\t\t\t\t\t\t<h2><u>Un gain de temps significatif<\/u><\/h2><ul><li>Changer de syndic n\u2019est pas une t\u00e2che facile \u00e0 r\u00e9aliser. Entre le recensement des syndics, la demande de devis, l\u2019analyse des contrats re\u00e7us et la s\u00e9lection du syndic, plusieurs heures de travail sont au minimum n\u00e9cessaires.<\/li><li>A cela, il faut ajouter l\u2019organisation des visites de l\u2019immeuble ainsi que le d\u00e9lai de r\u00e9ception des devis.<\/li><li>Le courtier en syndic s\u2019acquitte de la quasi-int\u00e9gralit\u00e9 de ces d\u00e9marches et fait ainsi \u00e9conomiser un temps pr\u00e9cieux aux copropri\u00e9taires.<\/li><\/ul><h2><u>Un appel d\u2019offres large<\/u><\/h2><ul><li>La s\u00e9lection s\u2019op\u00e8re sur un choix tr\u00e8s large de prestataires. Sans le concours de votre courtier en syndic, il serait en pratique tr\u00e8s difficile pour un copropri\u00e9taire de contacter un nombre aussi \u00e9lev\u00e9 de syndics.<\/li><\/ul><h2><u>B\u00e9n\u00e9ficier de l\u2019expertise d\u2019un professionnel<\/u><\/h2><ul><li>Votre courtier en syndic r\u00e9alisera pour vous une analyse d\u00e9taill\u00e9e des contrats et vous assistera jusqu\u2019au vote en assembl\u00e9e g\u00e9n\u00e9rale.<\/li><li>Disponible, il vous conseillera et r\u00e9pondra \u00e0 toutes vos questions<\/li><li>Votre courtier n\u00e9gocie avec les syndics des contrats plus protecteurs que ceux commun\u00e9ment propos\u00e9s aux copropri\u00e9taires. Grace \u00e0 lui vous b\u00e9n\u00e9ficierez de conditions contractuelles privil\u00e9gi\u00e9es.<\/li><\/ul>\t\t\t\t\t\t<\/div>\n\t\t\t\t<\/div>\n\t\t\t\t\t<\/div>\n\t\t<\/div>\n\t\t\t\t\t\t\t<\/div>\n\t\t<\/section>\n\t\t\t\t\t\t\t<\/div>\n\t\t","protected":false},"excerpt":{"rendered":"<p>Mandater Syneval est simple :\u00a0 Il vous suffit de le contacter afin de fixer un rdv avec le conseil syndical au sein de la copropri\u00e9t\u00e9, ce qui permettra d&rsquo;effectuer une visite de la copropri\u00e9t\u00e9 et de lui communiquer un certain nombre de documents relatifs \u00e0 la copropri\u00e9t\u00e9.\u00a0 A l&rsquo;issue de ces diligences, vous pourrez alors &hellip; <\/p>\n<p class=\"link-more\"><a href=\"https:\/\/preprod.syneval.com\/preprod\/courtier-en-syndic-de-copropriete\/courtier-en-syndic-les-avantages\/\" class=\"more-link\">Lire la suite de<span class=\"screen-reader-text\">\u00ab\u00a0Les avantages\u00a0\u00bb<\/span><\/a><\/p>\n","protected":false},"author":2,"featured_media":0,"parent":171,"menu_order":2,"comment_status":"closed","ping_status":"closed","template":"","meta":{"footnotes":""},"class_list":["post-357","page","type-page","status-publish","hentry"],"_links":{"self":[{"href":"https:\/\/preprod.syneval.com\/preprod\/wp-json\/wp\/v2\/pages\/357","targetHints":{"allow":["GET"]}}],"collection":[{"href":"https:\/\/preprod.syneval.com\/preprod\/wp-json\/wp\/v2\/pages"}],"about":[{"href":"https:\/\/preprod.syneval.com\/preprod\/wp-json\/wp\/v2\/types\/page"}],"author":[{"embeddable":true,"href":"https:\/\/preprod.syneval.com\/preprod\/wp-json\/wp\/v2\/users\/2"}],"replies":[{"embeddable":true,"href":"https:\/\/preprod.syneval.com\/preprod\/wp-json\/wp\/v2\/comments?post=357"}],"version-history":[{"count":40,"href":"https:\/\/preprod.syneval.com\/preprod\/wp-json\/wp\/v2\/pages\/357\/revisions"}],"predecessor-version":[{"id":15117,"href":"https:\/\/preprod.syneval.com\/preprod\/wp-json\/wp\/v2\/pages\/357\/revisions\/15117"}],"up":[{"embeddable":true,"href":"https:\/\/preprod.syneval.com\/preprod\/wp-json\/wp\/v2\/pages\/171"}],"wp:attachment":[{"href":"https:\/\/preprod.syneval.com\/preprod\/wp-json\/wp\/v2\/media?parent=357"}],"curies":[{"name":"wp","href":"https:\/\/api.w.org\/{rel}","templated":true}]}}