{"id":355,"date":"2011-08-30T18:50:37","date_gmt":"2011-08-30T16:50:37","guid":{"rendered":"http:\/\/syneval.projectsbox.fr\/?page_id=355"},"modified":"2024-01-03T09:08:45","modified_gmt":"2024-01-03T08:08:45","slug":"courtier-en-syndic-notre-metier","status":"publish","type":"page","link":"https:\/\/preprod.syneval.com\/preprod\/courtier-en-syndic-de-copropriete\/courtier-en-syndic-notre-metier\/","title":{"rendered":"Notre m\u00e9tier"},"content":{"rendered":"\t\t<div data-elementor-type=\"wp-page\" data-elementor-id=\"355\" class=\"elementor elementor-355\">\n\t\t\t\t\t\t\t\t\t<section class=\"elementor-section elementor-top-section elementor-element elementor-element-7d933fa elementor-section-boxed elementor-section-height-default elementor-section-height-default\" data-id=\"7d933fa\" data-element_type=\"section\">\n\t\t\t\t\t\t<div class=\"elementor-container elementor-column-gap-default\">\n\t\t\t\t\t<div class=\"elementor-column elementor-col-50 elementor-top-column elementor-element elementor-element-31fed98\" data-id=\"31fed98\" data-element_type=\"column\">\n\t\t\t<div class=\"elementor-widget-wrap elementor-element-populated\">\n\t\t\t\t\t\t\t\t<div class=\"elementor-element elementor-element-0e03609 elementor-widget elementor-widget-video\" data-id=\"0e03609\" data-element_type=\"widget\" data-settings=\"{&quot;youtube_url&quot;:&quot;https:\\\/\\\/youtu.be\\\/t1vG2GTH7Qg&quot;,&quot;video_type&quot;:&quot;youtube&quot;,&quot;controls&quot;:&quot;yes&quot;}\" data-widget_type=\"video.default\">\n\t\t\t\t<div class=\"elementor-widget-container\">\n\t\t\t<style>\/*! elementor - v3.18.0 - 20-12-2023 *\/\n.elementor-widget-video .elementor-widget-container{overflow:hidden;transform:translateZ(0)}.elementor-widget-video .elementor-wrapper{aspect-ratio:var(--video-aspect-ratio)}.elementor-widget-video .elementor-wrapper iframe,.elementor-widget-video .elementor-wrapper video{height:100%;width:100%;display:flex;border:none;background-color:#000}@supports not (aspect-ratio:1\/1){.elementor-widget-video .elementor-wrapper{position:relative;overflow:hidden;height:0;padding-bottom:calc(100% \/ var(--video-aspect-ratio))}.elementor-widget-video .elementor-wrapper iframe,.elementor-widget-video .elementor-wrapper video{position:absolute;top:0;right:0;bottom:0;left:0}}.elementor-widget-video .elementor-open-inline .elementor-custom-embed-image-overlay{position:absolute;top:0;right:0;bottom:0;left:0;background-size:cover;background-position:50%}.elementor-widget-video .elementor-custom-embed-image-overlay{cursor:pointer;text-align:center}.elementor-widget-video .elementor-custom-embed-image-overlay:hover .elementor-custom-embed-play i{opacity:1}.elementor-widget-video .elementor-custom-embed-image-overlay img{display:block;width:100%;aspect-ratio:var(--video-aspect-ratio);-o-object-fit:cover;object-fit:cover;-o-object-position:center center;object-position:center center}@supports not (aspect-ratio:1\/1){.elementor-widget-video .elementor-custom-embed-image-overlay{position:relative;overflow:hidden;height:0;padding-bottom:calc(100% \/ var(--video-aspect-ratio))}.elementor-widget-video .elementor-custom-embed-image-overlay img{position:absolute;top:0;right:0;bottom:0;left:0}}.elementor-widget-video .e-hosted-video .elementor-video{-o-object-fit:cover;object-fit:cover}.e-con-inner>.elementor-widget-video,.e-con>.elementor-widget-video{width:var(--container-widget-width);--flex-grow:var(--container-widget-flex-grow)}<\/style>\t\t<div class=\"elementor-wrapper elementor-open-inline\">\n\t\t\t<div class=\"elementor-video\"><\/div>\t\t<\/div>\n\t\t\t\t<\/div>\n\t\t\t\t<\/div>\n\t\t\t\t\t<\/div>\n\t\t<\/div>\n\t\t\t\t<div class=\"elementor-column elementor-col-50 elementor-top-column elementor-element elementor-element-1bce68e\" data-id=\"1bce68e\" data-element_type=\"column\">\n\t\t\t<div class=\"elementor-widget-wrap elementor-element-populated\">\n\t\t\t\t\t\t\t\t<div class=\"elementor-element elementor-element-152382 elementor-widget__width-initial elementor-widget elementor-widget-text-editor\" data-id=\"152382\" data-element_type=\"widget\" data-widget_type=\"text-editor.default\">\n\t\t\t\t<div class=\"elementor-widget-container\">\n\t\t\t<style>\/*! elementor - v3.18.0 - 20-12-2023 *\/\n.elementor-widget-text-editor.elementor-drop-cap-view-stacked .elementor-drop-cap{background-color:#69727d;color:#fff}.elementor-widget-text-editor.elementor-drop-cap-view-framed .elementor-drop-cap{color:#69727d;border:3px solid;background-color:transparent}.elementor-widget-text-editor:not(.elementor-drop-cap-view-default) .elementor-drop-cap{margin-top:8px}.elementor-widget-text-editor:not(.elementor-drop-cap-view-default) .elementor-drop-cap-letter{width:1em;height:1em}.elementor-widget-text-editor .elementor-drop-cap{float:left;text-align:center;line-height:1;font-size:50px}.elementor-widget-text-editor .elementor-drop-cap-letter{display:inline-block}<\/style>\t\t\t\t<p>La <b>recherche d\u2019un nouveau syndic<\/b> du fait d\u2019une insatisfaction des prestations offertes par le syndic actuel ou dans le cadre d\u2019une simple mise en concurrence a toujours \u00e9t\u00e9 un processus laborieux et \u00e0 l\u2019issue tr\u00e8s incertaine.<\/p><p>Cela s\u2019explique par l\u2019h\u00e9t\u00e9rog\u00e9n\u00e9it\u00e9 des contrats et des m\u00e9thodes de gestion des diff\u00e9rentes soci\u00e9t\u00e9s mais \u00e9galement par un exercice d\u2019estimation des honoraires rendu toujours plus difficile par la multiplication des prestations particuli\u00e8res de toutes sortes.<\/p><p>C&rsquo;est \u00e0 partir de ce constat qu&rsquo;\u00e0 \u00e9t\u00e9 cr\u00e9\u00e9 il y a quelques ann\u00e9es le m\u00e9tier de courtier en syndic. Le courtier en syndic est mandat\u00e9 par la copropri\u00e9t\u00e9 afin qu\u2019il assiste le conseil de syndical tout au long du processus de recherche d\u2019un nouveau syndic.<\/p>\t\t\t\t\t\t<\/div>\n\t\t\t\t<\/div>\n\t\t\t\t\t<\/div>\n\t\t<\/div>\n\t\t\t\t\t\t\t<\/div>\n\t\t<\/section>\n\t\t\t\t<section class=\"elementor-section elementor-top-section elementor-element elementor-element-f12a68b elementor-section-boxed elementor-section-height-default elementor-section-height-default\" data-id=\"f12a68b\" data-element_type=\"section\">\n\t\t\t\t\t\t<div class=\"elementor-container elementor-column-gap-default\">\n\t\t\t\t\t<div class=\"elementor-column elementor-col-50 elementor-top-column elementor-element elementor-element-666d36c\" data-id=\"666d36c\" data-element_type=\"column\">\n\t\t\t<div class=\"elementor-widget-wrap elementor-element-populated\">\n\t\t\t\t\t\t\t\t<div class=\"elementor-element elementor-element-ac2ae7d elementor-widget__width-initial elementor-widget elementor-widget-text-editor\" data-id=\"ac2ae7d\" data-element_type=\"widget\" data-widget_type=\"text-editor.default\">\n\t\t\t\t<div class=\"elementor-widget-container\">\n\t\t\t\t\t\t\t<p><b>Pour cela, le courtier se doit de respecter les principes suivants :<\/b><\/p><ul><li>Etre totalement ind\u00e9pendant des syndics de copropri\u00e9t\u00e9.<\/li><li>Proc\u00e9der \u00e0 un appel d\u2019offres aupr\u00e8s des syndics r\u00e9pondant aux crit\u00e8res d\u00e9finis par le conseil syndical.<\/li><li>N\u00e9gocier les termes des contrats de syndic dans l\u2019int\u00e9r\u00eat de la copropri\u00e9t\u00e9.<\/li><li>R\u00e9aliser une analyse d\u00e9taill\u00e9e des contrats de syndic afin d\u2019en faire ressortir les caract\u00e9ristiques principales aupr\u00e8s du conseil syndical, sous la forme d\u2019un rapport \u00e9crit.<\/li><li>Proposer, au moins deux syndics diff\u00e9rents au conseil syndical, en mettant en avant les avantages et les inconv\u00e9nients de chacun.<\/li><li>Veiller \u00e0 d\u00e9fendre au mieux les int\u00e9r\u00eats de la copropri\u00e9t\u00e9 tout au long du processus de s\u00e9lection du nouveau syndic.<\/li><\/ul><p><b>SYNEVAL<\/b>, 1ere soci\u00e9t\u00e9 \u00e0 s&rsquo;\u00eatre positionn\u00e9e sur <strong>le m\u00e9tier de courtier en syndic<\/strong>, assiste les copropri\u00e9taires au cours de cette \u00e9tape importante de la vie d\u2019une copropri\u00e9t\u00e9, afin de leur permettre de mandater le syndic correspondant le mieux \u00e0 leurs attentes.<\/p>\t\t\t\t\t\t<\/div>\n\t\t\t\t<\/div>\n\t\t\t\t\t<\/div>\n\t\t<\/div>\n\t\t\t\t<div class=\"elementor-column elementor-col-50 elementor-top-column elementor-element elementor-element-6294381\" data-id=\"6294381\" data-element_type=\"column\">\n\t\t\t<div class=\"elementor-widget-wrap elementor-element-populated\">\n\t\t\t\t\t\t\t\t<div class=\"elementor-element elementor-element-a44fbae elementor-widget elementor-widget-image\" data-id=\"a44fbae\" data-element_type=\"widget\" data-widget_type=\"image.default\">\n\t\t\t\t<div class=\"elementor-widget-container\">\n\t\t\t<style>\/*! elementor - v3.18.0 - 20-12-2023 *\/\n.elementor-widget-image{text-align:center}.elementor-widget-image a{display:inline-block}.elementor-widget-image a img[src$=\".svg\"]{width:48px}.elementor-widget-image img{vertical-align:middle;display:inline-block}<\/style>\t\t\t\t\t\t\t\t\t\t\t\t<img fetchpriority=\"high\" decoding=\"async\" width=\"1920\" height=\"1280\" src=\"https:\/\/preprod.syneval.com\/preprod\/wp-content\/uploads\/2023\/07\/sean-pollock-PhYq704ffdA-unsplash.jpg\" class=\"attachment-full size-full wp-image-13374\" alt=\"Gratte-ciel haut building\" srcset=\"https:\/\/preprod.syneval.com\/preprod\/wp-content\/uploads\/2023\/07\/sean-pollock-PhYq704ffdA-unsplash.jpg 1920w, https:\/\/preprod.syneval.com\/preprod\/wp-content\/uploads\/2023\/07\/sean-pollock-PhYq704ffdA-unsplash-300x200.jpg 300w, https:\/\/preprod.syneval.com\/preprod\/wp-content\/uploads\/2023\/07\/sean-pollock-PhYq704ffdA-unsplash-1024x683.jpg 1024w, https:\/\/preprod.syneval.com\/preprod\/wp-content\/uploads\/2023\/07\/sean-pollock-PhYq704ffdA-unsplash-768x512.jpg 768w, https:\/\/preprod.syneval.com\/preprod\/wp-content\/uploads\/2023\/07\/sean-pollock-PhYq704ffdA-unsplash-1536x1024.jpg 1536w\" sizes=\"100vw\" \/>\t\t\t\t\t\t\t\t\t\t\t\t\t\t\t<\/div>\n\t\t\t\t<\/div>\n\t\t\t\t\t<\/div>\n\t\t<\/div>\n\t\t\t\t\t\t\t<\/div>\n\t\t<\/section>\n\t\t\t\t\t\t\t<\/div>\n\t\t","protected":false},"excerpt":{"rendered":"<p>https:\/\/youtu.be\/t1vG2GTH7Qg La recherche d\u2019un nouveau syndic du fait d\u2019une insatisfaction des prestations offertes par le syndic actuel ou dans le cadre d\u2019une simple mise en concurrence a toujours \u00e9t\u00e9 un processus laborieux et \u00e0 l\u2019issue tr\u00e8s incertaine. Cela s\u2019explique par l\u2019h\u00e9t\u00e9rog\u00e9n\u00e9it\u00e9 des contrats et des m\u00e9thodes de gestion des diff\u00e9rentes soci\u00e9t\u00e9s mais \u00e9galement par un &hellip; <\/p>\n<p class=\"link-more\"><a href=\"https:\/\/preprod.syneval.com\/preprod\/courtier-en-syndic-de-copropriete\/courtier-en-syndic-notre-metier\/\" class=\"more-link\">Lire la suite de<span class=\"screen-reader-text\">\u00ab\u00a0Notre m\u00e9tier\u00a0\u00bb<\/span><\/a><\/p>\n","protected":false},"author":2,"featured_media":0,"parent":171,"menu_order":1,"comment_status":"closed","ping_status":"closed","template":"","meta":{"footnotes":""},"class_list":["post-355","page","type-page","status-publish","hentry"],"_links":{"self":[{"href":"https:\/\/preprod.syneval.com\/preprod\/wp-json\/wp\/v2\/pages\/355","targetHints":{"allow":["GET"]}}],"collection":[{"href":"https:\/\/preprod.syneval.com\/preprod\/wp-json\/wp\/v2\/pages"}],"about":[{"href":"https:\/\/preprod.syneval.com\/preprod\/wp-json\/wp\/v2\/types\/page"}],"author":[{"embeddable":true,"href":"https:\/\/preprod.syneval.com\/preprod\/wp-json\/wp\/v2\/users\/2"}],"replies":[{"embeddable":true,"href":"https:\/\/preprod.syneval.com\/preprod\/wp-json\/wp\/v2\/comments?post=355"}],"version-history":[{"count":43,"href":"https:\/\/preprod.syneval.com\/preprod\/wp-json\/wp\/v2\/pages\/355\/revisions"}],"predecessor-version":[{"id":14936,"href":"https:\/\/preprod.syneval.com\/preprod\/wp-json\/wp\/v2\/pages\/355\/revisions\/14936"}],"up":[{"embeddable":true,"href":"https:\/\/preprod.syneval.com\/preprod\/wp-json\/wp\/v2\/pages\/171"}],"wp:attachment":[{"href":"https:\/\/preprod.syneval.com\/preprod\/wp-json\/wp\/v2\/media?parent=355"}],"curies":[{"name":"wp","href":"https:\/\/api.w.org\/{rel}","templated":true}]}}