{"id":165,"date":"2011-08-24T01:31:28","date_gmt":"2011-08-23T23:31:28","guid":{"rendered":"http:\/\/syneval.local\/?page_id=165"},"modified":"2024-01-04T11:11:04","modified_gmt":"2024-01-04T10:11:04","slug":"un-nouveau-contrat-de-syndic-de-copropriete","status":"publish","type":"page","link":"https:\/\/preprod.syneval.com\/preprod\/changer-de-syndic-de-copropriete\/un-nouveau-contrat-de-syndic-de-copropriete\/","title":{"rendered":"Quand faire appel \u00e0 Syneval ?"},"content":{"rendered":"\t\t<div data-elementor-type=\"wp-page\" data-elementor-id=\"165\" class=\"elementor elementor-165\">\n\t\t\t\t\t\t\t\t\t<section class=\"elementor-section elementor-top-section elementor-element elementor-element-2a5c83c3 elementor-section-boxed elementor-section-height-default elementor-section-height-default\" data-id=\"2a5c83c3\" data-element_type=\"section\">\n\t\t\t\t\t\t<div class=\"elementor-container elementor-column-gap-default\">\n\t\t\t\t\t<div class=\"elementor-column elementor-col-100 elementor-top-column elementor-element elementor-element-4e1ecba4\" data-id=\"4e1ecba4\" data-element_type=\"column\">\n\t\t\t<div class=\"elementor-widget-wrap elementor-element-populated\">\n\t\t\t\t\t\t\t\t<div class=\"elementor-element elementor-element-6d5bddd5 elementor-widget elementor-widget-text-editor\" data-id=\"6d5bddd5\" data-element_type=\"widget\" data-widget_type=\"text-editor.default\">\n\t\t\t\t<div class=\"elementor-widget-container\">\n\t\t\t<style>\/*! elementor - v3.18.0 - 20-12-2023 *\/\n.elementor-widget-text-editor.elementor-drop-cap-view-stacked .elementor-drop-cap{background-color:#69727d;color:#fff}.elementor-widget-text-editor.elementor-drop-cap-view-framed .elementor-drop-cap{color:#69727d;border:3px solid;background-color:transparent}.elementor-widget-text-editor:not(.elementor-drop-cap-view-default) .elementor-drop-cap{margin-top:8px}.elementor-widget-text-editor:not(.elementor-drop-cap-view-default) .elementor-drop-cap-letter{width:1em;height:1em}.elementor-widget-text-editor .elementor-drop-cap{float:left;text-align:center;line-height:1;font-size:50px}.elementor-widget-text-editor .elementor-drop-cap-letter{display:inline-block}<\/style>\t\t\t\t<h2>Dans quels cas faire appel \u00e0 Syneval&nbsp;?<\/h2>\n<ul>\n<li>Vous \u00eates insatisfait des prestations r\u00e9alis\u00e9es par votre syndic actuel et vous souhaitez en changer.<\/li>\n<li>Vous aimeriez vous consacrer \u00e0 la recherche d\u2019un nouveau syndic, mais le temps vous manque.<\/li>\n<li>Vous appr\u00e9hendez le travail exigeant d\u2019analyse des contrats et des m\u00e9thodes de gestion qu\u2019impose la recherche d\u2019un nouveau syndic.<\/li>\n<li>Vous souhaitez choisir un syndic qui correspond au mieux \u00e0 vos attentes, parmi une offre tr\u00e8s large.<\/li>\n<\/ul>\n<h2><br><\/h2>\n<h2>Comme les copropri\u00e9taires qui nous font confiance, fa\u00eetes appel \u00e0 l\u2019expertise Syneval.<\/h2>\n<p>SYNEVAL vous assistera tout au long du processus de changement de syndic afin que vous puissiez retenir le syndic correspondant le mieux \u00e0 vos attentes.<\/p>\n<h2><br><\/h2>\n<h2>Vous aurez l\u2019assurance de b\u00e9n\u00e9ficier des avantages suivants :<\/h2>\n<h3><strong>Un gain de temps significatif<\/strong><\/h3>\n<p align=\"JUSTIFY\">Entre le recensement des syndics, la demande de devis, l\u2019analyse des contrats re\u00e7us et la s\u00e9lection du syndic, plusieurs heures de travail sont n\u00e9cessaires. Syneval s\u2019acquitte de l\u2019int\u00e9gralit\u00e9 de ces d\u00e9marches et fait ainsi gagner du temps aux copropri\u00e9taires..<\/p>\n<h3><strong>Un processus de s\u00e9lection personnalis\u00e9<\/strong><\/h3>\n<p>Le processus de s\u00e9lection mis en place par Syneval repose int\u00e9gralement sur les crit\u00e8res de s\u00e9lection d\u00e9finis par le conseil syndical.<\/p>\n<h3><strong>Un appel d\u2019offres \u00e9largi<\/strong><\/h3>\n<p>Avec l\u2019assistance de Syneval, plusieurs dizaines de syndics sont mis en concurrence afin d\u2019offrir le choix le plus large possible \u00e0 la copropri\u00e9t\u00e9.<\/p>\n<h3><strong>Des contrats n\u00e9goci\u00e9s<\/strong><\/h3>\n<p>Syneval r\u00e9alise une analyse d\u00e9taill\u00e9e des contrats afin de s\u2019assurer de leurs degr\u00e9s de transparence. Nous n\u00e9gocions \u00e9galement avec les syndics des contrats plus protecteurs afin de vous faire b\u00e9n\u00e9ficier de conditions contractuelles privil\u00e9gi\u00e9es.<\/p>\n<h3><strong>Un expert \u00e0 vos c\u00f4t\u00e9s<\/strong><\/h3>\n<p>Disponible, votre conseiller Syneval r\u00e9pondra \u00e0 toutes vos questions et vous accompagnera tout au long du changement de syndic.<\/p>\n<h3><strong>Un professionnel ind\u00e9pendant<\/strong><\/h3>\n<p>Syneval garantit une ind\u00e9pendance forte vis-\u00e0-vis des soci\u00e9t\u00e9s du secteur immobilier au sens large.<\/p>\t\t\t\t\t\t<\/div>\n\t\t\t\t<\/div>\n\t\t\t\t\t<\/div>\n\t\t<\/div>\n\t\t\t\t\t\t\t<\/div>\n\t\t<\/section>\n\t\t\t\t<section class=\"elementor-section elementor-top-section elementor-element elementor-element-6be4803a elementor-section-boxed elementor-section-height-default elementor-section-height-default\" data-id=\"6be4803a\" data-element_type=\"section\">\n\t\t\t\t\t\t<div class=\"elementor-container elementor-column-gap-default\">\n\t\t\t\t\t<div class=\"elementor-column elementor-col-100 elementor-top-column elementor-element elementor-element-5d83bebc\" data-id=\"5d83bebc\" data-element_type=\"column\">\n\t\t\t<div class=\"elementor-widget-wrap elementor-element-populated\">\n\t\t\t\t\t\t\t\t<div class=\"elementor-element elementor-element-a306df2 elementor-view-default elementor-invisible elementor-widget elementor-widget-icon\" data-id=\"a306df2\" data-element_type=\"widget\" data-settings=\"{&quot;_animation&quot;:&quot;fadeInUp&quot;}\" data-widget_type=\"icon.default\">\n\t\t\t\t<div class=\"elementor-widget-container\">\n\t\t\t\t\t<div class=\"elementor-icon-wrapper\">\n\t\t\t<div class=\"elementor-icon\">\n\t\t\t<i aria-hidden=\"true\" class=\"fas fa-arrow-down\"><\/i>\t\t\t<\/div>\n\t\t<\/div>\n\t\t\t\t<\/div>\n\t\t\t\t<\/div>\n\t\t\t\t<div class=\"elementor-element elementor-element-222b6466 elementor-align-center elementor-widget elementor-widget-button\" data-id=\"222b6466\" data-element_type=\"widget\" data-widget_type=\"button.default\">\n\t\t\t\t<div class=\"elementor-widget-container\">\n\t\t\t\t\t<div class=\"elementor-button-wrapper\">\n\t\t\t<a class=\"elementor-button elementor-button-link elementor-size-lg elementor-animation-pulse\" href=\"https:\/\/preprod.syneval.com\/preprod\/contacts\/\">\n\t\t\t\t\t\t<span class=\"elementor-button-content-wrapper\">\n\t\t\t\t\t\t<span class=\"elementor-button-text\">Vous souhaitez changer de syndic ? Contactez nos conseill\u00e9s maintenant<\/span>\n\t\t<\/span>\n\t\t\t\t\t<\/a>\n\t\t<\/div>\n\t\t\t\t<\/div>\n\t\t\t\t<\/div>\n\t\t\t\t<div class=\"elementor-element elementor-element-14609a86 elementor-widget elementor-widget-spacer\" data-id=\"14609a86\" data-element_type=\"widget\" data-widget_type=\"spacer.default\">\n\t\t\t\t<div class=\"elementor-widget-container\">\n\t\t\t<style>\/*! elementor - v3.18.0 - 20-12-2023 *\/\n.elementor-column .elementor-spacer-inner{height:var(--spacer-size)}.e-con{--container-widget-width:100%}.e-con-inner>.elementor-widget-spacer,.e-con>.elementor-widget-spacer{width:var(--container-widget-width,var(--spacer-size));--align-self:var(--container-widget-align-self,initial);--flex-shrink:0}.e-con-inner>.elementor-widget-spacer>.elementor-widget-container,.e-con>.elementor-widget-spacer>.elementor-widget-container{height:100%;width:100%}.e-con-inner>.elementor-widget-spacer>.elementor-widget-container>.elementor-spacer,.e-con>.elementor-widget-spacer>.elementor-widget-container>.elementor-spacer{height:100%}.e-con-inner>.elementor-widget-spacer>.elementor-widget-container>.elementor-spacer>.elementor-spacer-inner,.e-con>.elementor-widget-spacer>.elementor-widget-container>.elementor-spacer>.elementor-spacer-inner{height:var(--container-widget-height,var(--spacer-size))}.e-con-inner>.elementor-widget-spacer.elementor-widget-empty,.e-con>.elementor-widget-spacer.elementor-widget-empty{position:relative;min-height:22px;min-width:22px}.e-con-inner>.elementor-widget-spacer.elementor-widget-empty .elementor-widget-empty-icon,.e-con>.elementor-widget-spacer.elementor-widget-empty .elementor-widget-empty-icon{position:absolute;top:0;bottom:0;left:0;right:0;margin:auto;padding:0;width:22px;height:22px}<\/style>\t\t<div class=\"elementor-spacer\">\n\t\t\t<div class=\"elementor-spacer-inner\"><\/div>\n\t\t<\/div>\n\t\t\t\t<\/div>\n\t\t\t\t<\/div>\n\t\t\t\t\t<\/div>\n\t\t<\/div>\n\t\t\t\t\t\t\t<\/div>\n\t\t<\/section>\n\t\t\t\t\t\t\t<\/div>\n\t\t","protected":false},"excerpt":{"rendered":"<p>Dans quels cas faire appel \u00e0 Syneval&nbsp;? Vous \u00eates insatisfait des prestations r\u00e9alis\u00e9es par votre syndic actuel et vous souhaitez en changer. Vous aimeriez vous consacrer \u00e0 la recherche d\u2019un nouveau syndic, mais le temps vous manque. Vous appr\u00e9hendez le travail exigeant d\u2019analyse des contrats et des m\u00e9thodes de gestion qu\u2019impose la recherche d\u2019un nouveau &hellip; <\/p>\n<p class=\"link-more\"><a href=\"https:\/\/preprod.syneval.com\/preprod\/changer-de-syndic-de-copropriete\/un-nouveau-contrat-de-syndic-de-copropriete\/\" class=\"more-link\">Lire la suite de<span class=\"screen-reader-text\">\u00ab\u00a0Quand faire appel \u00e0 Syneval ?\u00a0\u00bb<\/span><\/a><\/p>\n","protected":false},"author":2,"featured_media":0,"parent":9428,"menu_order":2,"comment_status":"closed","ping_status":"closed","template":"","meta":{"footnotes":""},"class_list":["post-165","page","type-page","status-publish","hentry"],"_links":{"self":[{"href":"https:\/\/preprod.syneval.com\/preprod\/wp-json\/wp\/v2\/pages\/165","targetHints":{"allow":["GET"]}}],"collection":[{"href":"https:\/\/preprod.syneval.com\/preprod\/wp-json\/wp\/v2\/pages"}],"about":[{"href":"https:\/\/preprod.syneval.com\/preprod\/wp-json\/wp\/v2\/types\/page"}],"author":[{"embeddable":true,"href":"https:\/\/preprod.syneval.com\/preprod\/wp-json\/wp\/v2\/users\/2"}],"replies":[{"embeddable":true,"href":"https:\/\/preprod.syneval.com\/preprod\/wp-json\/wp\/v2\/comments?post=165"}],"version-history":[{"count":40,"href":"https:\/\/preprod.syneval.com\/preprod\/wp-json\/wp\/v2\/pages\/165\/revisions"}],"predecessor-version":[{"id":15185,"href":"https:\/\/preprod.syneval.com\/preprod\/wp-json\/wp\/v2\/pages\/165\/revisions\/15185"}],"up":[{"embeddable":true,"href":"https:\/\/preprod.syneval.com\/preprod\/wp-json\/wp\/v2\/pages\/9428"}],"wp:attachment":[{"href":"https:\/\/preprod.syneval.com\/preprod\/wp-json\/wp\/v2\/media?parent=165"}],"curies":[{"name":"wp","href":"https:\/\/api.w.org\/{rel}","templated":true}]}}