{"id":163,"date":"2011-08-24T01:30:27","date_gmt":"2011-08-23T23:30:27","guid":{"rendered":"http:\/\/syneval.local\/?page_id=163"},"modified":"2024-01-04T11:11:07","modified_gmt":"2024-01-04T10:11:07","slug":"le-changement-de-syndic-en-huit-etapes","status":"publish","type":"page","link":"https:\/\/preprod.syneval.com\/preprod\/changer-de-syndic-de-copropriete\/le-changement-de-syndic-en-huit-etapes\/","title":{"rendered":"Changement de syndic : Notre action en 8 \u00e9tapes"},"content":{"rendered":"\t\t<div data-elementor-type=\"wp-page\" data-elementor-id=\"163\" class=\"elementor elementor-163\">\n\t\t\t\t\t\t\t\t\t<section class=\"elementor-section elementor-top-section elementor-element elementor-element-193e3a06 elementor-section-boxed elementor-section-height-default elementor-section-height-default\" data-id=\"193e3a06\" data-element_type=\"section\">\n\t\t\t\t\t\t<div class=\"elementor-container elementor-column-gap-default\">\n\t\t\t\t\t<div class=\"elementor-column elementor-col-100 elementor-top-column elementor-element elementor-element-6a9d3d75\" data-id=\"6a9d3d75\" data-element_type=\"column\">\n\t\t\t<div class=\"elementor-widget-wrap elementor-element-populated\">\n\t\t\t\t\t\t\t\t<div class=\"elementor-element elementor-element-60c4e6db elementor-invisible elementor-widget elementor-widget-text-editor\" data-id=\"60c4e6db\" data-element_type=\"widget\" data-settings=\"{&quot;_animation&quot;:&quot;fadeInUp&quot;}\" data-widget_type=\"text-editor.default\">\n\t\t\t\t<div class=\"elementor-widget-container\">\n\t\t\t<style>\/*! elementor - v3.18.0 - 20-12-2023 *\/\n.elementor-widget-text-editor.elementor-drop-cap-view-stacked .elementor-drop-cap{background-color:#69727d;color:#fff}.elementor-widget-text-editor.elementor-drop-cap-view-framed .elementor-drop-cap{color:#69727d;border:3px solid;background-color:transparent}.elementor-widget-text-editor:not(.elementor-drop-cap-view-default) .elementor-drop-cap{margin-top:8px}.elementor-widget-text-editor:not(.elementor-drop-cap-view-default) .elementor-drop-cap-letter{width:1em;height:1em}.elementor-widget-text-editor .elementor-drop-cap{float:left;text-align:center;line-height:1;font-size:50px}.elementor-widget-text-editor .elementor-drop-cap-letter{display:inline-block}<\/style>\t\t\t\t<p style=\"text-align: center;\"><u><b>1. Prise de contact<br \/><\/b><\/u>Le conseil syndical, apr\u00e8s avoir valid\u00e9 la volont\u00e9 de changement de syndic, <b><a href=\"\/contacts\">contactez Syneval<\/a><\/b> par le biais d\u2019un de ses membres (g\u00e9n\u00e9ralement le pr\u00e9sident) via notre <a href=\"\/contacts\">site internet<\/a> ou notre plate-forme t\u00e9l\u00e9phonique au <strong>+33 1 79 72 40 40.<\/strong><\/p>\t\t\t\t\t\t<\/div>\n\t\t\t\t<\/div>\n\t\t\t\t<div class=\"elementor-element elementor-element-77f69d2 elementor-view-default elementor-invisible elementor-widget elementor-widget-icon\" data-id=\"77f69d2\" data-element_type=\"widget\" data-settings=\"{&quot;_animation&quot;:&quot;fadeInUp&quot;}\" data-widget_type=\"icon.default\">\n\t\t\t\t<div class=\"elementor-widget-container\">\n\t\t\t\t\t<div class=\"elementor-icon-wrapper\">\n\t\t\t<div class=\"elementor-icon\">\n\t\t\t<i aria-hidden=\"true\" class=\"fas fa-arrow-down\"><\/i>\t\t\t<\/div>\n\t\t<\/div>\n\t\t\t\t<\/div>\n\t\t\t\t<\/div>\n\t\t\t\t<div class=\"elementor-element elementor-element-f6c58ab elementor-invisible elementor-widget elementor-widget-text-editor\" data-id=\"f6c58ab\" data-element_type=\"widget\" data-settings=\"{&quot;_animation&quot;:&quot;fadeInUp&quot;}\" data-widget_type=\"text-editor.default\">\n\t\t\t\t<div class=\"elementor-widget-container\">\n\t\t\t\t\t\t\t<p><u><b>2. \u00c9tat des lieux<\/b><\/u><\/p>\n<ul>\n<li>Votre conseiller Syneval se rend dans votre copropri\u00e9t\u00e9 afin de rencontrer le conseil syndical et ainsi d\u00e9finir clairement vos besoins.<\/li>\n<li>Au cours de cet \u00e9change, les membres du conseil syndical pr\u00e9sentent les \u00e9l\u00e9ments factuels justifiant la volont\u00e9 de changer de syndic. Le conseiller Syneval pr\u00e9sente pour sa part en d\u00e9tails la prestation offerte par Syneval.<\/li>\n<\/ul>\t\t\t\t\t\t<\/div>\n\t\t\t\t<\/div>\n\t\t\t\t<div class=\"elementor-element elementor-element-3b623ee elementor-view-default elementor-invisible elementor-widget elementor-widget-icon\" data-id=\"3b623ee\" data-element_type=\"widget\" data-settings=\"{&quot;_animation&quot;:&quot;fadeInUp&quot;}\" data-widget_type=\"icon.default\">\n\t\t\t\t<div class=\"elementor-widget-container\">\n\t\t\t\t\t<div class=\"elementor-icon-wrapper\">\n\t\t\t<div class=\"elementor-icon\">\n\t\t\t<i aria-hidden=\"true\" class=\"fas fa-arrow-down\"><\/i>\t\t\t<\/div>\n\t\t<\/div>\n\t\t\t\t<\/div>\n\t\t\t\t<\/div>\n\t\t\t\t<div class=\"elementor-element elementor-element-f1854ed elementor-invisible elementor-widget elementor-widget-text-editor\" data-id=\"f1854ed\" data-element_type=\"widget\" data-settings=\"{&quot;_animation&quot;:&quot;fadeInUp&quot;}\" data-widget_type=\"text-editor.default\">\n\t\t\t\t<div class=\"elementor-widget-container\">\n\t\t\t\t\t\t\t<p><u><b>3. Validation du mandat<\/b><\/u><\/p><ul><li>Apr\u00e8s analyse des documents relatifs \u00e0 la copropri\u00e9t\u00e9 et validation des termes de l\u2019intervention de Syneval, un contrat de conseil est conclu avec la copropri\u00e9t\u00e9.<\/li><\/ul>\t\t\t\t\t\t<\/div>\n\t\t\t\t<\/div>\n\t\t\t\t<div class=\"elementor-element elementor-element-7e3cd1b elementor-view-default elementor-invisible elementor-widget elementor-widget-icon\" data-id=\"7e3cd1b\" data-element_type=\"widget\" data-settings=\"{&quot;_animation&quot;:&quot;fadeInUp&quot;}\" data-widget_type=\"icon.default\">\n\t\t\t\t<div class=\"elementor-widget-container\">\n\t\t\t\t\t<div class=\"elementor-icon-wrapper\">\n\t\t\t<div class=\"elementor-icon\">\n\t\t\t<i aria-hidden=\"true\" class=\"fas fa-arrow-down\"><\/i>\t\t\t<\/div>\n\t\t<\/div>\n\t\t\t\t<\/div>\n\t\t\t\t<\/div>\n\t\t\t\t<div class=\"elementor-element elementor-element-1ef5cf3 elementor-invisible elementor-widget elementor-widget-text-editor\" data-id=\"1ef5cf3\" data-element_type=\"widget\" data-settings=\"{&quot;_animation&quot;:&quot;fadeInUp&quot;}\" data-widget_type=\"text-editor.default\">\n\t\t\t\t<div class=\"elementor-widget-container\">\n\t\t\t\t\t\t\t<p><u><b>4. D\u00e9finition des crit\u00e8res de s\u00e9lection<\/b><\/u><\/p><ul><li>Les crit\u00e8res de s\u00e9lection du nouveau syndic (zone g\u00e9ographique, portefeuille de copropri\u00e9t\u00e9s, honoraires pratiqu\u00e9s, recours au compte bancaire s\u00e9par\u00e9\u2026) sont d\u00e9finis en accord avec le conseil syndical.<\/li><\/ul>\t\t\t\t\t\t<\/div>\n\t\t\t\t<\/div>\n\t\t\t\t<div class=\"elementor-element elementor-element-d36dee6 elementor-view-default elementor-invisible elementor-widget elementor-widget-icon\" data-id=\"d36dee6\" data-element_type=\"widget\" data-settings=\"{&quot;_animation&quot;:&quot;fadeInUp&quot;}\" data-widget_type=\"icon.default\">\n\t\t\t\t<div class=\"elementor-widget-container\">\n\t\t\t\t\t<div class=\"elementor-icon-wrapper\">\n\t\t\t<div class=\"elementor-icon\">\n\t\t\t<i aria-hidden=\"true\" class=\"fas fa-arrow-down\"><\/i>\t\t\t<\/div>\n\t\t<\/div>\n\t\t\t\t<\/div>\n\t\t\t\t<\/div>\n\t\t\t\t<div class=\"elementor-element elementor-element-64a8d7c elementor-invisible elementor-widget elementor-widget-text-editor\" data-id=\"64a8d7c\" data-element_type=\"widget\" data-settings=\"{&quot;_animation&quot;:&quot;fadeInUp&quot;}\" data-widget_type=\"text-editor.default\">\n\t\t\t\t<div class=\"elementor-widget-container\">\n\t\t\t\t\t\t\t<p><u><b>5. Appel d\u2019offres \u00e9largi<\/b><\/u><\/p><ul><li>Plusieurs dizaines de syndics ayant accept\u00e9 la charte Syneval sont mis en concurrence.<\/li><li>Les trois syndics correspondants le mieux \u00e0 la copropri\u00e9t\u00e9 sont alors identifi\u00e9s.<\/li><\/ul>\t\t\t\t\t\t<\/div>\n\t\t\t\t<\/div>\n\t\t\t\t<div class=\"elementor-element elementor-element-0c56dad elementor-view-default elementor-invisible elementor-widget elementor-widget-icon\" data-id=\"0c56dad\" data-element_type=\"widget\" data-settings=\"{&quot;_animation&quot;:&quot;fadeInUp&quot;}\" data-widget_type=\"icon.default\">\n\t\t\t\t<div class=\"elementor-widget-container\">\n\t\t\t\t\t<div class=\"elementor-icon-wrapper\">\n\t\t\t<div class=\"elementor-icon\">\n\t\t\t<i aria-hidden=\"true\" class=\"fas fa-arrow-down\"><\/i>\t\t\t<\/div>\n\t\t<\/div>\n\t\t\t\t<\/div>\n\t\t\t\t<\/div>\n\t\t\t\t<div class=\"elementor-element elementor-element-043cbfc elementor-invisible elementor-widget elementor-widget-text-editor\" data-id=\"043cbfc\" data-element_type=\"widget\" data-settings=\"{&quot;_animation&quot;:&quot;fadeInUp&quot;}\" data-widget_type=\"text-editor.default\">\n\t\t\t\t<div class=\"elementor-widget-container\">\n\t\t\t\t\t\t\t<p><u><b>6. Remise du rapport Syneval<\/b><\/u><\/p><ul><li>Votre conseiller vous pr\u00e9sente un rapport d\u2019analyse d\u00e9taill\u00e9 comprenant des informations sur le syndic actuel ainsi que sur les trois syndics s\u00e9lectionn\u00e9s.<\/li><li>Ce rapport comporte notamment une estimation pr\u00e9cise des honoraires ainsi que diff\u00e9rents indicateurs permettant d\u2019appr\u00e9cier l\u2019offre des diff\u00e9rents syndics.<\/li><li>Au cours de cet entretien, votre conseiller vous pr\u00e9sente \u00e9galement l\u2019exp\u00e9rience ainsi que les m\u00e9thodes de gestion des soci\u00e9t\u00e9s retenues (organisation interne, permanence t\u00e9l\u00e9phonique, traitement en cas d\u2019absence\u2026)<\/li><\/ul>\t\t\t\t\t\t<\/div>\n\t\t\t\t<\/div>\n\t\t\t\t<div class=\"elementor-element elementor-element-5d3a150 elementor-view-default elementor-invisible elementor-widget elementor-widget-icon\" data-id=\"5d3a150\" data-element_type=\"widget\" data-settings=\"{&quot;_animation&quot;:&quot;fadeInUp&quot;}\" data-widget_type=\"icon.default\">\n\t\t\t\t<div class=\"elementor-widget-container\">\n\t\t\t\t\t<div class=\"elementor-icon-wrapper\">\n\t\t\t<div class=\"elementor-icon\">\n\t\t\t<i aria-hidden=\"true\" class=\"fas fa-arrow-down\"><\/i>\t\t\t<\/div>\n\t\t<\/div>\n\t\t\t\t<\/div>\n\t\t\t\t<\/div>\n\t\t\t\t<div class=\"elementor-element elementor-element-b81fa39 elementor-invisible elementor-widget elementor-widget-text-editor\" data-id=\"b81fa39\" data-element_type=\"widget\" data-settings=\"{&quot;_animation&quot;:&quot;fadeInUp&quot;}\" data-widget_type=\"text-editor.default\">\n\t\t\t\t<div class=\"elementor-widget-container\">\n\t\t\t\t\t\t\t<p><u><b>7. S\u00e9lection du syndic<\/b><\/u><\/p><ul><li>A l\u2019issue de la pr\u00e9sentation du rapport, les membres du conseil syndical rencontrent les syndics pr\u00e9sent\u00e9s afin d\u2019\u00e9changer sur les probl\u00e9matiques propres \u00e0 la copropri\u00e9t\u00e9.<\/li><li>Le conseil syndical s\u00e9lectionne alors un syndic \u00e0 soumettre au vote en assembl\u00e9e g\u00e9n\u00e9rale.<\/li><li>Lors de l\u2019assembl\u00e9e g\u00e9n\u00e9rale, la r\u00e9solution portant sur la nomination du nouveau syndic est port\u00e9e au vote et adopt\u00e9e \u00e0 la majorit\u00e9 requise.<\/li><\/ul>\t\t\t\t\t\t<\/div>\n\t\t\t\t<\/div>\n\t\t\t\t<div class=\"elementor-element elementor-element-60b4011 elementor-view-default elementor-invisible elementor-widget elementor-widget-icon\" data-id=\"60b4011\" data-element_type=\"widget\" data-settings=\"{&quot;_animation&quot;:&quot;fadeInUp&quot;}\" data-widget_type=\"icon.default\">\n\t\t\t\t<div class=\"elementor-widget-container\">\n\t\t\t\t\t<div class=\"elementor-icon-wrapper\">\n\t\t\t<div class=\"elementor-icon\">\n\t\t\t<i aria-hidden=\"true\" class=\"fas fa-arrow-down\"><\/i>\t\t\t<\/div>\n\t\t<\/div>\n\t\t\t\t<\/div>\n\t\t\t\t<\/div>\n\t\t\t\t<div class=\"elementor-element elementor-element-d2cf1ef elementor-invisible elementor-widget elementor-widget-text-editor\" data-id=\"d2cf1ef\" data-element_type=\"widget\" data-settings=\"{&quot;_animation&quot;:&quot;fadeInUp&quot;}\" data-widget_type=\"text-editor.default\">\n\t\t\t\t<div class=\"elementor-widget-container\">\n\t\t\t\t\t\t\t<strong><u>8. Suivi de satisfaction<\/u><\/strong>\n<ul>\n \t<li>\u00c0 l\u2019issue de l\u2019assembl\u00e9e g\u00e9n\u00e9rale, votre conseiller vous envoie r\u00e9guli\u00e8rement un questionnaire de satisfaction portant sur la gestion de la copropri\u00e9t\u00e9 par le syndic retenu.<\/li>\n \t<li>L\u2019objectif pour Syneval est de s\u2019assurer que les prestations offertes par le syndic retenu correspondent aux attentes des copropri\u00e9taires.<\/li>\n<\/ul>\t\t\t\t\t\t<\/div>\n\t\t\t\t<\/div>\n\t\t\t\t<div class=\"elementor-element elementor-element-e05c91f elementor-view-default elementor-invisible elementor-widget elementor-widget-icon\" data-id=\"e05c91f\" data-element_type=\"widget\" data-settings=\"{&quot;_animation&quot;:&quot;fadeInUp&quot;}\" data-widget_type=\"icon.default\">\n\t\t\t\t<div class=\"elementor-widget-container\">\n\t\t\t\t\t<div class=\"elementor-icon-wrapper\">\n\t\t\t<div class=\"elementor-icon\">\n\t\t\t<i aria-hidden=\"true\" class=\"fas fa-arrow-down\"><\/i>\t\t\t<\/div>\n\t\t<\/div>\n\t\t\t\t<\/div>\n\t\t\t\t<\/div>\n\t\t\t\t\t<\/div>\n\t\t<\/div>\n\t\t\t\t\t\t\t<\/div>\n\t\t<\/section>\n\t\t\t\t<section class=\"elementor-section elementor-top-section elementor-element elementor-element-98f2ab2 elementor-section-boxed elementor-section-height-default elementor-section-height-default\" data-id=\"98f2ab2\" data-element_type=\"section\">\n\t\t\t\t\t\t<div class=\"elementor-container elementor-column-gap-default\">\n\t\t\t\t\t<div class=\"elementor-column elementor-col-100 elementor-top-column elementor-element elementor-element-fb9c24b\" data-id=\"fb9c24b\" data-element_type=\"column\">\n\t\t\t<div class=\"elementor-widget-wrap elementor-element-populated\">\n\t\t\t\t\t\t\t\t<div class=\"elementor-element elementor-element-52499d9 elementor-align-center elementor-widget elementor-widget-button\" data-id=\"52499d9\" data-element_type=\"widget\" data-widget_type=\"button.default\">\n\t\t\t\t<div class=\"elementor-widget-container\">\n\t\t\t\t\t<div class=\"elementor-button-wrapper\">\n\t\t\t<a class=\"elementor-button elementor-button-link elementor-size-lg\" href=\"https:\/\/preprod.syneval.com\/preprod\/contacts\/\">\n\t\t\t\t\t\t<span class=\"elementor-button-content-wrapper\">\n\t\t\t\t\t\t<span class=\"elementor-button-text\">Changez de syndic avec Syneval<\/span>\n\t\t<\/span>\n\t\t\t\t\t<\/a>\n\t\t<\/div>\n\t\t\t\t<\/div>\n\t\t\t\t<\/div>\n\t\t\t\t\t<\/div>\n\t\t<\/div>\n\t\t\t\t\t\t\t<\/div>\n\t\t<\/section>\n\t\t\t\t\t\t\t<\/div>\n\t\t","protected":false},"excerpt":{"rendered":"<p>1. Prise de contactLe conseil syndical, apr\u00e8s avoir valid\u00e9 la volont\u00e9 de changement de syndic, contactez Syneval par le biais d\u2019un de ses membres (g\u00e9n\u00e9ralement le pr\u00e9sident) via notre site internet ou notre plate-forme t\u00e9l\u00e9phonique au +33 1 79 72 40 40. 2. \u00c9tat des lieux Votre conseiller Syneval se rend dans votre copropri\u00e9t\u00e9 afin &hellip; <\/p>\n<p class=\"link-more\"><a href=\"https:\/\/preprod.syneval.com\/preprod\/changer-de-syndic-de-copropriete\/le-changement-de-syndic-en-huit-etapes\/\" class=\"more-link\">Lire la suite de<span class=\"screen-reader-text\">\u00ab\u00a0Changement de syndic : Notre action en 8 \u00e9tapes\u00a0\u00bb<\/span><\/a><\/p>\n","protected":false},"author":2,"featured_media":0,"parent":9428,"menu_order":1,"comment_status":"closed","ping_status":"closed","template":"","meta":{"footnotes":""},"class_list":["post-163","page","type-page","status-publish","hentry"],"_links":{"self":[{"href":"https:\/\/preprod.syneval.com\/preprod\/wp-json\/wp\/v2\/pages\/163","targetHints":{"allow":["GET"]}}],"collection":[{"href":"https:\/\/preprod.syneval.com\/preprod\/wp-json\/wp\/v2\/pages"}],"about":[{"href":"https:\/\/preprod.syneval.com\/preprod\/wp-json\/wp\/v2\/types\/page"}],"author":[{"embeddable":true,"href":"https:\/\/preprod.syneval.com\/preprod\/wp-json\/wp\/v2\/users\/2"}],"replies":[{"embeddable":true,"href":"https:\/\/preprod.syneval.com\/preprod\/wp-json\/wp\/v2\/comments?post=163"}],"version-history":[{"count":55,"href":"https:\/\/preprod.syneval.com\/preprod\/wp-json\/wp\/v2\/pages\/163\/revisions"}],"predecessor-version":[{"id":15188,"href":"https:\/\/preprod.syneval.com\/preprod\/wp-json\/wp\/v2\/pages\/163\/revisions\/15188"}],"up":[{"embeddable":true,"href":"https:\/\/preprod.syneval.com\/preprod\/wp-json\/wp\/v2\/pages\/9428"}],"wp:attachment":[{"href":"https:\/\/preprod.syneval.com\/preprod\/wp-json\/wp\/v2\/media?parent=163"}],"curies":[{"name":"wp","href":"https:\/\/api.w.org\/{rel}","templated":true}]}}