{"id":155,"date":"2011-08-24T01:27:58","date_gmt":"2011-08-23T23:27:58","guid":{"rendered":"http:\/\/syneval.local\/?page_id=155"},"modified":"2024-01-03T09:00:12","modified_gmt":"2024-01-03T08:00:12","slug":"independance-transparence-ecoute-disponibilite","status":"publish","type":"page","link":"https:\/\/preprod.syneval.com\/preprod\/syneval-partenaire-de-la-copropriete\/independance-transparence-ecoute-disponibilite\/","title":{"rendered":"Nos valeurs"},"content":{"rendered":"\t\t<div data-elementor-type=\"wp-page\" data-elementor-id=\"155\" class=\"elementor elementor-155\">\n\t\t\t\t\t\t\t\t\t<section class=\"elementor-section elementor-top-section elementor-element elementor-element-c562a13 elementor-section-boxed elementor-section-height-default elementor-section-height-default elementor-invisible\" data-id=\"c562a13\" data-element_type=\"section\" data-settings=\"{&quot;animation&quot;:&quot;fadeInUp&quot;}\">\n\t\t\t\t\t\t<div class=\"elementor-container elementor-column-gap-default\">\n\t\t\t\t\t<div class=\"elementor-column elementor-col-50 elementor-top-column elementor-element elementor-element-e5e57ca\" data-id=\"e5e57ca\" data-element_type=\"column\">\n\t\t\t<div class=\"elementor-widget-wrap elementor-element-populated\">\n\t\t\t\t\t\t\t\t<div class=\"elementor-element elementor-element-cff1e54 elementor-widget elementor-widget-image\" data-id=\"cff1e54\" data-element_type=\"widget\" data-widget_type=\"image.default\">\n\t\t\t\t<div class=\"elementor-widget-container\">\n\t\t\t<style>\/*! elementor - v3.18.0 - 20-12-2023 *\/\n.elementor-widget-image{text-align:center}.elementor-widget-image a{display:inline-block}.elementor-widget-image a img[src$=\".svg\"]{width:48px}.elementor-widget-image img{vertical-align:middle;display:inline-block}<\/style>\t\t\t\t\t\t\t\t\t\t\t\t<img decoding=\"async\" src=\"https:\/\/preprod.syneval.com\/preprod\/wp-content\/plugins\/elementor\/assets\/images\/placeholder.png\" title=\"\" alt=\"\" loading=\"lazy\" \/>\t\t\t\t\t\t\t\t\t\t\t\t\t\t\t<\/div>\n\t\t\t\t<\/div>\n\t\t\t\t\t<\/div>\n\t\t<\/div>\n\t\t\t\t<div class=\"elementor-column elementor-col-50 elementor-top-column elementor-element elementor-element-0fa81a2\" data-id=\"0fa81a2\" data-element_type=\"column\">\n\t\t\t<div class=\"elementor-widget-wrap elementor-element-populated\">\n\t\t\t\t\t\t\t\t<div class=\"elementor-element elementor-element-75cf342d elementor-widget elementor-widget-text-editor\" data-id=\"75cf342d\" data-element_type=\"widget\" data-widget_type=\"text-editor.default\">\n\t\t\t\t<div class=\"elementor-widget-container\">\n\t\t\t<style>\/*! elementor - v3.18.0 - 20-12-2023 *\/\n.elementor-widget-text-editor.elementor-drop-cap-view-stacked .elementor-drop-cap{background-color:#69727d;color:#fff}.elementor-widget-text-editor.elementor-drop-cap-view-framed .elementor-drop-cap{color:#69727d;border:3px solid;background-color:transparent}.elementor-widget-text-editor:not(.elementor-drop-cap-view-default) .elementor-drop-cap{margin-top:8px}.elementor-widget-text-editor:not(.elementor-drop-cap-view-default) .elementor-drop-cap-letter{width:1em;height:1em}.elementor-widget-text-editor .elementor-drop-cap{float:left;text-align:center;line-height:1;font-size:50px}.elementor-widget-text-editor .elementor-drop-cap-letter{display:inline-block}<\/style>\t\t\t\t<h2>IND\u00c9PENDANCE<\/h2>\n<p align=\"JUSTIFY\">Nous garantissons aux copropri\u00e9taires que la Soci\u00e9t\u00e9 SYNEVAL est totalement ind\u00e9pendante des diff\u00e9rents acteurs du secteur (syndics, promoteurs, associations de copropri\u00e9taires\u2026).<\/p>\n<p align=\"JUSTIFY\">Cette ind\u00e9pendance forte nous conf\u00e8re une libert\u00e9 d\u2019action importante et nous permet d\u2019agir exclusivement dans l\u2019int\u00e9r\u00eat des copropri\u00e9taires.<\/p>\t\t\t\t\t\t<\/div>\n\t\t\t\t<\/div>\n\t\t\t\t\t<\/div>\n\t\t<\/div>\n\t\t\t\t\t\t\t<\/div>\n\t\t<\/section>\n\t\t\t\t<section class=\"elementor-section elementor-top-section elementor-element elementor-element-7d46ef4 elementor-section-boxed elementor-section-height-default elementor-section-height-default elementor-invisible\" data-id=\"7d46ef4\" data-element_type=\"section\" data-settings=\"{&quot;animation&quot;:&quot;fadeInUp&quot;}\">\n\t\t\t\t\t\t<div class=\"elementor-container elementor-column-gap-default\">\n\t\t\t\t\t<div class=\"elementor-column elementor-col-50 elementor-top-column elementor-element elementor-element-447b90a\" data-id=\"447b90a\" data-element_type=\"column\">\n\t\t\t<div class=\"elementor-widget-wrap elementor-element-populated\">\n\t\t\t\t\t\t\t\t<div class=\"elementor-element elementor-element-b38b4e6 elementor-widget elementor-widget-text-editor\" data-id=\"b38b4e6\" data-element_type=\"widget\" data-widget_type=\"text-editor.default\">\n\t\t\t\t<div class=\"elementor-widget-container\">\n\t\t\t\t\t\t\t<h2>TRANSPARENCE<\/h2><p align=\"JUSTIFY\">L\u2019objectif de SYNEVAL est d\u2019apporter une prestation de qualit\u00e9 aux copropri\u00e9taires de telle sorte que le changement de syndic se d\u00e9roule en toute transparence.<\/p><p align=\"JUSTIFY\">Cette transparence permet une prise de d\u00e9cision \u00e9clair\u00e9e des copropri\u00e9taires et contribue \u00e9galement \u00e0 une forte am\u00e9lioration de la relation entre copropri\u00e9taires et syndics.<\/p>\t\t\t\t\t\t<\/div>\n\t\t\t\t<\/div>\n\t\t\t\t\t<\/div>\n\t\t<\/div>\n\t\t\t\t<div class=\"elementor-column elementor-col-50 elementor-top-column elementor-element elementor-element-35e0ba9\" data-id=\"35e0ba9\" data-element_type=\"column\">\n\t\t\t<div class=\"elementor-widget-wrap elementor-element-populated\">\n\t\t\t\t\t\t\t\t<div class=\"elementor-element elementor-element-01feeb1 elementor-widget elementor-widget-image\" data-id=\"01feeb1\" data-element_type=\"widget\" data-widget_type=\"image.default\">\n\t\t\t\t<div class=\"elementor-widget-container\">\n\t\t\t\t\t\t\t\t\t\t\t\t\t\t\t<img decoding=\"async\" src=\"https:\/\/preprod.syneval.com\/preprod\/wp-content\/plugins\/elementor\/assets\/images\/placeholder.png\" title=\"\" alt=\"\" loading=\"lazy\" \/>\t\t\t\t\t\t\t\t\t\t\t\t\t\t\t<\/div>\n\t\t\t\t<\/div>\n\t\t\t\t\t<\/div>\n\t\t<\/div>\n\t\t\t\t\t\t\t<\/div>\n\t\t<\/section>\n\t\t\t\t<section class=\"elementor-section elementor-top-section elementor-element elementor-element-64b6c0c elementor-section-boxed elementor-section-height-default elementor-section-height-default elementor-invisible\" data-id=\"64b6c0c\" data-element_type=\"section\" data-settings=\"{&quot;animation&quot;:&quot;fadeInUp&quot;}\">\n\t\t\t\t\t\t<div class=\"elementor-container elementor-column-gap-default\">\n\t\t\t\t\t<div class=\"elementor-column elementor-col-50 elementor-top-column elementor-element elementor-element-c8315ea\" data-id=\"c8315ea\" data-element_type=\"column\">\n\t\t\t<div class=\"elementor-widget-wrap elementor-element-populated\">\n\t\t\t\t\t\t\t\t<div class=\"elementor-element elementor-element-5b18c06 elementor-widget elementor-widget-image\" data-id=\"5b18c06\" data-element_type=\"widget\" data-widget_type=\"image.default\">\n\t\t\t\t<div class=\"elementor-widget-container\">\n\t\t\t\t\t\t\t\t\t\t\t\t\t\t\t<img decoding=\"async\" src=\"https:\/\/preprod.syneval.com\/preprod\/wp-content\/plugins\/elementor\/assets\/images\/placeholder.png\" title=\"\" alt=\"\" loading=\"lazy\" \/>\t\t\t\t\t\t\t\t\t\t\t\t\t\t\t<\/div>\n\t\t\t\t<\/div>\n\t\t\t\t\t<\/div>\n\t\t<\/div>\n\t\t\t\t<div class=\"elementor-column elementor-col-50 elementor-top-column elementor-element elementor-element-e82e9ad\" data-id=\"e82e9ad\" data-element_type=\"column\">\n\t\t\t<div class=\"elementor-widget-wrap elementor-element-populated\">\n\t\t\t\t\t\t\t\t<div class=\"elementor-element elementor-element-fdd2009 elementor-widget elementor-widget-text-editor\" data-id=\"fdd2009\" data-element_type=\"widget\" data-widget_type=\"text-editor.default\">\n\t\t\t\t<div class=\"elementor-widget-container\">\n\t\t\t\t\t\t\t<h2>\u00c9COUTE<\/h2><p align=\"JUSTIFY\">Le processus de s\u00e9lection mis en place par Syneval repose int\u00e9gralement sur les crit\u00e8res d\u00e9finis par le conseil syndical, la d\u00e9finition pr\u00e9cise des besoins et des attentes des copropri\u00e9taires sont donc une \u00e9tape cl\u00e9 de notre intervention.<\/p><p align=\"JUSTIFY\">De plus, nos conseillers entretiennent des \u00e9changes r\u00e9guliers avec le conseil syndical, ce qui permet \u00e0 ce dernier d\u2019\u00eatre inform\u00e9 en temps r\u00e9el de l\u2019\u00e9volution du processus de s\u00e9lection.<\/p>\t\t\t\t\t\t<\/div>\n\t\t\t\t<\/div>\n\t\t\t\t\t<\/div>\n\t\t<\/div>\n\t\t\t\t\t\t\t<\/div>\n\t\t<\/section>\n\t\t\t\t<section class=\"elementor-section elementor-top-section elementor-element elementor-element-35db40c elementor-section-boxed elementor-section-height-default elementor-section-height-default elementor-invisible\" data-id=\"35db40c\" data-element_type=\"section\" data-settings=\"{&quot;animation&quot;:&quot;fadeInUp&quot;}\">\n\t\t\t\t\t\t<div class=\"elementor-container elementor-column-gap-default\">\n\t\t\t\t\t<div class=\"elementor-column elementor-col-50 elementor-top-column elementor-element elementor-element-c1e5dbc\" data-id=\"c1e5dbc\" data-element_type=\"column\">\n\t\t\t<div class=\"elementor-widget-wrap elementor-element-populated\">\n\t\t\t\t\t\t\t\t<div class=\"elementor-element elementor-element-bdcacc9 elementor-widget elementor-widget-text-editor\" data-id=\"bdcacc9\" data-element_type=\"widget\" data-widget_type=\"text-editor.default\">\n\t\t\t\t<div class=\"elementor-widget-container\">\n\t\t\t\t\t\t\t<h2>DISPONIBILIT\u00c9<\/h2><p align=\"JUSTIFY\">Les \u00e9quipes de SYNEVAL sont \u00e0 la disposition des conseils syndicaux afin de r\u00e9pondre \u00e0 leurs questions \u00e9ventuelles, les assister et les conseiller pendant toute la dur\u00e9e de l\u2019intervention.<\/p><p align=\"JUSTIFY\">Un questionnaire de satisfaction est \u00e9galement r\u00e9guli\u00e8rement envoy\u00e9 au conseil syndical afin que SYNEVAL puisse s\u2019assurer de la qualit\u00e9 de la prestation offerte par le syndic retenu.<\/p>\t\t\t\t\t\t<\/div>\n\t\t\t\t<\/div>\n\t\t\t\t\t<\/div>\n\t\t<\/div>\n\t\t\t\t<div class=\"elementor-column elementor-col-50 elementor-top-column elementor-element elementor-element-79459ac\" data-id=\"79459ac\" data-element_type=\"column\">\n\t\t\t<div class=\"elementor-widget-wrap elementor-element-populated\">\n\t\t\t\t\t\t\t\t<div class=\"elementor-element elementor-element-23259ad elementor-widget elementor-widget-image\" data-id=\"23259ad\" data-element_type=\"widget\" data-widget_type=\"image.default\">\n\t\t\t\t<div class=\"elementor-widget-container\">\n\t\t\t\t\t\t\t\t\t\t\t\t\t\t\t<img decoding=\"async\" src=\"https:\/\/preprod.syneval.com\/preprod\/wp-content\/plugins\/elementor\/assets\/images\/placeholder.png\" title=\"\" alt=\"\" loading=\"lazy\" \/>\t\t\t\t\t\t\t\t\t\t\t\t\t\t\t<\/div>\n\t\t\t\t<\/div>\n\t\t\t\t\t<\/div>\n\t\t<\/div>\n\t\t\t\t\t\t\t<\/div>\n\t\t<\/section>\n\t\t\t\t<section class=\"elementor-section elementor-top-section elementor-element elementor-element-164932d7 elementor-section-boxed elementor-section-height-default elementor-section-height-default\" data-id=\"164932d7\" data-element_type=\"section\">\n\t\t\t\t\t\t<div class=\"elementor-container elementor-column-gap-default\">\n\t\t\t\t\t<div class=\"elementor-column elementor-col-100 elementor-top-column elementor-element elementor-element-51605831\" data-id=\"51605831\" data-element_type=\"column\">\n\t\t\t<div class=\"elementor-widget-wrap\">\n\t\t\t\t\t\t\t\t\t<\/div>\n\t\t<\/div>\n\t\t\t\t\t\t\t<\/div>\n\t\t<\/section>\n\t\t\t\t\t\t\t<\/div>\n\t\t","protected":false},"excerpt":{"rendered":"<p>IND\u00c9PENDANCE Nous garantissons aux copropri\u00e9taires que la Soci\u00e9t\u00e9 SYNEVAL est totalement ind\u00e9pendante des diff\u00e9rents acteurs du secteur (syndics, promoteurs, associations de copropri\u00e9taires\u2026). Cette ind\u00e9pendance forte nous conf\u00e8re une libert\u00e9 d\u2019action importante et nous permet d\u2019agir exclusivement dans l\u2019int\u00e9r\u00eat des copropri\u00e9taires. TRANSPARENCE L\u2019objectif de SYNEVAL est d\u2019apporter une prestation de qualit\u00e9 aux copropri\u00e9taires de telle sorte &hellip; <\/p>\n<p class=\"link-more\"><a href=\"https:\/\/preprod.syneval.com\/preprod\/syneval-partenaire-de-la-copropriete\/independance-transparence-ecoute-disponibilite\/\" class=\"more-link\">Lire la suite de<span class=\"screen-reader-text\">\u00ab\u00a0Nos valeurs\u00a0\u00bb<\/span><\/a><\/p>\n","protected":false},"author":2,"featured_media":0,"parent":9429,"menu_order":3,"comment_status":"closed","ping_status":"closed","template":"","meta":{"footnotes":""},"class_list":["post-155","page","type-page","status-publish","hentry"],"_links":{"self":[{"href":"https:\/\/preprod.syneval.com\/preprod\/wp-json\/wp\/v2\/pages\/155","targetHints":{"allow":["GET"]}}],"collection":[{"href":"https:\/\/preprod.syneval.com\/preprod\/wp-json\/wp\/v2\/pages"}],"about":[{"href":"https:\/\/preprod.syneval.com\/preprod\/wp-json\/wp\/v2\/types\/page"}],"author":[{"embeddable":true,"href":"https:\/\/preprod.syneval.com\/preprod\/wp-json\/wp\/v2\/users\/2"}],"replies":[{"embeddable":true,"href":"https:\/\/preprod.syneval.com\/preprod\/wp-json\/wp\/v2\/comments?post=155"}],"version-history":[{"count":14,"href":"https:\/\/preprod.syneval.com\/preprod\/wp-json\/wp\/v2\/pages\/155\/revisions"}],"predecessor-version":[{"id":14921,"href":"https:\/\/preprod.syneval.com\/preprod\/wp-json\/wp\/v2\/pages\/155\/revisions\/14921"}],"up":[{"embeddable":true,"href":"https:\/\/preprod.syneval.com\/preprod\/wp-json\/wp\/v2\/pages\/9429"}],"wp:attachment":[{"href":"https:\/\/preprod.syneval.com\/preprod\/wp-json\/wp\/v2\/media?parent=155"}],"curies":[{"name":"wp","href":"https:\/\/api.w.org\/{rel}","templated":true}]}}