{"id":153,"date":"2011-08-24T01:27:41","date_gmt":"2011-08-23T23:27:41","guid":{"rendered":"http:\/\/syneval.local\/?page_id=153"},"modified":"2024-01-03T09:06:30","modified_gmt":"2024-01-03T08:06:30","slug":"notre-ambition","status":"publish","type":"page","link":"https:\/\/preprod.syneval.com\/preprod\/syneval-partenaire-de-la-copropriete\/notre-ambition\/","title":{"rendered":"Notre ambition"},"content":{"rendered":"\t\t<div data-elementor-type=\"wp-page\" data-elementor-id=\"153\" class=\"elementor elementor-153\">\n\t\t\t\t\t\t\t\t\t<section class=\"elementor-section elementor-top-section elementor-element elementor-element-4aaef5cc elementor-section-boxed elementor-section-height-default elementor-section-height-default elementor-invisible\" data-id=\"4aaef5cc\" data-element_type=\"section\" data-settings=\"{&quot;background_background&quot;:&quot;classic&quot;,&quot;animation&quot;:&quot;fadeInUp&quot;}\">\n\t\t\t\t\t\t<div class=\"elementor-container elementor-column-gap-default\">\n\t\t\t\t\t<div class=\"elementor-column elementor-col-100 elementor-top-column elementor-element elementor-element-9f5fb6d\" data-id=\"9f5fb6d\" data-element_type=\"column\">\n\t\t\t<div class=\"elementor-widget-wrap elementor-element-populated\">\n\t\t\t\t\t\t\t\t<div class=\"elementor-element elementor-element-6345a6b7 elementor-widget elementor-widget-text-editor\" data-id=\"6345a6b7\" data-element_type=\"widget\" data-widget_type=\"text-editor.default\">\n\t\t\t\t<div class=\"elementor-widget-container\">\n\t\t\t<style>\/*! elementor - v3.18.0 - 20-12-2023 *\/\n.elementor-widget-text-editor.elementor-drop-cap-view-stacked .elementor-drop-cap{background-color:#69727d;color:#fff}.elementor-widget-text-editor.elementor-drop-cap-view-framed .elementor-drop-cap{color:#69727d;border:3px solid;background-color:transparent}.elementor-widget-text-editor:not(.elementor-drop-cap-view-default) .elementor-drop-cap{margin-top:8px}.elementor-widget-text-editor:not(.elementor-drop-cap-view-default) .elementor-drop-cap-letter{width:1em;height:1em}.elementor-widget-text-editor .elementor-drop-cap{float:left;text-align:center;line-height:1;font-size:50px}.elementor-widget-text-editor .elementor-drop-cap-letter{display:inline-block}<\/style>\t\t\t\t<h2 align=\"justify\">Agir dans l\u2019int\u00e9r\u00eat des copropri\u00e9taires<\/h2><ul><li>L\u2019intervention de SYNEVAL a \u00e9t\u00e9 structur\u00e9e de sorte que l\u2019int\u00e9r\u00eat des copropri\u00e9taires soit constamment au centre de notre d\u00e9marche.<\/li><li>Nous prenons le temps de d\u00e9finir pr\u00e9cis\u00e9ment, avec le conseil syndical, les crit\u00e8res de s\u00e9lection du nouveau syndic.<\/li><li>Les contrats re\u00e7us font l\u2019objet d\u2019une n\u00e9gociation d\u00e9taill\u00e9e afin d\u2019am\u00e9liorer leur lisibilit\u00e9.<\/li><li>Nous assistons le conseil syndical jusqu\u2019au vote en assembl\u00e9e g\u00e9n\u00e9rale afin de le guider et de le conseiller lorsqu\u2019il en ressent le besoin<\/li><\/ul>\t\t\t\t\t\t<\/div>\n\t\t\t\t<\/div>\n\t\t\t\t\t<\/div>\n\t\t<\/div>\n\t\t\t\t\t\t\t<\/div>\n\t\t<\/section>\n\t\t\t\t<section class=\"elementor-section elementor-top-section elementor-element elementor-element-e6f43c5 elementor-section-boxed elementor-section-height-default elementor-section-height-default elementor-invisible\" data-id=\"e6f43c5\" data-element_type=\"section\" data-settings=\"{&quot;animation&quot;:&quot;fadeInUp&quot;}\">\n\t\t\t\t\t\t<div class=\"elementor-container elementor-column-gap-default\">\n\t\t\t\t\t<div class=\"elementor-column elementor-col-100 elementor-top-column elementor-element elementor-element-2e85479\" data-id=\"2e85479\" data-element_type=\"column\">\n\t\t\t<div class=\"elementor-widget-wrap elementor-element-populated\">\n\t\t\t\t\t\t\t\t<div class=\"elementor-element elementor-element-78818a5 elementor-widget elementor-widget-text-editor\" data-id=\"78818a5\" data-element_type=\"widget\" data-widget_type=\"text-editor.default\">\n\t\t\t\t<div class=\"elementor-widget-container\">\n\t\t\t\t\t\t\t<h2 align=\"justify\">Apporter une transparence in\u00e9dite<\/h2><ul><li>Notre soci\u00e9t\u00e9 a pour ambition d\u2019apporter une transparence in\u00e9dite et ainsi am\u00e9liorer toujours plus la lisibilit\u00e9 de l\u2019offre des syndics.<\/li><li>En ayant recours \u00e0 SYNEVAL, le conseil syndical se voit remettre un rapport pr\u00e9sentant les diligences r\u00e9alis\u00e9es et l\u2019ensemble des informations n\u00e9cessaires \u00e0 une comparaison plus ais\u00e9e de l\u2019offre en mati\u00e8re de syndics.<\/li><\/ul>\t\t\t\t\t\t<\/div>\n\t\t\t\t<\/div>\n\t\t\t\t\t<\/div>\n\t\t<\/div>\n\t\t\t\t\t\t\t<\/div>\n\t\t<\/section>\n\t\t\t\t<section class=\"elementor-section elementor-top-section elementor-element elementor-element-cba9ec2 elementor-section-boxed elementor-section-height-default elementor-section-height-default elementor-invisible\" data-id=\"cba9ec2\" data-element_type=\"section\" data-settings=\"{&quot;background_background&quot;:&quot;classic&quot;,&quot;animation&quot;:&quot;fadeInUp&quot;}\">\n\t\t\t\t\t\t<div class=\"elementor-container elementor-column-gap-default\">\n\t\t\t\t\t<div class=\"elementor-column elementor-col-100 elementor-top-column elementor-element elementor-element-08319e2\" data-id=\"08319e2\" data-element_type=\"column\">\n\t\t\t<div class=\"elementor-widget-wrap elementor-element-populated\">\n\t\t\t\t\t\t\t\t<div class=\"elementor-element elementor-element-4ba03ea elementor-widget elementor-widget-text-editor\" data-id=\"4ba03ea\" data-element_type=\"widget\" data-widget_type=\"text-editor.default\">\n\t\t\t\t<div class=\"elementor-widget-container\">\n\t\t\t\t\t\t\t<h2 align=\"justify\">R\u00e9pondre parfaitement aux attentes du conseil syndical<\/h2><ul><li>Au-del\u00e0 du fait que le syndic s\u00e9lectionn\u00e9 sera issu d\u2019un panel tr\u00e8s large, le processus de s\u00e9lection mis en place par SYNEVAL repose int\u00e9gralement sur les attentes du conseil syndical, via la d\u00e9finition de crit\u00e8res de s\u00e9lection pr\u00e9cis.<\/li><li>Notre approche est donc \u00e0 la fois exhaustive et personnalis\u00e9e. Ainsi l\u2019intervention de SYNEVAL permet aux copropri\u00e9taires de b\u00e9n\u00e9ficier de la meilleure s\u00e9lection possible.<\/li><\/ul>\t\t\t\t\t\t<\/div>\n\t\t\t\t<\/div>\n\t\t\t\t\t<\/div>\n\t\t<\/div>\n\t\t\t\t\t\t\t<\/div>\n\t\t<\/section>\n\t\t\t\t<section class=\"elementor-section elementor-top-section elementor-element elementor-element-59563d4 elementor-section-boxed elementor-section-height-default elementor-section-height-default elementor-invisible\" data-id=\"59563d4\" data-element_type=\"section\" data-settings=\"{&quot;animation&quot;:&quot;fadeInUp&quot;}\">\n\t\t\t\t\t\t<div class=\"elementor-container elementor-column-gap-default\">\n\t\t\t\t\t<div class=\"elementor-column elementor-col-100 elementor-top-column elementor-element elementor-element-a9af432\" data-id=\"a9af432\" data-element_type=\"column\">\n\t\t\t<div class=\"elementor-widget-wrap elementor-element-populated\">\n\t\t\t\t\t\t\t\t<div class=\"elementor-element elementor-element-7cc14dd elementor-widget elementor-widget-text-editor\" data-id=\"7cc14dd\" data-element_type=\"widget\" data-widget_type=\"text-editor.default\">\n\t\t\t\t<div class=\"elementor-widget-container\">\n\t\t\t\t\t\t\t<h2 align=\"justify\">Apaiser les relations entre copropri\u00e9taires et syndics<\/h2><ul><li>En mettant son expertise et son ind\u00e9pendance au service des copropri\u00e9taires, SYNEVAL r\u00e9invente la relation qui les lie aux syndics.<\/li><li>L\u2019intervention d\u2019un tiers professionnel ind\u00e9pendant permet de r\u00e9\u00e9quilibrer les rapports entre copropri\u00e9taires et syndics.<\/li><\/ul>\t\t\t\t\t\t<\/div>\n\t\t\t\t<\/div>\n\t\t\t\t\t<\/div>\n\t\t<\/div>\n\t\t\t\t\t\t\t<\/div>\n\t\t<\/section>\n\t\t\t\t\t\t\t<\/div>\n\t\t","protected":false},"excerpt":{"rendered":"<p>Agir dans l\u2019int\u00e9r\u00eat des copropri\u00e9taires L\u2019intervention de SYNEVAL a \u00e9t\u00e9 structur\u00e9e de sorte que l\u2019int\u00e9r\u00eat des copropri\u00e9taires soit constamment au centre de notre d\u00e9marche. Nous prenons le temps de d\u00e9finir pr\u00e9cis\u00e9ment, avec le conseil syndical, les crit\u00e8res de s\u00e9lection du nouveau syndic. Les contrats re\u00e7us font l\u2019objet d\u2019une n\u00e9gociation d\u00e9taill\u00e9e afin d\u2019am\u00e9liorer leur lisibilit\u00e9. Nous &hellip; <\/p>\n<p class=\"link-more\"><a href=\"https:\/\/preprod.syneval.com\/preprod\/syneval-partenaire-de-la-copropriete\/notre-ambition\/\" class=\"more-link\">Lire la suite de<span class=\"screen-reader-text\">\u00ab\u00a0Notre ambition\u00a0\u00bb<\/span><\/a><\/p>\n","protected":false},"author":2,"featured_media":0,"parent":9429,"menu_order":2,"comment_status":"closed","ping_status":"closed","template":"","meta":{"footnotes":""},"class_list":["post-153","page","type-page","status-publish","hentry"],"_links":{"self":[{"href":"https:\/\/preprod.syneval.com\/preprod\/wp-json\/wp\/v2\/pages\/153","targetHints":{"allow":["GET"]}}],"collection":[{"href":"https:\/\/preprod.syneval.com\/preprod\/wp-json\/wp\/v2\/pages"}],"about":[{"href":"https:\/\/preprod.syneval.com\/preprod\/wp-json\/wp\/v2\/types\/page"}],"author":[{"embeddable":true,"href":"https:\/\/preprod.syneval.com\/preprod\/wp-json\/wp\/v2\/users\/2"}],"replies":[{"embeddable":true,"href":"https:\/\/preprod.syneval.com\/preprod\/wp-json\/wp\/v2\/comments?post=153"}],"version-history":[{"count":11,"href":"https:\/\/preprod.syneval.com\/preprod\/wp-json\/wp\/v2\/pages\/153\/revisions"}],"predecessor-version":[{"id":14930,"href":"https:\/\/preprod.syneval.com\/preprod\/wp-json\/wp\/v2\/pages\/153\/revisions\/14930"}],"up":[{"embeddable":true,"href":"https:\/\/preprod.syneval.com\/preprod\/wp-json\/wp\/v2\/pages\/9429"}],"wp:attachment":[{"href":"https:\/\/preprod.syneval.com\/preprod\/wp-json\/wp\/v2\/media?parent=153"}],"curies":[{"name":"wp","href":"https:\/\/api.w.org\/{rel}","templated":true}]}}