{"id":14632,"date":"2023-12-20T10:05:13","date_gmt":"2023-12-20T09:05:13","guid":{"rendered":"https:\/\/preprod.syneval.com\/preprod\/?page_id=14632"},"modified":"2024-01-24T17:14:37","modified_gmt":"2024-01-24T16:14:37","slug":"immobilier-neuf","status":"publish","type":"page","link":"https:\/\/preprod.syneval.com\/preprod\/immobilier-neuf\/","title":{"rendered":"Immobilier neuf &#8211; Notre prestation Syneval"},"content":{"rendered":"\t\t<div data-elementor-type=\"wp-page\" data-elementor-id=\"14632\" class=\"elementor elementor-14632\">\n\t\t\t\t\t\t\t\t\t<section class=\"elementor-section elementor-top-section elementor-element elementor-element-44e8125 elementor-section-boxed elementor-section-height-default elementor-section-height-default\" data-id=\"44e8125\" data-element_type=\"section\">\n\t\t\t\t\t\t<div class=\"elementor-container elementor-column-gap-default\">\n\t\t\t\t\t<div class=\"elementor-column elementor-col-50 elementor-top-column elementor-element elementor-element-459cc5c\" data-id=\"459cc5c\" data-element_type=\"column\">\n\t\t\t<div class=\"elementor-widget-wrap elementor-element-populated\">\n\t\t\t\t\t\t\t\t<div class=\"elementor-element elementor-element-543960b elementor-invisible elementor-widget elementor-widget-image\" data-id=\"543960b\" data-element_type=\"widget\" data-settings=\"{&quot;_animation&quot;:&quot;fadeInDown&quot;}\" data-widget_type=\"image.default\">\n\t\t\t\t<div class=\"elementor-widget-container\">\n\t\t\t<style>\/*! elementor - v3.18.0 - 20-12-2023 *\/\n.elementor-widget-image{text-align:center}.elementor-widget-image a{display:inline-block}.elementor-widget-image a img[src$=\".svg\"]{width:48px}.elementor-widget-image img{vertical-align:middle;display:inline-block}<\/style>\t\t\t\t\t\t\t\t\t\t\t\t<img fetchpriority=\"high\" decoding=\"async\" width=\"768\" height=\"642\" src=\"https:\/\/preprod.syneval.com\/preprod\/wp-content\/uploads\/2024\/01\/Capture-decran-304.png\" class=\"attachment-medium_large size-medium_large wp-image-15193\" alt=\"syndic de copro\" srcset=\"https:\/\/preprod.syneval.com\/preprod\/wp-content\/uploads\/2024\/01\/Capture-decran-304.png 905w, https:\/\/preprod.syneval.com\/preprod\/wp-content\/uploads\/2024\/01\/Capture-decran-304-300x251.png 300w\" sizes=\"100vw\" \/>\t\t\t\t\t\t\t\t\t\t\t\t\t\t\t<\/div>\n\t\t\t\t<\/div>\n\t\t\t\t\t<\/div>\n\t\t<\/div>\n\t\t\t\t<div class=\"elementor-column elementor-col-50 elementor-top-column elementor-element elementor-element-ba1ef93\" data-id=\"ba1ef93\" data-element_type=\"column\">\n\t\t\t<div class=\"elementor-widget-wrap elementor-element-populated\">\n\t\t\t\t\t\t\t\t<div class=\"elementor-element elementor-element-ffcc46a elementor-invisible elementor-widget elementor-widget-text-editor\" data-id=\"ffcc46a\" data-element_type=\"widget\" data-settings=\"{&quot;_animation&quot;:&quot;fadeInDown&quot;}\" data-widget_type=\"text-editor.default\">\n\t\t\t\t<div class=\"elementor-widget-container\">\n\t\t\t<style>\/*! elementor - v3.18.0 - 20-12-2023 *\/\n.elementor-widget-text-editor.elementor-drop-cap-view-stacked .elementor-drop-cap{background-color:#69727d;color:#fff}.elementor-widget-text-editor.elementor-drop-cap-view-framed .elementor-drop-cap{color:#69727d;border:3px solid;background-color:transparent}.elementor-widget-text-editor:not(.elementor-drop-cap-view-default) .elementor-drop-cap{margin-top:8px}.elementor-widget-text-editor:not(.elementor-drop-cap-view-default) .elementor-drop-cap-letter{width:1em;height:1em}.elementor-widget-text-editor .elementor-drop-cap{float:left;text-align:center;line-height:1;font-size:50px}.elementor-widget-text-editor .elementor-drop-cap-letter{display:inline-block}<\/style>\t\t\t\t<p><strong>Chez Syneval<\/strong>, nous sommes fiers d\u2019\u00eatre le partenaire de confiance des promoteurs immobiliers et de faire de vos mises en copropri\u00e9t\u00e9 d\u2019immeubles en Vente En l\u2019\u00e9tat Futur d\u2019Ach\u00e8vement un succ\u00e8s.<\/p><p>\u00c0 l\u2019approche des livraisons, les interrogations affluent au sein des copropri\u00e9t\u00e9s et les attentes sont de plus en plus importantes. De plus, votre planning est g\u00e9n\u00e9ralement charg\u00e9, alors que vous \u00eates davantage sollicit\u00e9s par les acqu\u00e9reurs.<\/p><p>C\u2019est pour cette raison que Syneval a cr\u00e9\u00e9 en 2018 une offre sp\u00e9cifique, destin\u00e9e aux promoteurs immobiliers. Cette initiative vise \u00e0 leur permettre d\u2019offrir une prestation de mise en copropri\u00e9t\u00e9 de qualit\u00e9 aux acqu\u00e9reurs, tout en s\u2019int\u00e9grant dans le parcours client du promoteur.<\/p>\t\t\t\t\t\t<\/div>\n\t\t\t\t<\/div>\n\t\t\t\t\t<\/div>\n\t\t<\/div>\n\t\t\t\t\t\t\t<\/div>\n\t\t<\/section>\n\t\t\t\t<section class=\"elementor-section elementor-top-section elementor-element elementor-element-d2cce88 elementor-section-boxed elementor-section-height-default elementor-section-height-default\" data-id=\"d2cce88\" data-element_type=\"section\">\n\t\t\t\t\t\t<div class=\"elementor-container elementor-column-gap-default\">\n\t\t\t\t\t<div class=\"elementor-column elementor-col-100 elementor-top-column elementor-element elementor-element-6cdd02d\" data-id=\"6cdd02d\" data-element_type=\"column\">\n\t\t\t<div class=\"elementor-widget-wrap elementor-element-populated\">\n\t\t\t\t\t\t\t\t<div class=\"elementor-element elementor-element-9011f03 elementor-widget elementor-widget-heading\" data-id=\"9011f03\" data-element_type=\"widget\" data-widget_type=\"heading.default\">\n\t\t\t\t<div class=\"elementor-widget-container\">\n\t\t\t<style>\/*! elementor - v3.18.0 - 20-12-2023 *\/\n.elementor-heading-title{padding:0;margin:0;line-height:1}.elementor-widget-heading .elementor-heading-title[class*=elementor-size-]>a{color:inherit;font-size:inherit;line-height:inherit}.elementor-widget-heading .elementor-heading-title.elementor-size-small{font-size:15px}.elementor-widget-heading .elementor-heading-title.elementor-size-medium{font-size:19px}.elementor-widget-heading .elementor-heading-title.elementor-size-large{font-size:29px}.elementor-widget-heading .elementor-heading-title.elementor-size-xl{font-size:39px}.elementor-widget-heading .elementor-heading-title.elementor-size-xxl{font-size:59px}<\/style><h2 class=\"elementor-heading-title elementor-size-default\">D\u00e9couvrez en d\u00e9tail notre prestation.<\/h2>\t\t<\/div>\n\t\t\t\t<\/div>\n\t\t\t\t\t<\/div>\n\t\t<\/div>\n\t\t\t\t\t\t\t<\/div>\n\t\t<\/section>\n\t\t\t\t<section class=\"elementor-section elementor-top-section elementor-element elementor-element-ace47dd elementor-section-boxed elementor-section-height-default elementor-section-height-default\" data-id=\"ace47dd\" data-element_type=\"section\">\n\t\t\t\t\t\t<div class=\"elementor-container elementor-column-gap-default\">\n\t\t\t\t\t<div class=\"elementor-column elementor-col-50 elementor-top-column elementor-element elementor-element-2ee60a1\" data-id=\"2ee60a1\" data-element_type=\"column\">\n\t\t\t<div class=\"elementor-widget-wrap elementor-element-populated\">\n\t\t\t\t\t\t\t\t<div class=\"elementor-element elementor-element-bd41fda elementor-invisible elementor-widget elementor-widget-text-editor\" data-id=\"bd41fda\" data-element_type=\"widget\" data-settings=\"{&quot;_animation&quot;:&quot;fadeInUp&quot;}\" data-widget_type=\"text-editor.default\">\n\t\t\t\t<div class=\"elementor-widget-container\">\n\t\t\t\t\t\t\t<p style=\"text-align: left;\">Etape 1 : <\/p><p>Contact initial avec le promoteur immobilier<\/p>\t\t\t\t\t\t<\/div>\n\t\t\t\t<\/div>\n\t\t\t\t\t<\/div>\n\t\t<\/div>\n\t\t\t\t<div class=\"elementor-column elementor-col-50 elementor-top-column elementor-element elementor-element-37eb856\" data-id=\"37eb856\" data-element_type=\"column\">\n\t\t\t<div class=\"elementor-widget-wrap elementor-element-populated\">\n\t\t\t\t\t\t\t\t<div class=\"elementor-element elementor-element-508581e elementor-invisible elementor-widget elementor-widget-text-editor\" data-id=\"508581e\" data-element_type=\"widget\" data-settings=\"{&quot;_animation&quot;:&quot;fadeInUp&quot;}\" data-widget_type=\"text-editor.default\">\n\t\t\t\t<div class=\"elementor-widget-container\">\n\t\t\t\t\t\t\t<p>Les promoteurs souhaitant garantir une gestion transparente et optimale de leurs programmes font appel \u00e0 Syneval.<br \/>Nous collaborons \u00e9troitement pour comprendre les besoins sp\u00e9cifiques de chaque ensemble immobilier.<\/p>\t\t\t\t\t\t<\/div>\n\t\t\t\t<\/div>\n\t\t\t\t\t<\/div>\n\t\t<\/div>\n\t\t\t\t\t\t\t<\/div>\n\t\t<\/section>\n\t\t\t\t<section class=\"elementor-section elementor-top-section elementor-element elementor-element-47bdd8c elementor-section-boxed elementor-section-height-default elementor-section-height-default\" data-id=\"47bdd8c\" data-element_type=\"section\">\n\t\t\t\t\t\t<div class=\"elementor-container elementor-column-gap-default\">\n\t\t\t\t\t<div class=\"elementor-column elementor-col-50 elementor-top-column elementor-element elementor-element-a0bb99f\" data-id=\"a0bb99f\" data-element_type=\"column\">\n\t\t\t<div class=\"elementor-widget-wrap elementor-element-populated\">\n\t\t\t\t\t\t\t\t<div class=\"elementor-element elementor-element-6af612e elementor-invisible elementor-widget elementor-widget-text-editor\" data-id=\"6af612e\" data-element_type=\"widget\" data-settings=\"{&quot;_animation&quot;:&quot;fadeInUp&quot;}\" data-widget_type=\"text-editor.default\">\n\t\t\t\t<div class=\"elementor-widget-container\">\n\t\t\t\t\t\t\t<p style=\"text-align: left;\">Etape 2 :<\/p><p>Appels d&rsquo;offres avec 3 syndics s\u00e9lectionn\u00e9s<\/p>\t\t\t\t\t\t<\/div>\n\t\t\t\t<\/div>\n\t\t\t\t\t<\/div>\n\t\t<\/div>\n\t\t\t\t<div class=\"elementor-column elementor-col-50 elementor-top-column elementor-element elementor-element-0d44781\" data-id=\"0d44781\" data-element_type=\"column\">\n\t\t\t<div class=\"elementor-widget-wrap elementor-element-populated\">\n\t\t\t\t\t\t\t\t<div class=\"elementor-element elementor-element-4eed1ff elementor-invisible elementor-widget elementor-widget-text-editor\" data-id=\"4eed1ff\" data-element_type=\"widget\" data-settings=\"{&quot;_animation&quot;:&quot;fadeInUp&quot;}\" data-widget_type=\"text-editor.default\">\n\t\t\t\t<div class=\"elementor-widget-container\">\n\t\t\t\t\t\t\t<p>La mise en concurrence n\u2019est pas obligatoire pour le promoteur lors du choix du syndic provisoire, et c\u2019est pr\u00e9cis\u00e9ment l\u00e0 que Syneval intervient.<\/p><p>Nous lan\u00e7ons des appels d\u2019offre aupr\u00e8s de 3 syndics soigneusement pr\u00e9 s\u00e9lectionn\u00e9s parmi un panel de 320 syndics, pour correspondre parfaitement au programme immobilier concern\u00e9.<\/p><p>Il est fondamental que les syndics qui concourent aient l\u2019habitude de g\u00e9rer des immeubles neufs, qui n\u00e9cessite une gestion particuli\u00e8re en termes de gestion des contentieux, budget, etc\u2026<\/p>\t\t\t\t\t\t<\/div>\n\t\t\t\t<\/div>\n\t\t\t\t\t<\/div>\n\t\t<\/div>\n\t\t\t\t\t\t\t<\/div>\n\t\t<\/section>\n\t\t\t\t<section class=\"elementor-section elementor-top-section elementor-element elementor-element-2ed4873 elementor-section-boxed elementor-section-height-default elementor-section-height-default\" data-id=\"2ed4873\" data-element_type=\"section\">\n\t\t\t\t\t\t<div class=\"elementor-container elementor-column-gap-default\">\n\t\t\t\t\t<div class=\"elementor-column elementor-col-50 elementor-top-column elementor-element elementor-element-3b26401\" data-id=\"3b26401\" data-element_type=\"column\">\n\t\t\t<div class=\"elementor-widget-wrap elementor-element-populated\">\n\t\t\t\t\t\t\t\t<div class=\"elementor-element elementor-element-6cbcd21 elementor-invisible elementor-widget elementor-widget-text-editor\" data-id=\"6cbcd21\" data-element_type=\"widget\" data-settings=\"{&quot;_animation&quot;:&quot;fadeInUp&quot;}\" data-widget_type=\"text-editor.default\">\n\t\t\t\t<div class=\"elementor-widget-container\">\n\t\t\t\t\t\t\t<p>Etape 3 :<\/p><p>R\u00e9union d&rsquo;information et choix du syndic provisoire<\/p>\t\t\t\t\t\t<\/div>\n\t\t\t\t<\/div>\n\t\t\t\t\t<\/div>\n\t\t<\/div>\n\t\t\t\t<div class=\"elementor-column elementor-col-50 elementor-top-column elementor-element elementor-element-3c52463\" data-id=\"3c52463\" data-element_type=\"column\">\n\t\t\t<div class=\"elementor-widget-wrap elementor-element-populated\">\n\t\t\t\t\t\t\t\t<div class=\"elementor-element elementor-element-dd4c1c3 elementor-invisible elementor-widget elementor-widget-text-editor\" data-id=\"dd4c1c3\" data-element_type=\"widget\" data-settings=\"{&quot;_animation&quot;:&quot;fadeInUp&quot;}\" data-widget_type=\"text-editor.default\">\n\t\t\t\t<div class=\"elementor-widget-container\">\n\t\t\t\t\t\t\t<p>Nous organisons une r\u00e9union d\u2019information pendant laquelle nous pr\u00e9sentons le programme immobilier dans son ensemble.<\/p><p>Les d\u00e9tails du calendrier de livraison et toutes les informations pratiques sur la copropri\u00e9t\u00e9 sont communiqu\u00e9s aux acqu\u00e9reurs.<\/p><p>Cette r\u00e9union se d\u00e9roule en visio afin de maximiser le nombre de participants et que les acqu\u00e9reurs puissent b\u00e9n\u00e9ficier d\u2019un syst\u00e8me de replay.<\/p><p>Lors de la pr\u00e9sentation, chaque syndic a l\u2019opportunit\u00e9 de pr\u00e9senter son offre pendant 10 minutes.<\/p><p>Par la suite, les acqu\u00e9reurs participent activement\u00a0 au processus de s\u00e9lection en votant pour le syndic de leur choix.<\/p><p>Ces derniers ont la possibilit\u00e9 de poser des questions afin d\u2019obtenir toutes les informations n\u00e9cessaires pour prendre une d\u00e9cision coh\u00e9rente.<\/p><p>Le syndic choisi au cours de la r\u00e9union d\u2019information sera alors d\u00e9sign\u00e9 syndic provisoire\u00a0; il sera en charge d\u2019organiser la premi\u00e8re assembl\u00e9e g\u00e9n\u00e9rale.<\/p>\t\t\t\t\t\t<\/div>\n\t\t\t\t<\/div>\n\t\t\t\t\t<\/div>\n\t\t<\/div>\n\t\t\t\t\t\t\t<\/div>\n\t\t<\/section>\n\t\t\t\t<section class=\"elementor-section elementor-top-section elementor-element elementor-element-60de6f9 elementor-section-boxed elementor-section-height-default elementor-section-height-default\" data-id=\"60de6f9\" data-element_type=\"section\">\n\t\t\t\t\t\t<div class=\"elementor-container elementor-column-gap-default\">\n\t\t\t\t\t<div class=\"elementor-column elementor-col-50 elementor-top-column elementor-element elementor-element-971e294\" data-id=\"971e294\" data-element_type=\"column\">\n\t\t\t<div class=\"elementor-widget-wrap elementor-element-populated\">\n\t\t\t\t\t\t\t\t<div class=\"elementor-element elementor-element-4fe9bce elementor-invisible elementor-widget elementor-widget-text-editor\" data-id=\"4fe9bce\" data-element_type=\"widget\" data-settings=\"{&quot;_animation&quot;:&quot;fadeInUp&quot;}\" data-widget_type=\"text-editor.default\">\n\t\t\t\t<div class=\"elementor-widget-container\">\n\t\t\t\t\t\t\t<p>Etape 4 :<\/p><p>Suivi de satisfaction<\/p>\t\t\t\t\t\t<\/div>\n\t\t\t\t<\/div>\n\t\t\t\t\t<\/div>\n\t\t<\/div>\n\t\t\t\t<div class=\"elementor-column elementor-col-50 elementor-top-column elementor-element elementor-element-881c5b0\" data-id=\"881c5b0\" data-element_type=\"column\">\n\t\t\t<div class=\"elementor-widget-wrap elementor-element-populated\">\n\t\t\t\t\t\t\t\t<div class=\"elementor-element elementor-element-121e906 elementor-invisible elementor-widget elementor-widget-text-editor\" data-id=\"121e906\" data-element_type=\"widget\" data-settings=\"{&quot;_animation&quot;:&quot;fadeInUp&quot;}\" data-widget_type=\"text-editor.default\">\n\t\t\t\t<div class=\"elementor-widget-container\">\n\t\t\t\t\t\t\t<p><strong>Syneval <\/strong>s\u2019engage \u00e0 suivre le bon fonctionnement de la gestion de l\u2019immeuble aupr\u00e8s du conseil syndical durant 5 ans apr\u00e8s la livraison, assurant ainsi une gestion de copropri\u00e9t\u00e9 de qualit\u00e9.<\/p><p>Nous accompagnons fi\u00e8rement 47 promoteurs dans cette d\u00e9marche, qui va au-del\u00e0 de la simple prestation.<\/p><p>Nous nous engageons \u00e0 simplifier cette \u00e9tape cruciale, permettant aux promoteurs de se concentrer sur la r\u00e9ussite globale de leurs projets et d\u2019assurer la satisfaction des acqu\u00e9reurs.<\/p>\t\t\t\t\t\t<\/div>\n\t\t\t\t<\/div>\n\t\t\t\t\t<\/div>\n\t\t<\/div>\n\t\t\t\t\t\t\t<\/div>\n\t\t<\/section>\n\t\t\t\t<section class=\"elementor-section elementor-top-section elementor-element elementor-element-0fb1dda elementor-section-boxed elementor-section-height-default elementor-section-height-default elementor-invisible\" data-id=\"0fb1dda\" data-element_type=\"section\" data-settings=\"{&quot;animation&quot;:&quot;fadeInUp&quot;}\">\n\t\t\t\t\t\t<div class=\"elementor-container elementor-column-gap-default\">\n\t\t\t\t\t<div class=\"elementor-column elementor-col-50 elementor-top-column elementor-element elementor-element-8f7e668\" data-id=\"8f7e668\" data-element_type=\"column\">\n\t\t\t<div class=\"elementor-widget-wrap elementor-element-populated\">\n\t\t\t\t\t\t\t\t<div class=\"elementor-element elementor-element-511888b elementor-widget elementor-widget-text-editor\" data-id=\"511888b\" data-element_type=\"widget\" data-widget_type=\"text-editor.default\">\n\t\t\t\t<div class=\"elementor-widget-container\">\n\t\t\t\t\t\t\t<p><u><b>Cette prestation vous garantit :<\/b><\/u><\/p><p><strong>Un gain de temps consid\u00e9rable :<\/strong> Main dans la main avec le promoteur, nous r\u00e9pondons \u00e0 toutes les interrogations des acqu\u00e9reurs qui pourraient surgir lors de la premi\u00e8re assembl\u00e9e g\u00e9n\u00e9rale. Cela permet d&rsquo;anticiper les potentielles probl\u00e9matiques et d&rsquo;offrir une exp\u00e9rience plus rassurante aux futurs copropri\u00e9taires.<\/p><p><strong>Un r\u00e9elle implication des copropri\u00e9taires :<\/strong> En incluant les acqu\u00e9reurs dans le choix du syndic provisoire, nous mettons en avant l&rsquo;autonomie de la copropri\u00e9t\u00e9, favorisant ainsi une d\u00e9cision collective et en phase avec les besoins des membres.<\/p><p><strong>Un processus transparent :<\/strong> Notre approche transparente garantit une communication claire tout au long du processus, \u00e9liminant ainsi toute ambigu\u00eft\u00e9 et favorisant une compr\u00e9hension mutuelle entre <b>Syneval,<\/b> le promoteur et les futurs copropri\u00e9taires.<\/p><p><strong>Une expertise personnalis\u00e9e :<\/strong> Nous fournissons une expertise personnalis\u00e9e, assurant ainsi une gestion en ad\u00e9quation avec les caract\u00e9ristiques uniques de chaque propri\u00e9t\u00e9.<\/p>\t\t\t\t\t\t<\/div>\n\t\t\t\t<\/div>\n\t\t\t\t\t<\/div>\n\t\t<\/div>\n\t\t\t\t<div class=\"elementor-column elementor-col-50 elementor-top-column elementor-element elementor-element-7f5909b\" data-id=\"7f5909b\" data-element_type=\"column\">\n\t\t\t<div class=\"elementor-widget-wrap elementor-element-populated\">\n\t\t\t\t\t\t\t\t<div class=\"elementor-element elementor-element-1241f2a elementor-widget elementor-widget-image\" data-id=\"1241f2a\" data-element_type=\"widget\" data-widget_type=\"image.default\">\n\t\t\t\t<div class=\"elementor-widget-container\">\n\t\t\t\t\t\t\t\t\t\t\t\t\t\t\t<img decoding=\"async\" width=\"446\" height=\"802\" src=\"https:\/\/preprod.syneval.com\/preprod\/wp-content\/uploads\/2023\/10\/programme.png\" class=\"attachment-large size-large wp-image-13784\" alt=\"programme neuf immobilier - Courtier en syndic\" srcset=\"https:\/\/preprod.syneval.com\/preprod\/wp-content\/uploads\/2023\/10\/programme.png 446w, https:\/\/preprod.syneval.com\/preprod\/wp-content\/uploads\/2023\/10\/programme-167x300.png 167w\" sizes=\"100vw\" \/>\t\t\t\t\t\t\t\t\t\t\t\t\t\t\t<\/div>\n\t\t\t\t<\/div>\n\t\t\t\t\t<\/div>\n\t\t<\/div>\n\t\t\t\t\t\t\t<\/div>\n\t\t<\/section>\n\t\t\t\t<section class=\"elementor-section elementor-top-section elementor-element elementor-element-c100755 elementor-section-boxed elementor-section-height-default elementor-section-height-default\" data-id=\"c100755\" data-element_type=\"section\">\n\t\t\t\t\t\t<div class=\"elementor-container elementor-column-gap-default\">\n\t\t\t\t\t<div class=\"elementor-column elementor-col-100 elementor-top-column elementor-element elementor-element-752eaec\" data-id=\"752eaec\" data-element_type=\"column\">\n\t\t\t<div class=\"elementor-widget-wrap elementor-element-populated\">\n\t\t\t\t\t\t\t\t<div class=\"elementor-element elementor-element-21845b6 elementor-align-center elementor-widget elementor-widget-button\" data-id=\"21845b6\" data-element_type=\"widget\" data-widget_type=\"button.default\">\n\t\t\t\t<div class=\"elementor-widget-container\">\n\t\t\t\t\t<div class=\"elementor-button-wrapper\">\n\t\t\t<a class=\"elementor-button elementor-button-link elementor-size-md\" href=\"https:\/\/preprod.syneval.com\/preprod\/contacts\/\">\n\t\t\t\t\t\t<span class=\"elementor-button-content-wrapper\">\n\t\t\t\t\t\t<span class=\"elementor-button-text\">Trouvez votre syndic provisoire avec nous<\/span>\n\t\t<\/span>\n\t\t\t\t\t<\/a>\n\t\t<\/div>\n\t\t\t\t<\/div>\n\t\t\t\t<\/div>\n\t\t\t\t<div class=\"elementor-element elementor-element-517b085 elementor-widget elementor-widget-spacer\" data-id=\"517b085\" data-element_type=\"widget\" data-widget_type=\"spacer.default\">\n\t\t\t\t<div class=\"elementor-widget-container\">\n\t\t\t<style>\/*! elementor - v3.18.0 - 20-12-2023 *\/\n.elementor-column .elementor-spacer-inner{height:var(--spacer-size)}.e-con{--container-widget-width:100%}.e-con-inner>.elementor-widget-spacer,.e-con>.elementor-widget-spacer{width:var(--container-widget-width,var(--spacer-size));--align-self:var(--container-widget-align-self,initial);--flex-shrink:0}.e-con-inner>.elementor-widget-spacer>.elementor-widget-container,.e-con>.elementor-widget-spacer>.elementor-widget-container{height:100%;width:100%}.e-con-inner>.elementor-widget-spacer>.elementor-widget-container>.elementor-spacer,.e-con>.elementor-widget-spacer>.elementor-widget-container>.elementor-spacer{height:100%}.e-con-inner>.elementor-widget-spacer>.elementor-widget-container>.elementor-spacer>.elementor-spacer-inner,.e-con>.elementor-widget-spacer>.elementor-widget-container>.elementor-spacer>.elementor-spacer-inner{height:var(--container-widget-height,var(--spacer-size))}.e-con-inner>.elementor-widget-spacer.elementor-widget-empty,.e-con>.elementor-widget-spacer.elementor-widget-empty{position:relative;min-height:22px;min-width:22px}.e-con-inner>.elementor-widget-spacer.elementor-widget-empty .elementor-widget-empty-icon,.e-con>.elementor-widget-spacer.elementor-widget-empty .elementor-widget-empty-icon{position:absolute;top:0;bottom:0;left:0;right:0;margin:auto;padding:0;width:22px;height:22px}<\/style>\t\t<div class=\"elementor-spacer\">\n\t\t\t<div class=\"elementor-spacer-inner\"><\/div>\n\t\t<\/div>\n\t\t\t\t<\/div>\n\t\t\t\t<\/div>\n\t\t\t\t\t<\/div>\n\t\t<\/div>\n\t\t\t\t\t\t\t<\/div>\n\t\t<\/section>\n\t\t\t\t\t\t\t<\/div>\n\t\t","protected":false},"excerpt":{"rendered":"<p>Chez Syneval, nous sommes fiers d\u2019\u00eatre le partenaire de confiance des promoteurs immobiliers et de faire de vos mises en copropri\u00e9t\u00e9 d\u2019immeubles en Vente En l\u2019\u00e9tat Futur d\u2019Ach\u00e8vement un succ\u00e8s. \u00c0 l\u2019approche des livraisons, les interrogations affluent au sein des copropri\u00e9t\u00e9s et les attentes sont de plus en plus importantes. De plus, votre planning est &hellip; <\/p>\n<p class=\"link-more\"><a href=\"https:\/\/preprod.syneval.com\/preprod\/immobilier-neuf\/\" class=\"more-link\">Lire la suite de<span class=\"screen-reader-text\">\u00ab\u00a0Immobilier neuf &#8211; Notre prestation Syneval\u00a0\u00bb<\/span><\/a><\/p>\n","protected":false},"author":1,"featured_media":0,"parent":0,"menu_order":0,"comment_status":"closed","ping_status":"closed","template":"","meta":{"footnotes":""},"class_list":["post-14632","page","type-page","status-publish","hentry"],"_links":{"self":[{"href":"https:\/\/preprod.syneval.com\/preprod\/wp-json\/wp\/v2\/pages\/14632","targetHints":{"allow":["GET"]}}],"collection":[{"href":"https:\/\/preprod.syneval.com\/preprod\/wp-json\/wp\/v2\/pages"}],"about":[{"href":"https:\/\/preprod.syneval.com\/preprod\/wp-json\/wp\/v2\/types\/page"}],"author":[{"embeddable":true,"href":"https:\/\/preprod.syneval.com\/preprod\/wp-json\/wp\/v2\/users\/1"}],"replies":[{"embeddable":true,"href":"https:\/\/preprod.syneval.com\/preprod\/wp-json\/wp\/v2\/comments?post=14632"}],"version-history":[{"count":109,"href":"https:\/\/preprod.syneval.com\/preprod\/wp-json\/wp\/v2\/pages\/14632\/revisions"}],"predecessor-version":[{"id":15432,"href":"https:\/\/preprod.syneval.com\/preprod\/wp-json\/wp\/v2\/pages\/14632\/revisions\/15432"}],"wp:attachment":[{"href":"https:\/\/preprod.syneval.com\/preprod\/wp-json\/wp\/v2\/media?parent=14632"}],"curies":[{"name":"wp","href":"https:\/\/api.w.org\/{rel}","templated":true}]}}